{"id":5243,"date":"2016-09-10T06:55:04","date_gmt":"2016-09-10T04:55:04","guid":{"rendered":"http:\/\/localhost\/tv-koenigswinter\/?page_id=5243"},"modified":"2025-03-21T17:17:10","modified_gmt":"2025-03-21T16:17:10","slug":"home","status":"publish","type":"page","link":"https:\/\/www.koenigswinter-cognac.de\/","title":{"rendered":"Home"},"content":{"rendered":"<div class='dt-sc-hr-invisible-large  '><\/div><div  class='fullwidth-section  ' >\t<div class=\"container\"><div class=\"dt-sc-hr-border\"><\/div><div class='border-title aligncenter'><h2>Neuigkeiten<span>Aktuelles<\/span><\/h2><\/div><div  id = 'column_data' class='column dt-sc-two-third  space first'  ><div class='dt-sc-hr-invisible-small  '><\/div><div class=\"blog-entry-posts\"><div class=\"column dt-sc-one-third first\"><article id=\"post-70373\" class=\"blog-entry post-70373 post type-post status-publish format-standard has-post-thumbnail hentry category-neuigkeiten\"><div class=\"blog-entry-inner\"><div class=\"entry-thumb\"><a href=\"https:\/\/www.koenigswinter-cognac.de\/index.php\/geplante-ankunft-der-cognacer-mittwoch-22-04-2026-gegen-18-uhr-stand-11-04-2026\/\" title=\"22. bis 27. April 2026: Besuch aus Cognac &#8211; Erfahrungen\"><img loading=\"lazy\" decoding=\"async\" width=\"420\" height=\"261\" src=\"https:\/\/www.koenigswinter-cognac.de\/wp-content\/uploads\/2026\/04\/202604_Besuch_aus_Cognac-420x261.jpg\" class=\"attachment-blog-threecol size-blog-threecol wp-post-image\" alt=\"\" title=\"22. bis 27. April 2026: Besuch aus Cognac &#8211; Erfahrungen\" \/><div class=\"blog-overlay\"><span class=\"image-overlay-inside\"><\/span><\/div><\/a><\/div><div class=\"entry-meta\"><div class=\"date\">28 Apr. 2026<\/div><\/div><div class=\"entry-title\"><h4><a href=\"https:\/\/www.koenigswinter-cognac.de\/index.php\/geplante-ankunft-der-cognacer-mittwoch-22-04-2026-gegen-18-uhr-stand-11-04-2026\/\">22. bis 27. April 2026: Besuch aus Cognac &#8211; Erfahrungen<\/a><\/h4><\/div><div class=\"entry-body\"><p>Die Zeit ist verflogen &#8211; und wir haben jede Menge erlebt.\nLe temps a file &#8211; mais l&#8217;amiti\u00e9...<\/p><div class=\"entry-metadata\">by <a href=\"https:\/\/www.koenigswinter-cognac.de\/index.php\/author\/kwcognac\/\">PV K\u00f6nigswinter - Cognac<\/a> \/ <a href=\"https:\/\/www.koenigswinter-cognac.de\/index.php\/category\/neuigkeiten\/\" title=\"View all posts in Neuigkeiten\">Neuigkeiten<\/a> \/ <a href=\"https:\/\/www.koenigswinter-cognac.de\/index.php\/geplante-ankunft-der-cognacer-mittwoch-22-04-2026-gegen-18-uhr-stand-11-04-2026\/\/#comments\">No Comments<\/a><\/div><\/div><\/div><\/article><\/div><div class=\"column dt-sc-one-third\"><article id=\"post-70381\" class=\"blog-entry post-70381 post type-post status-publish format-standard has-post-thumbnail hentry category-163 category-neuigkeiten\"><div class=\"blog-entry-inner\"><div class=\"entry-thumb\"><a href=\"https:\/\/www.koenigswinter-cognac.de\/index.php\/besuch-aus-cognac-2026\/\" title=\"Besuch aus Cognac 2026\"><img loading=\"lazy\" decoding=\"async\" width=\"420\" height=\"261\" src=\"https:\/\/www.koenigswinter-cognac.de\/wp-content\/uploads\/2023\/04\/Schild-Petanque-1-730-420x261.jpg\" class=\"attachment-blog-threecol size-blog-threecol wp-post-image\" alt=\"\" title=\"Besuch aus Cognac 2026\" \/><div class=\"blog-overlay\"><span class=\"image-overlay-inside\"><\/span><\/div><\/a><\/div><div class=\"entry-meta\"><div class=\"date\">27 Apr. 2026<\/div><\/div><div class=\"entry-title\"><h4><a href=\"https:\/\/www.koenigswinter-cognac.de\/index.php\/besuch-aus-cognac-2026\/\">Besuch aus Cognac 2026<\/a><\/h4><\/div><div class=\"entry-body\"><p>Wieder einmal gab es in K\u00f6nigswinter Besuch aus der Partnerstadt Cognac : wie nahezu jedes zweite Jahr...<\/p><div class=\"entry-metadata\">by <a href=\"https:\/\/www.koenigswinter-cognac.de\/index.php\/author\/kwcognac\/\">PV K\u00f6nigswinter - Cognac<\/a> \/ <a href=\"https:\/\/www.koenigswinter-cognac.de\/index.php\/category\/2026\/\" title=\"View all posts in 2026\">2026<\/a>, <a href=\"https:\/\/www.koenigswinter-cognac.de\/index.php\/category\/neuigkeiten\/\" title=\"View all posts in Neuigkeiten\">Neuigkeiten<\/a> \/ <a href=\"https:\/\/www.koenigswinter-cognac.de\/index.php\/besuch-aus-cognac-2026\/\/#comments\">No Comments<\/a><\/div><\/div><\/div><\/article><\/div><div class=\"column dt-sc-one-third\"><article id=\"post-70358\" class=\"blog-entry post-70358 post type-post status-publish format-standard has-post-thumbnail hentry category-163 category-neuigkeiten\"><div class=\"blog-entry-inner\"><div class=\"entry-thumb\"><a href=\"https:\/\/www.koenigswinter-cognac.de\/index.php\/ein-fest-des-ehrenamts-der-ehrenamtstag-in-koenigswinter\/\" title=\"Ein Fest des Ehrenamts &#8211; Der Ehrenamtstag in K\u00f6nigswinter\"><img loading=\"lazy\" decoding=\"async\" width=\"420\" height=\"261\" src=\"https:\/\/www.koenigswinter-cognac.de\/wp-content\/uploads\/2026\/03\/Ehrenamtstag-2026-730-420x261.jpg\" class=\"attachment-blog-threecol size-blog-threecol wp-post-image\" alt=\"\" title=\"Ein Fest des Ehrenamts &#8211; Der Ehrenamtstag in K\u00f6nigswinter\" \/><div class=\"blog-overlay\"><span class=\"image-overlay-inside\"><\/span><\/div><\/a><\/div><div class=\"entry-meta\"><div class=\"date\">15 M\u00e4rz 2026<\/div><\/div><div class=\"entry-title\"><h4><a href=\"https:\/\/www.koenigswinter-cognac.de\/index.php\/ein-fest-des-ehrenamts-der-ehrenamtstag-in-koenigswinter\/\">Ein Fest des Ehrenamts &#8211; Der Ehrenamtstag in K\u00f6nigswinter<\/a><\/h4><\/div><div class=\"entry-body\"><p>Was f\u00fcr ein inspirierender Tag auf dem Markt der M\u00f6glichkeiten. Heute feiert K\u00f6nigswinter das Ehrenamt und wir,...<\/p><div class=\"entry-metadata\">by <a href=\"https:\/\/www.koenigswinter-cognac.de\/index.php\/author\/kwcognac\/\">PV K\u00f6nigswinter - Cognac<\/a> \/ <a href=\"https:\/\/www.koenigswinter-cognac.de\/index.php\/category\/2026\/\" title=\"View all posts in 2026\">2026<\/a>, <a href=\"https:\/\/www.koenigswinter-cognac.de\/index.php\/category\/neuigkeiten\/\" title=\"View all posts in Neuigkeiten\">Neuigkeiten<\/a> \/ <a href=\"https:\/\/www.koenigswinter-cognac.de\/index.php\/ein-fest-des-ehrenamts-der-ehrenamtstag-in-koenigswinter\/\/#comments\">No Comments<\/a><\/div><\/div><\/div><\/article><\/div><div class=\"column dt-sc-one-third first\"><article id=\"post-70332\" class=\"blog-entry post-70332 post type-post status-publish format-standard has-post-thumbnail hentry category-163 category-neuigkeiten\"><div class=\"blog-entry-inner\"><div class=\"entry-thumb\"><a href=\"https:\/\/www.koenigswinter-cognac.de\/index.php\/interessante-kulturveranstaltungen-institute-francais-der-uni-bonn\/\" title=\"Interessante Kulturveranstaltungen des Institute Fran\u00e7ais der Uni Bonn\"><img loading=\"lazy\" decoding=\"async\" width=\"420\" height=\"261\" src=\"https:\/\/www.koenigswinter-cognac.de\/wp-content\/uploads\/2026\/01\/20260115-Institut-francais-420x261.jpg\" class=\"attachment-blog-threecol size-blog-threecol wp-post-image\" alt=\"\" title=\"Interessante Kulturveranstaltungen des Institute Fran\u00e7ais der Uni Bonn\" \/><div class=\"blog-overlay\"><span class=\"image-overlay-inside\"><\/span><\/div><\/a><\/div><div class=\"entry-meta\"><div class=\"date\">15 Jan. 2026<\/div><\/div><div class=\"entry-title\"><div class=\"featured-post\"><span>Featured<\/span><\/div><h4><a href=\"https:\/\/www.koenigswinter-cognac.de\/index.php\/interessante-kulturveranstaltungen-institute-francais-der-uni-bonn\/\">Interessante Kulturveranstaltungen des Institute Fran\u00e7ais der Uni Bonn<\/a><\/h4><\/div><div class=\"entry-body\"><p>Das Institute Fran\u00e7ais der Uni Bonn bietet diverse Kulturveranstaltungen an unter dem unten stehenden Link kann unter...<\/p><div class=\"entry-metadata\">by <a href=\"https:\/\/www.koenigswinter-cognac.de\/index.php\/author\/kwcognac\/\">PV K\u00f6nigswinter - Cognac<\/a> \/ <a href=\"https:\/\/www.koenigswinter-cognac.de\/index.php\/category\/2026\/\" title=\"View all posts in 2026\">2026<\/a>, <a href=\"https:\/\/www.koenigswinter-cognac.de\/index.php\/category\/neuigkeiten\/\" title=\"View all posts in Neuigkeiten\">Neuigkeiten<\/a> \/ <a href=\"https:\/\/www.koenigswinter-cognac.de\/index.php\/interessante-kulturveranstaltungen-institute-francais-der-uni-bonn\/\/#comments\">No Comments<\/a><\/div><\/div><\/div><\/article><\/div><div class=\"column dt-sc-one-third\"><article id=\"post-70329\" class=\"blog-entry post-70329 post type-post status-publish format-aside has-post-thumbnail hentry category-163 category-neuigkeiten post_format-post-format-aside\"><div class=\"blog-entry-inner\"><div class=\"entry-thumb\"><a href=\"https:\/\/www.koenigswinter-cognac.de\/index.php\/wie-im-richtigen-leben-christa-und-juergen-bueckmann-sind-das-koenigspaar-beim-galette-de-roi\/\" title=\"Wie im richtigen Leben: Christa und J\u00fcrgen B\u00fcckmann sind das K\u00f6nigspaar beim Galette de Rois\"><img loading=\"lazy\" decoding=\"async\" width=\"420\" height=\"261\" src=\"https:\/\/www.koenigswinter-cognac.de\/wp-content\/uploads\/2026\/01\/20260114-Galette-de-Rois-420x261.jpg\" class=\"attachment-blog-threecol size-blog-threecol wp-post-image\" alt=\"\" title=\"Wie im richtigen Leben: Christa und J\u00fcrgen B\u00fcckmann sind das K\u00f6nigspaar beim Galette de Rois\" \/><div class=\"blog-overlay\"><span class=\"image-overlay-inside\"><\/span><\/div><\/a><\/div><div class=\"entry-meta\"><div class=\"date\">15 Jan. 2026<\/div><\/div><div class=\"entry-title\"><h4><a href=\"https:\/\/www.koenigswinter-cognac.de\/index.php\/wie-im-richtigen-leben-christa-und-juergen-bueckmann-sind-das-koenigspaar-beim-galette-de-roi\/\">Wie im richtigen Leben: Christa und J\u00fcrgen B\u00fcckmann sind das K\u00f6nigspaar beim Galette de Rois<\/a><\/h4><\/div><div class=\"entry-body\"><p>Wenn das kein Zufall ist! Beim Galette de Rois nach der Jahreshauptversammlung des Partnerschaftsvereins hatten Christa und...<\/p><div class=\"entry-metadata\">by <a href=\"https:\/\/www.koenigswinter-cognac.de\/index.php\/author\/kwcognac\/\">PV K\u00f6nigswinter - Cognac<\/a> \/ <a href=\"https:\/\/www.koenigswinter-cognac.de\/index.php\/category\/2026\/\" title=\"View all posts in 2026\">2026<\/a>, <a href=\"https:\/\/www.koenigswinter-cognac.de\/index.php\/category\/neuigkeiten\/\" title=\"View all posts in Neuigkeiten\">Neuigkeiten<\/a> \/ <a href=\"https:\/\/www.koenigswinter-cognac.de\/index.php\/wie-im-richtigen-leben-christa-und-juergen-bueckmann-sind-das-koenigspaar-beim-galette-de-roi\/\/#comments\">No Comments<\/a><\/div><\/div><\/div><\/article><\/div><div class=\"column dt-sc-one-third\"><article id=\"post-70316\" class=\"blog-entry post-70316 post type-post status-publish format-aside has-post-thumbnail hentry category-163 category-neuigkeiten post_format-post-format-aside\"><div class=\"blog-entry-inner\"><div class=\"entry-thumb\"><a href=\"https:\/\/www.koenigswinter-cognac.de\/index.php\/nun-geht-es-in-die-andere-richtung-radtour-von-koenigswinter-nach-cognac\/\" title=\"Fahrradfernfahrt K\u00f6nigswinter &#8211; Cognac\"><img loading=\"lazy\" decoding=\"async\" width=\"420\" height=\"261\" src=\"https:\/\/www.koenigswinter-cognac.de\/wp-content\/uploads\/2026\/01\/20260115_Radtour_nach_Cognac-1-420x261.jpg\" class=\"attachment-blog-threecol size-blog-threecol wp-post-image\" alt=\"\" title=\"Fahrradfernfahrt K\u00f6nigswinter &#8211; Cognac\" \/><div class=\"blog-overlay\"><span class=\"image-overlay-inside\"><\/span><\/div><\/a><\/div><div class=\"entry-meta\"><div class=\"date\">15 Jan. 2026<\/div><\/div><div class=\"entry-title\"><h4><a href=\"https:\/\/www.koenigswinter-cognac.de\/index.php\/nun-geht-es-in-die-andere-richtung-radtour-von-koenigswinter-nach-cognac\/\">Fahrradfernfahrt K\u00f6nigswinter &#8211; Cognac<\/a><\/h4><\/div><div class=\"entry-body\"><p>Nachdem im Jahr 2014 Cognacer Radfahrer aus unserer Partnerstadt p\u00fcnktlich zum Winzerfest hier eintrafen, geht es nun...<\/p><div class=\"entry-metadata\">by <a href=\"https:\/\/www.koenigswinter-cognac.de\/index.php\/author\/kwcognac\/\">PV K\u00f6nigswinter - Cognac<\/a> \/ <a href=\"https:\/\/www.koenigswinter-cognac.de\/index.php\/category\/2026\/\" title=\"View all posts in 2026\">2026<\/a>, <a href=\"https:\/\/www.koenigswinter-cognac.de\/index.php\/category\/neuigkeiten\/\" title=\"View all posts in Neuigkeiten\">Neuigkeiten<\/a> \/ <a href=\"https:\/\/www.koenigswinter-cognac.de\/index.php\/nun-geht-es-in-die-andere-richtung-radtour-von-koenigswinter-nach-cognac\/\/#comments\">No Comments<\/a><\/div><\/div><\/div><\/article><\/div><\/div><\/div><div  class='column dt-sc-one-third  space '  ><div class='dt-sc-hr-invisible-small  '><\/div><div class=\"blog-entry-posts\"><div class=\"column dt-sc-one-column first\"><article id=\"post-7417\" class=\"blog-entry post-7417 post type-post status-publish format-link has-post-thumbnail hentry category-archiv post_format-post-format-link\"><div class=\"blog-entry-inner\"><div class=\"entry-thumb\"><a href=\"https:\/\/www.koenigswinter-cognac.de\/index.php\/weitere-informationen\/\" title=\"weitere Informationen &#8230;\"><img loading=\"lazy\" decoding=\"async\" width=\"547\" height=\"547\" src=\"https:\/\/www.koenigswinter-cognac.de\/wp-content\/uploads\/2018\/03\/Archiv-547.jpg\" class=\"attachment-blog-onecol size-blog-onecol wp-post-image\" alt=\"\" title=\"weitere Informationen &#8230;\" srcset=\"https:\/\/www.koenigswinter-cognac.de\/wp-content\/uploads\/2018\/03\/Archiv-547.jpg 547w, https:\/\/www.koenigswinter-cognac.de\/wp-content\/uploads\/2018\/03\/Archiv-547-150x150.jpg 150w, https:\/\/www.koenigswinter-cognac.de\/wp-content\/uploads\/2018\/03\/Archiv-547-300x300.jpg 300w\" sizes=\"auto, (max-width: 547px) 100vw, 547px\" \/><div class=\"blog-overlay\"><span class=\"image-overlay-inside\"><\/span><\/div><\/a><\/div><div class=\"entry-meta\"><div class=\"date\">11 M\u00e4rz 2018<\/div><\/div><div class=\"entry-title\"><h4><a href=\"https:\/\/www.koenigswinter-cognac.de\/index.php\/weitere-informationen\/\">weitere Informationen &#8230;<\/a><\/h4><\/div><div class=\"entry-body\"><p>&#8230; finden Sie hier &#8211;&gt; <a href=\"https:\/\/www.koenigswinter-cognac.de\/index.php\/berichte\/\">zum Archiv<\/a>\n<\/p><div class=\"entry-metadata\">by <a href=\"https:\/\/www.koenigswinter-cognac.de\/index.php\/author\/KWCognac1989\/\">PV K\u00f6nigswinter - Cognac<\/a> \/ <a href=\"https:\/\/www.koenigswinter-cognac.de\/index.php\/category\/archiv\/\" title=\"View all posts in Archiv\">Archiv<\/a> \/ <a href=\"https:\/\/www.koenigswinter-cognac.de\/index.php\/weitere-informationen\/\/#comments\">No Comments<\/a><\/div><\/div><\/div><\/article><\/div><\/div><\/div>\t<\/div><\/div><div  class='fullwidth-section skin-color dt-sc-parallax-section'  style=\"background-color:#0076b1;background-image:url(https:\/\/www.koenigswinter-cognac.de\/Wordpress-2018\/wp-content\/uploads\/2017\/12\/background-transparent.png);background-repeat:repeat;padding-top:60px;padding-bottom:60px;background-attachment:fixed; \">\t<div class=\"container\"><div  id = 'column_data' class='column dt-sc-one-third  space first'  ><div class='dt-sc-ico-content type8 '><div class='icon-holder'> <span class='icon icon-info'> <\/span> <\/div><h4><a href='https:\/\/www.koenigswinter-cognac.de\/wp-content\/uploads\/2025\/03\/20250320-Vorstellung-des-Vereins.pdf' target='_blank'> Vorstellung des Vereins <\/a><\/h4><a href=\"https:\/\/www.koenigswinter-cognac.de\/wp-content\/uploads\/2025\/03\/20250320-Vorstellung-des-Vereins.pdf\" title=\"Vorstellung des Vereins\" class=\"icon-btn\">Herunterladen<\/a><\/div><\/div><div  id = 'column_data' class='column dt-sc-one-third  space '  ><div class='dt-sc-ico-content type8 '><div class='icon-holder'> <span class='icon icon-user'> <\/span> <\/div><h4><a href='https:\/\/www.koenigswinter-cognac.de\/wp-content\/uploads\/2025\/03\/20250320-Beitrittserklaerung.pdf' target='_blank'> Beitrittserkl\u00e4rung <\/a><\/h4><a href=\"https:\/\/www.koenigswinter-cognac.de\/wp-content\/uploads\/2025\/03\/20250320-Beitrittserklaerung.pdf\" title=\"Beitrittserkl\u00e4rung\" class=\"icon-btn\">Herunterladen<\/a><\/div><\/div><div  id = 'column_data' class='column dt-sc-one-third  space '  ><div class='dt-sc-ico-content type8 '><div class='icon-holder'> <span class='icon icon-info'> <\/span> <\/div><h4><a href='https:\/\/www.koenigswinter-cognac.de\/wp-content\/uploads\/2018\/03\/20170419-Satzung-PV-K\u00f6nigswinter-Cognac.pdf' target='_blank'> Satzung <\/a><\/h4><a href=\"https:\/\/www.koenigswinter-cognac.de\/wp-content\/uploads\/2018\/03\/20170419-Satzung-PV-K\u00f6nigswinter-Cognac.pdf\" title=\"Satzung\" class=\"icon-btn\">Herunterladen<\/a><\/div><\/div>\t<\/div><\/div><div class='dt-sc-hr-invisible-medium  '><\/div>\n","protected":false},"excerpt":{"rendered":"<p>&#8230; finden Sie hier &#8211;&gt; <a href=\"https:\/\/www.koenigswinter-cognac.de\/index.php\/berichte\/\">zum Archiv<\/a><\/p>\n","protected":false},"author":1,"featured_media":0,"parent":0,"menu_order":1,"comment_status":"closed","ping_status":"closed","template":"tpl-home.php","meta":{"footnotes":""},"class_list":["post-5243","page","type-page","status-publish","hentry"],"_links":{"self":[{"href":"https:\/\/www.koenigswinter-cognac.de\/index.php\/wp-json\/wp\/v2\/pages\/5243","targetHints":{"allow":["GET"]}}],"collection":[{"href":"https:\/\/www.koenigswinter-cognac.de\/index.php\/wp-json\/wp\/v2\/pages"}],"about":[{"href":"https:\/\/www.koenigswinter-cognac.de\/index.php\/wp-json\/wp\/v2\/types\/page"}],"author":[{"embeddable":true,"href":"https:\/\/www.koenigswinter-cognac.de\/index.php\/wp-json\/wp\/v2\/users\/1"}],"replies":[{"embeddable":true,"href":"https:\/\/www.koenigswinter-cognac.de\/index.php\/wp-json\/wp\/v2\/comments?post=5243"}],"version-history":[{"count":230,"href":"https:\/\/www.koenigswinter-cognac.de\/index.php\/wp-json\/wp\/v2\/pages\/5243\/revisions"}],"predecessor-version":[{"id":70245,"href":"https:\/\/www.koenigswinter-cognac.de\/index.php\/wp-json\/wp\/v2\/pages\/5243\/revisions\/70245"}],"wp:attachment":[{"href":"https:\/\/www.koenigswinter-cognac.de\/index.php\/wp-json\/wp\/v2\/media?parent=5243"}],"curies":[{"name":"wp","href":"https:\/\/api.w.org\/{rel}","templated":true}]}}