{"id":6000,"date":"2017-11-19T19:06:24","date_gmt":"2017-11-19T18:06:24","guid":{"rendered":"http:\/\/www.koenigswinter-cognac.de\/Wordpress-2018\/wordpress\/?page_id=6000"},"modified":"2018-04-05T18:32:02","modified_gmt":"2018-04-05T16:32:02","slug":"der-verein","status":"publish","type":"page","link":"https:\/\/www.koenigswinter-cognac.de\/index.php\/der-verein\/","title":{"rendered":"Der Verein"},"content":{"rendered":"<div  class='fullwidth-section  ' >\t<div class=\"container\"><p><strong>Der Grundgedanke: F\u00f6rderung und Erhaltung der Partnerschaft zwischen K\u00f6nigswinter und Cognac, z. B. durch:<\/strong><\/p>\n<ul class='dt-sc-fancy-list   arrow'>\n<li>Pflege des Partnerschaftsgedankens und F\u00f6rderung der freundschaftlichen und v\u00f6lkerverbindenden Kontakte mit Cognac und seinen B\u00fcrgern<\/li>\n<li>\u00d6ffentlichkeitsarbeit im Sinne der Partnerschaft<\/li>\n<li>F\u00f6rderung von Austausch und Begegnungen in den Bereichen Arbeit, Kultur, Schule, Sport und Freizeit<\/li>\n<li>F\u00f6rderung des Sch\u00fcler- und Jugendaustauschs<\/li>\n<li>F\u00f6rderung von Kenntnissen in den beiden Partnersprachen<\/li>\n<\/ul>\n<p><span style=\"margin: 0px; color: #808080; font-family: 'Calibri',sans-serif;\"><span style=\"font-size: medium;\">Als zwischen den St\u00e4dten K\u00f6nigswinter und Cognac eine St\u00e4dtepartnerschaft abgeschlossen wurde &#8211; die Vertr\u00e4ge wurden am 27. Mai 1989 in K\u00f6nigswinter und am 11. Juni 1989 in Cognac unterzeichnet &#8211; trafen sich B\u00fcrger der Stadt K\u00f6nigswinter in der Absicht, einen Verein zu gr\u00fcnden, der sich die F\u00f6rderung und Erhaltung dieser Partnerschaft zum Ziel setzte. Schon wenig sp\u00e4ter, am 21. September 1989, fand die Gr\u00fcndungsversammlung des \u201eVereins zur F\u00f6rderung der Partnerschaft K\u00f6nigswinter &#8211; Cognac 1989 e.V.\u201c statt.<\/span><\/span><\/p>\n<p><span style=\"margin: 0px; color: #808080; font-family: 'Calibri',sans-serif;\"><span style=\"font-size: medium;\">Zur Erf\u00fcllung seiner Aufgaben strebt der Verein eine enge und vertrauensvolle Arbeit mit der Stadt K\u00f6nigswinter an und pflegt freundschaftliche Kontakte zu allen deutschen und franz\u00f6sischen Institutionen und Vereinen, die der Partnerschaft f\u00f6rderlich sind. Der Verein verfolgt ausschlie\u00dflich und unmittelbar gemeinn\u00fctzige Zwecke. Er ist von politischen Parteien und Religionsgemeinschaften unabh\u00e4ngig.<\/span><\/span><\/p>\n<p><span style=\"margin: 0px; color: #808080; font-family: 'Calibri',sans-serif; font-size: 12pt;\">Wir w\u00fcrden uns freuen, auch Sie als Mitglied unseres Vereins begr\u00fc\u00dfen zu k\u00f6nnen.<\/span><\/p>\n<ul class='dt-sc-fancy-list   link'>\n<li><a href=\"https:\/\/www.koenigswinter-cognac.de\/index.php\/der-verein\/vorstand\/\" target=\"_blank\" rel=\"noopener\">Vorstand<\/a><\/li>\n<\/ul>\t<\/div><\/div>\n","protected":false},"excerpt":{"rendered":"<p>\tDer Grundgedanke: F\u00f6rderung und Erhaltung der Partnerschaft zwischen K\u00f6nigswinter und Cognac, z. B. durch:<\/p>\n<p>Pflege des Partnerschaftsgedankens und F\u00f6rderung der freundschaftlichen und v\u00f6lkerverbindenden Kontakte mit Cognac und seinen B\u00fcrgern<br \/>\n\u00d6ffentlichkeitsarbeit im Sinne der Partnerschaft<br \/>\nF\u00f6rderung von Austausch und Begegnungen in den Bereichen Arbeit, Kultur, Schule, Sport und Freizeit<br \/>\nF\u00f6rderung des Sch\u00fcler- und Jugendaustauschs<br \/>\nF\u00f6rderung von Kenntnissen in den beiden Partnersprachen<\/p>\n<p>Als zwischen den St\u00e4dten K\u00f6nigswinter und Cognac eine St\u00e4dtepartnerschaft abgeschlossen wurde &#8211; die Vertr\u00e4ge wurden am 27. Mai 1989 in K\u00f6nigswinter und am 11. Juni 1989 in Cognac unterzeichnet &#8211; trafen sich B\u00fcrger der Stadt K\u00f6nigswinter in der Absicht, einen Verein zu gr\u00fcnden, der sich die F\u00f6rderung und Erhaltung dieser Partnerschaft zum Ziel setzte. Schon wenig sp\u00e4ter, am 21. September 1989, fand die Gr\u00fcndungsversammlung des \u201eVereins zur F\u00f6rderung der Partnerschaft K\u00f6nigswinter &#8211; Cognac 1989 e.V.\u201c statt.<br \/>\nZur Erf\u00fcllung seiner Aufgaben strebt der Verein eine enge und vertrauensvolle Arbeit mit der Stadt K\u00f6nigswinter an und pflegt freundschaftliche Kontakte zu allen deutschen und franz\u00f6sischen Institutionen und Vereinen, die der Partnerschaft f\u00f6rderlich sind. Der Verein verfolgt ausschlie\u00dflich und unmittelbar gemeinn\u00fctzige Zwecke. Er ist von politischen Parteien und Religionsgemeinschaften unabh\u00e4ngig.<br \/>\nWir w\u00fcrden uns freuen, auch Sie als Mitglied unseres Vereins begr\u00fc\u00dfen zu k\u00f6nnen.<\/p>\n<p><a href=\"https:\/\/www.koenigswinter-cognac.de\/index.php\/der-verein\/vorstand\/\" target=\"_blank\" rel=\"noopener\">Vorstand<\/a><\/p>\n","protected":false},"author":1,"featured_media":0,"parent":0,"menu_order":4,"comment_status":"closed","ping_status":"closed","template":"","meta":{"footnotes":""},"class_list":["post-6000","page","type-page","status-publish","hentry"],"_links":{"self":[{"href":"https:\/\/www.koenigswinter-cognac.de\/index.php\/wp-json\/wp\/v2\/pages\/6000","targetHints":{"allow":["GET"]}}],"collection":[{"href":"https:\/\/www.koenigswinter-cognac.de\/index.php\/wp-json\/wp\/v2\/pages"}],"about":[{"href":"https:\/\/www.koenigswinter-cognac.de\/index.php\/wp-json\/wp\/v2\/types\/page"}],"author":[{"embeddable":true,"href":"https:\/\/www.koenigswinter-cognac.de\/index.php\/wp-json\/wp\/v2\/users\/1"}],"replies":[{"embeddable":true,"href":"https:\/\/www.koenigswinter-cognac.de\/index.php\/wp-json\/wp\/v2\/comments?post=6000"}],"version-history":[{"count":37,"href":"https:\/\/www.koenigswinter-cognac.de\/index.php\/wp-json\/wp\/v2\/pages\/6000\/revisions"}],"predecessor-version":[{"id":7848,"href":"https:\/\/www.koenigswinter-cognac.de\/index.php\/wp-json\/wp\/v2\/pages\/6000\/revisions\/7848"}],"wp:attachment":[{"href":"https:\/\/www.koenigswinter-cognac.de\/index.php\/wp-json\/wp\/v2\/media?parent=6000"}],"curies":[{"name":"wp","href":"https:\/\/api.w.org\/{rel}","templated":true}]}}