{"id":6281,"date":"2017-12-03T19:53:12","date_gmt":"2017-12-03T18:53:12","guid":{"rendered":"http:\/\/www.koenigswinter-cognac.de\/Wordpress-2018\/wordpress\/?page_id=6281"},"modified":"2026-01-21T17:43:47","modified_gmt":"2026-01-21T16:43:47","slug":"termine","status":"publish","type":"page","link":"https:\/\/www.koenigswinter-cognac.de\/index.php\/termine\/","title":{"rendered":"Termine"},"content":{"rendered":"<div  class='fullwidth-section  ' >\t<div class=\"container\"><div  class='column dt-sc-one-half  space first'  ><\/div><div  class='column dt-sc-one-half  space '  ><\/div><div  id = 'column_data' class='column dt-sc-one-half  space first'  ><\/div><div  class='column dt-sc-one-half  space '  ><\/div><div class=\"dt-sc-hr-border\"><\/div><div  id = 'column_data' class='column dt-sc-one-half  space first'  ><p><strong>Naig Rozmor &#8211; ein bretonisches Leben<\/strong><\/p>\n<div class='dt-sc-contact-info address type1'><p><i class='fa fa-rocket'><\/i>Kunstforum Palastweiher<br>Winzerstra\u00dfe 7<br>53639 K\u00f6nigswinter<\/p><\/div><div class='dt-sc-contact-info type1'><p><i class='fa fa-clock-o'><\/i>Freitag, 30. Januar 2026<br>19 bis 21 Uhr<\/p><\/div><\/div><div  id = 'column_data' class='column dt-sc-one-half  space '  ><p><span style=\"display: inline !important; float: none; background-color: transparent; color: #333333; cursor: text; font-family: 'Noto Serif',serif; font-size: 17px; font-style: normal; font-variant: normal; font-weight: 400; letter-spacing: normal; orphans: 2; text-align: left; text-decoration: none; text-indent: 0px; text-transform: none; -webkit-text-stroke-width: 0px; white-space: normal; word-spacing: 0px;\"><script type=\"text\/javascript\">\r\n    jQuery(document).ready(function($) {\r\n        \/\/ the div that will contain the map\r\n        var mapdiv = jQuery(\"#responsive_map_1277115001\"); \r\n        \/\/ markers should be clustered?\r\n        var clustering = \"no\"; \r\n        \/\/ Create the map in the div \r\n        mapdiv.gMapResp({\r\n            maptype: google.maps.MapTypeId.ROADMAP,\r\n            log: false,\r\n            zoom: 13,\r\n            markers: [{\r\n                        address: 'K\u00f6nigswinter, Winzerstra\u00dfe 7', \r\n                        key: '1',html:'Kunstforum Palastweiher<br><strong><a target=\\'_blank\\' href=\\'http:\/\/maps.google.com\/?daddr=K%C3%B6nigswinter%2C+Winzerstra%C3%9Fe+7\\'>Navigieren<\/a><\/strong>',\r\n                        popup: false,\r\n                        flat: true,\r\n                        icon: {\r\n                            image: 'https:\/\/www.koenigswinter-cognac.de\/wp-content\/plugins\/responsive-maps-plugin\/includes\/icons\/red.png'}}],\r\n            panControl: false,\r\n            zoomControl: false,\r\n            draggable: true,\r\n            scrollwheel: false,\r\n            mapTypeControl: false,\r\n            scaleControl: false,\r\n            streetViewControl: false,\r\n            overviewMapControl: true,\r\n            styles: [{\"stylers\":[{\"featureType\":\"all\"}]}],\r\n            latitude: null,\r\n            longitude: null,\r\n            onComplete: function() {\r\n                var gmap = mapdiv.data('gmap').gmap;\r\n                if (clustering.length  != 0 && clustering == \"yes\") {\r\n                    var markerCluster = new MarkerClusterer(gmap, mapdiv.data('gmap').markers, {imagePath: 'https:\/\/www.koenigswinter-cognac.de\/wp-content\/plugins\/responsive-maps-plugin\/includes\/img\/m'});\r\n                }\r\n            }\r\n        });\r\n    gmap = mapdiv.data('gmap').gmap;\r\n        resmap_fixDisplayInTabs(mapdiv, false);\r\n    });\r\n        window.onresize = function() {\r\n        jQuery('.responsive-map').each(function(i, obj) {\r\n            data = jQuery(this).data('gmap');\r\n            if (data) {\r\n                var gmap = data.gmap;\r\n                google.maps.event.trigger(gmap, 'resize');\r\n                jQuery(this).gMapResp('fixAfterResize');\r\n            }\r\n        });\r\n    };\r\n    <\/script>\r\n  <div id=\"responsive_map_1277115001\" class=\"responsive-map\" style=\"height:150px;width:100%;\"><\/div><\/span><\/p><\/div><div class=\"dt-sc-hr-border\"><\/div><div  id = 'column_data' class='column dt-sc-one-half  space first'  ><p><strong>La F\u00eate du Court Metrage<\/strong><\/p>\n<p>Franz\u00f6sische Filme mit deutschen Untertiteln<\/p>\n<div class='dt-sc-contact-info address type1'><p><i class='fa fa-rocket'><\/i>Kultur- und Bildungszentrum Mosaik<br>(fr\u00fchere Paul Moor Schule)<br>Boserother Stra\u00dfe 74<br>53639 K\u00f6nigswinter (Oberpleis)<\/p><\/div><div class='dt-sc-contact-info type1'><p><i class='fa fa-clock-o'><\/i>Sonntag, 29. M\u00e4rz 2026<br>17 bis 19 Uhr<\/p><\/div><\/div><div  id = 'column_data' class='column dt-sc-one-half  space '  ><p><span style=\"display: inline !important; float: none; background-color: transparent; color: #333333; cursor: text; font-family: 'Noto Serif',serif; font-size: 17px; font-style: normal; font-variant: normal; font-weight: 400; letter-spacing: normal; orphans: 2; text-align: left; text-decoration: none; text-indent: 0px; text-transform: none; -webkit-text-stroke-width: 0px; white-space: normal; word-spacing: 0px;\"><script type=\"text\/javascript\">\r\n    jQuery(document).ready(function($) {\r\n        \/\/ the div that will contain the map\r\n        var mapdiv = jQuery(\"#responsive_map_1261689119\"); \r\n        \/\/ markers should be clustered?\r\n        var clustering = \"no\"; \r\n        \/\/ Create the map in the div \r\n        mapdiv.gMapResp({\r\n            maptype: google.maps.MapTypeId.ROADMAP,\r\n            log: false,\r\n            zoom: 13,\r\n            markers: [{\r\n                        address: 'K\u00f6nigswinter, Boserother Stra\u00dfe 74', \r\n                        key: '1',html:'Mosaik<br><strong><a target=\\'_blank\\' href=\\'http:\/\/maps.google.com\/?daddr=K%C3%B6nigswinter%2C+Boserother+Stra%C3%9Fe+74\\'>Navigieren<\/a><\/strong>',\r\n                        popup: false,\r\n                        flat: true,\r\n                        icon: {\r\n                            image: 'https:\/\/www.koenigswinter-cognac.de\/wp-content\/plugins\/responsive-maps-plugin\/includes\/icons\/red.png'}}],\r\n            panControl: false,\r\n            zoomControl: false,\r\n            draggable: true,\r\n            scrollwheel: false,\r\n            mapTypeControl: false,\r\n            scaleControl: false,\r\n            streetViewControl: false,\r\n            overviewMapControl: true,\r\n            styles: [{\"stylers\":[{\"featureType\":\"all\"}]}],\r\n            latitude: null,\r\n            longitude: null,\r\n            onComplete: function() {\r\n                var gmap = mapdiv.data('gmap').gmap;\r\n                if (clustering.length  != 0 && clustering == \"yes\") {\r\n                    var markerCluster = new MarkerClusterer(gmap, mapdiv.data('gmap').markers, {imagePath: 'https:\/\/www.koenigswinter-cognac.de\/wp-content\/plugins\/responsive-maps-plugin\/includes\/img\/m'});\r\n                }\r\n            }\r\n        });\r\n    gmap = mapdiv.data('gmap').gmap;\r\n        resmap_fixDisplayInTabs(mapdiv, false);\r\n    });\r\n        window.onresize = function() {\r\n        jQuery('.responsive-map').each(function(i, obj) {\r\n            data = jQuery(this).data('gmap');\r\n            if (data) {\r\n                var gmap = data.gmap;\r\n                google.maps.event.trigger(gmap, 'resize');\r\n                jQuery(this).gMapResp('fixAfterResize');\r\n            }\r\n        });\r\n    };\r\n    <\/script>\r\n  <div id=\"responsive_map_1261689119\" class=\"responsive-map\" style=\"height:150px;width:100%;\"><\/div><\/span><\/p><\/div><div class=\"dt-sc-hr-border\"><\/div>\t<\/div><\/div><div  id = 'column_data' class='column dt-sc-one-half  space first'  ><p><strong>Besuch der Cognacer in K\u00f6nigswinter<\/strong><\/p>\n<p><div class='dt-sc-contact-info type1'><p><i class='fa fa-clock-o'><\/i>Ankunft: Mittwoch, 22.April 2026<br>R\u00fcckfahrt: Montag, 27. April 2026<\/p><\/div><\/div><div  id = 'column_data' class='column dt-sc-one-half  space '  ><p><span style=\"display: inline !important; float: none; background-color: transparent; color: #333333; cursor: text; font-family: 'Noto Serif',serif; font-size: 17px; font-style: normal; font-variant: normal; font-weight: 400; letter-spacing: normal; orphans: 2; text-align: left; text-decoration: none; text-indent: 0px; text-transform: none; -webkit-text-stroke-width: 0px; white-space: normal; word-spacing: 0px;\"><script type=\"text\/javascript\">\r\n    jQuery(document).ready(function($) {\r\n        \/\/ the div that will contain the map\r\n        var mapdiv = jQuery(\"#responsive_map_1162258300\"); \r\n        \/\/ markers should be clustered?\r\n        var clustering = \"no\"; \r\n        \/\/ Create the map in the div \r\n        mapdiv.gMapResp({\r\n            maptype: google.maps.MapTypeId.ROADMAP,\r\n            log: false,\r\n            zoom: 13,\r\n            markers: [{\r\n                        address: 'Cognac, France', \r\n                        key: '1',html:'Cognac<br><strong><a target=\\'_blank\\' href=\\'http:\/\/maps.google.com\/?daddr=Cognac%2C+France\\'>Navigieren<\/a><\/strong>',\r\n                        popup: false,\r\n                        flat: true,\r\n                        icon: {\r\n                            image: 'https:\/\/www.koenigswinter-cognac.de\/wp-content\/plugins\/responsive-maps-plugin\/includes\/icons\/red.png'}}],\r\n            panControl: false,\r\n            zoomControl: false,\r\n            draggable: true,\r\n            scrollwheel: false,\r\n            mapTypeControl: false,\r\n            scaleControl: false,\r\n            streetViewControl: false,\r\n            overviewMapControl: true,\r\n            styles: [{\"stylers\":[{\"featureType\":\"all\"}]}],\r\n            latitude: null,\r\n            longitude: null,\r\n            onComplete: function() {\r\n                var gmap = mapdiv.data('gmap').gmap;\r\n                if (clustering.length  != 0 && clustering == \"yes\") {\r\n                    var markerCluster = new MarkerClusterer(gmap, mapdiv.data('gmap').markers, {imagePath: 'https:\/\/www.koenigswinter-cognac.de\/wp-content\/plugins\/responsive-maps-plugin\/includes\/img\/m'});\r\n                }\r\n            }\r\n        });\r\n    gmap = mapdiv.data('gmap').gmap;\r\n        resmap_fixDisplayInTabs(mapdiv, false);\r\n    });\r\n        window.onresize = function() {\r\n        jQuery('.responsive-map').each(function(i, obj) {\r\n            data = jQuery(this).data('gmap');\r\n            if (data) {\r\n                var gmap = data.gmap;\r\n                google.maps.event.trigger(gmap, 'resize');\r\n                jQuery(this).gMapResp('fixAfterResize');\r\n            }\r\n        });\r\n    };\r\n    <\/script>\r\n  <div id=\"responsive_map_1162258300\" class=\"responsive-map\" style=\"height:150px;width:100%;\"><\/div><\/span><\/p><\/div><div class=\"dt-sc-hr-border\"><\/div><div  id = 'column_data' class='column dt-sc-one-half  space first'  ><p><strong>Boule-Turnier 2026<\/strong><\/p>\n<div class='dt-sc-contact-info address type1'><p><i class='fa fa-rocket'><\/i>B\u00fcrgerpark an der Niederdollendorfer F\u00e4hre<br>53639 K\u00f6nigswinter<br>Anmeldung erforderlich. 01 70 \/ 5 48 02 81 bzw. clemens.feugmann@icloud,com<\/p><\/div><div class='dt-sc-contact-info type1'><p><i class='fa fa-clock-o'><\/i>Dienstag, 14. Juli 2026<br>16.30 Uhr Boule-Turnier des Partnerschaftsvereins<br>19.00 Uhr Beisammensein im Bredershof<\/p><\/div><\/div><div  id = 'column_data' class='column dt-sc-one-half  space '  ><p><span style=\"display: inline !important; float: none; background-color: transparent; color: #333333; cursor: text; font-family: 'Noto Serif',serif; font-size: 17px; font-style: normal; font-variant: normal; font-weight: 400; letter-spacing: normal; orphans: 2; text-align: left; text-decoration: none; text-indent: 0px; text-transform: none; -webkit-text-stroke-width: 0px; white-space: normal; word-spacing: 0px;\"><script type=\"text\/javascript\">\r\n    jQuery(document).ready(function($) {\r\n        \/\/ the div that will contain the map\r\n        var mapdiv = jQuery(\"#responsive_map_1393006666\"); \r\n        \/\/ markers should be clustered?\r\n        var clustering = \"no\"; \r\n        \/\/ Create the map in the div \r\n        mapdiv.gMapResp({\r\n            maptype: google.maps.MapTypeId.ROADMAP,\r\n            log: false,\r\n            zoom: 13,\r\n            markers: [{\r\n                        address: 'B\u00fcrgerpark, 53639 K\u00f6nigswinter', \r\n                        key: '1',html:'B\u00fcrgerpark<br><strong><a target=\\'_blank\\' href=\\'http:\/\/maps.google.com\/?daddr=B%C3%BCrgerpark%2C+53639+K%C3%B6nigswinter\\'>Navigieren<\/a><\/strong>',\r\n                        popup: false,\r\n                        flat: true,\r\n                        icon: {\r\n                            image: 'https:\/\/www.koenigswinter-cognac.de\/wp-content\/plugins\/responsive-maps-plugin\/includes\/icons\/red.png'}}],\r\n            panControl: false,\r\n            zoomControl: false,\r\n            draggable: true,\r\n            scrollwheel: false,\r\n            mapTypeControl: false,\r\n            scaleControl: false,\r\n            streetViewControl: false,\r\n            overviewMapControl: true,\r\n            styles: [{\"stylers\":[{\"featureType\":\"all\"}]}],\r\n            latitude: null,\r\n            longitude: null,\r\n            onComplete: function() {\r\n                var gmap = mapdiv.data('gmap').gmap;\r\n                if (clustering.length  != 0 && clustering == \"yes\") {\r\n                    var markerCluster = new MarkerClusterer(gmap, mapdiv.data('gmap').markers, {imagePath: 'https:\/\/www.koenigswinter-cognac.de\/wp-content\/plugins\/responsive-maps-plugin\/includes\/img\/m'});\r\n                }\r\n            }\r\n        });\r\n    gmap = mapdiv.data('gmap').gmap;\r\n        resmap_fixDisplayInTabs(mapdiv, false);\r\n    });\r\n        window.onresize = function() {\r\n        jQuery('.responsive-map').each(function(i, obj) {\r\n            data = jQuery(this).data('gmap');\r\n            if (data) {\r\n                var gmap = data.gmap;\r\n                google.maps.event.trigger(gmap, 'resize');\r\n                jQuery(this).gMapResp('fixAfterResize');\r\n            }\r\n        });\r\n    };\r\n    <\/script>\r\n  <div id=\"responsive_map_1393006666\" class=\"responsive-map\" style=\"height:150px;width:100%;\"><\/div><\/span><\/p><\/div><div class=\"dt-sc-hr-border\"><\/div><div  id = 'Start der Radtour K\u00f6nigswinter - Cognac' class='column dt-sc-one-half  space first'  ><p><strong>Start der Radtour K\u00f6nigswinter &#8211; Cognac<\/strong><\/p>\n<div class='dt-sc-contact-info address type1'><p><i class='fa fa-rocket'><\/i>Marktplatz in der Altstadt<br>Drachenfelsstra\u00dfe<br>53639 K\u00f6nigswinter<\/p><\/div><div class='dt-sc-contact-info type1'><p><i class='fa fa-clock-o'><\/i>Montag, 20. Juli 2026<br>9.00 Uhr<\/p><\/div><\/div><div  class='column dt-sc-one-half  space '  ><p><span style=\"display: inline !important; float: none; background-color: transparent; color: #333333; cursor: text; font-family: 'Noto Serif',serif; font-size: 17px; font-style: normal; font-variant: normal; font-weight: 400; letter-spacing: normal; orphans: 2; text-align: left; text-decoration: none; text-indent: 0px; text-transform: none; -webkit-text-stroke-width: 0px; white-space: normal; word-spacing: 0px;\"><script type=\"text\/javascript\">\r\n    jQuery(document).ready(function($) {\r\n        \/\/ the div that will contain the map\r\n        var mapdiv = jQuery(\"#responsive_map_962236670\"); \r\n        \/\/ markers should be clustered?\r\n        var clustering = \"no\"; \r\n        \/\/ Create the map in the div \r\n        mapdiv.gMapResp({\r\n            maptype: google.maps.MapTypeId.ROADMAP,\r\n            log: false,\r\n            zoom: 13,\r\n            markers: [{\r\n                        address: 'Drachenfelsstra\u00dfe 4, 53639 K\u00f6nigswinter', \r\n                        key: '1',html:'Marktplatz<br><strong><a target=\\'_blank\\' href=\\'http:\/\/maps.google.com\/?daddr=Drachenfelsstra%C3%9Fe+4%2C+53639+K%C3%B6nigswinter\\'>Navigieren<\/a><\/strong>',\r\n                        popup: false,\r\n                        flat: true,\r\n                        icon: {\r\n                            image: 'https:\/\/www.koenigswinter-cognac.de\/wp-content\/plugins\/responsive-maps-plugin\/includes\/icons\/red.png'}}],\r\n            panControl: false,\r\n            zoomControl: false,\r\n            draggable: true,\r\n            scrollwheel: false,\r\n            mapTypeControl: false,\r\n            scaleControl: false,\r\n            streetViewControl: false,\r\n            overviewMapControl: true,\r\n            styles: [{\"stylers\":[{\"featureType\":\"all\"}]}],\r\n            latitude: null,\r\n            longitude: null,\r\n            onComplete: function() {\r\n                var gmap = mapdiv.data('gmap').gmap;\r\n                if (clustering.length  != 0 && clustering == \"yes\") {\r\n                    var markerCluster = new MarkerClusterer(gmap, mapdiv.data('gmap').markers, {imagePath: 'https:\/\/www.koenigswinter-cognac.de\/wp-content\/plugins\/responsive-maps-plugin\/includes\/img\/m'});\r\n                }\r\n            }\r\n        });\r\n    gmap = mapdiv.data('gmap').gmap;\r\n        resmap_fixDisplayInTabs(mapdiv, false);\r\n    });\r\n        window.onresize = function() {\r\n        jQuery('.responsive-map').each(function(i, obj) {\r\n            data = jQuery(this).data('gmap');\r\n            if (data) {\r\n                var gmap = data.gmap;\r\n                google.maps.event.trigger(gmap, 'resize');\r\n                jQuery(this).gMapResp('fixAfterResize');\r\n            }\r\n        });\r\n    };\r\n    <\/script>\r\n  <div id=\"responsive_map_962236670\" class=\"responsive-map\" style=\"height:150px;width:100%;\"><\/div><\/span><\/p><\/div>\n","protected":false},"excerpt":{"rendered":"<p>\tNaig Rozmor &#8211; ein bretonisches Leben<br \/>\nKunstforum PalastweiherWinzerstra\u00dfe 753639 K\u00f6nigswinterFreitag, 30. Januar 202619 bis 21 Uhr<br \/>\n  La F\u00eate du Court Metrage<br \/>\nFranz\u00f6sische Filme mit deutschen Untertiteln<br \/>\nKultur- und Bildungszentrum Mosaik(fr\u00fchere Paul Moor Schule)Boserother Stra\u00dfe 7453639 K\u00f6nigswinter (Oberpleis)Sonntag, 29. M\u00e4rz 202617 bis 19 Uhr<br \/>\n  \tBesuch der Cognacer in K\u00f6nigswinter<br \/>\nAnkunft: Mittwoch, 22.April 2026R\u00fcckfahrt: Montag, 27. April 2026<br \/>\n  Boule-Turnier 2026<br \/>\nB\u00fcrgerpark an der Niederdollendorfer F\u00e4hre53639 K\u00f6nigswinterAnmeldung erforderlich. 01 70 \/ 5 48 02 81 bzw. clemens.feugmann@icloud,comDienstag, 14. Juli 202616.30 Uhr Boule-Turnier des Partnerschaftsvereins19.00 Uhr Beisammensein im Bredershof<br \/>\n  Start der Radtour K\u00f6nigswinter &#8211; Cognac<br \/>\nMarktplatz in der AltstadtDrachenfelsstra\u00dfe53639 K\u00f6nigswinterMontag, 20. Juli 20269.00 Uhr<\/p>\n","protected":false},"author":1,"featured_media":0,"parent":0,"menu_order":0,"comment_status":"closed","ping_status":"closed","template":"","meta":{"footnotes":""},"class_list":["post-6281","page","type-page","status-publish","hentry"],"_links":{"self":[{"href":"https:\/\/www.koenigswinter-cognac.de\/index.php\/wp-json\/wp\/v2\/pages\/6281","targetHints":{"allow":["GET"]}}],"collection":[{"href":"https:\/\/www.koenigswinter-cognac.de\/index.php\/wp-json\/wp\/v2\/pages"}],"about":[{"href":"https:\/\/www.koenigswinter-cognac.de\/index.php\/wp-json\/wp\/v2\/types\/page"}],"author":[{"embeddable":true,"href":"https:\/\/www.koenigswinter-cognac.de\/index.php\/wp-json\/wp\/v2\/users\/1"}],"replies":[{"embeddable":true,"href":"https:\/\/www.koenigswinter-cognac.de\/index.php\/wp-json\/wp\/v2\/comments?post=6281"}],"version-history":[{"count":209,"href":"https:\/\/www.koenigswinter-cognac.de\/index.php\/wp-json\/wp\/v2\/pages\/6281\/revisions"}],"predecessor-version":[{"id":70355,"href":"https:\/\/www.koenigswinter-cognac.de\/index.php\/wp-json\/wp\/v2\/pages\/6281\/revisions\/70355"}],"wp:attachment":[{"href":"https:\/\/www.koenigswinter-cognac.de\/index.php\/wp-json\/wp\/v2\/media?parent=6281"}],"curies":[{"name":"wp","href":"https:\/\/api.w.org\/{rel}","templated":true}]}}