{"id":67417,"date":"2021-08-16T16:56:38","date_gmt":"2021-08-16T14:56:38","guid":{"rendered":"http:\/\/www.koenigswinter-cognac.de\/?page_id=67417"},"modified":"2021-08-16T16:56:38","modified_gmt":"2021-08-16T14:56:38","slug":"berichte-2021","status":"publish","type":"page","link":"https:\/\/www.koenigswinter-cognac.de\/index.php\/berichte\/berichte-2021\/","title":{"rendered":"Berichte 2021"},"content":{"rendered":"<div  class='fullwidth-section  ' >\t<div class=\"container\"><div class=\"dt-sc-hr-border\"><\/div><div class=\"blog-entry-posts\"><div class=\"column dt-sc-one-third first\"><article id=\"post-70114\" class=\"blog-entry post-70114 post type-post status-publish format-aside has-post-thumbnail hentry category-157 category-158 post_format-post-format-aside\"><div class=\"blog-entry-inner\"><div class=\"entry-thumb\"><a href=\"https:\/\/www.koenigswinter-cognac.de\/index.php\/jahresbericht-2020-2021\/\" title=\"Jahresbericht 2020\/2021\"><img loading=\"lazy\" decoding=\"async\" width=\"420\" height=\"261\" src=\"https:\/\/www.koenigswinter-cognac.de\/wp-content\/uploads\/2023\/04\/2020_2021-420x261.jpg\" class=\"attachment-blog-threecol size-blog-threecol wp-post-image\" alt=\"\" title=\"Jahresbericht 2020\/2021\" \/><div class=\"blog-overlay\"><span class=\"image-overlay-inside\"><\/span><\/div><\/a><\/div><div class=\"entry-meta\"><div class=\"date\">12 Apr. 2023<\/div><\/div><div class=\"entry-title\"><h4><a href=\"https:\/\/www.koenigswinter-cognac.de\/index.php\/jahresbericht-2020-2021\/\">Jahresbericht 2020\/2021<\/a><\/h4><\/div><div class=\"entry-body\"><p>Der Bericht mit den Aktivit\u00e4ten des Partnerschaftsvereins in den Jahren 2020 und 2021 kann <a href=\"https:\/\/www.koenigswinter-cognac.de\/wp-content\/uploads\/2023\/04\/20220318-JHV-2022-Jahresbericht-2020_2021.pdf\">hier<\/a> heruntergeladen werden.\n<\/p><div class=\"entry-metadata\">by <a href=\"https:\/\/www.koenigswinter-cognac.de\/index.php\/author\/kwcognac\/\">PV K\u00f6nigswinter - Cognac<\/a> \/ <a href=\"https:\/\/www.koenigswinter-cognac.de\/index.php\/category\/2020\/\" title=\"View all posts in 2020\">2020<\/a>, <a href=\"https:\/\/www.koenigswinter-cognac.de\/index.php\/category\/2021\/\" title=\"View all posts in 2021\">2021<\/a> \/ <a href=\"https:\/\/www.koenigswinter-cognac.de\/index.php\/jahresbericht-2020-2021\/\/#comments\">No Comments<\/a><\/div><\/div><\/div><\/article><\/div><div class=\"column dt-sc-one-third\"><article id=\"post-67392\" class=\"blog-entry post-67392 post type-post status-publish format-aside has-post-thumbnail hentry category-158 category-neuigkeiten post_format-post-format-aside\"><div class=\"blog-entry-inner\"><div class=\"entry-thumb\"><a href=\"https:\/\/www.koenigswinter-cognac.de\/index.php\/egal-ob-juli-oder-august-hauptsache-boule\/\" title=\"Partnerschaftsverein feiert 14. Juli im August\"><img loading=\"lazy\" decoding=\"async\" width=\"420\" height=\"261\" src=\"https:\/\/www.koenigswinter-cognac.de\/wp-content\/uploads\/2021\/08\/20210814-Boule-420x261.jpg\" class=\"attachment-blog-threecol size-blog-threecol wp-post-image\" alt=\"\" title=\"Partnerschaftsverein feiert 14. Juli im August\" \/><div class=\"blog-overlay\"><span class=\"image-overlay-inside\"><\/span><\/div><\/a><\/div><div class=\"entry-meta\"><div class=\"date\">16 Aug. 2021<\/div><\/div><div class=\"entry-title\"><h4><a href=\"https:\/\/www.koenigswinter-cognac.de\/index.php\/egal-ob-juli-oder-august-hauptsache-boule\/\">Partnerschaftsverein feiert 14. Juli im August<\/a><\/h4><\/div><div class=\"entry-body\"><p>Traditionsgem\u00e4\u00df findet am Franz\u00f6sischen Nationalfeiertag (14. Juli) das Boule-Turnier des Partnerschaftsvereins K\u00f6nigswinter-Cognac statt. In diesem Jahr fiel die Veranstaltung...<\/p><div class=\"entry-metadata\">by <a href=\"https:\/\/www.koenigswinter-cognac.de\/index.php\/author\/kwcognac\/\">PV K\u00f6nigswinter - Cognac<\/a> \/ <a href=\"https:\/\/www.koenigswinter-cognac.de\/index.php\/category\/2021\/\" title=\"View all posts in 2021\">2021<\/a>, <a href=\"https:\/\/www.koenigswinter-cognac.de\/index.php\/category\/neuigkeiten\/\" title=\"View all posts in Neuigkeiten\">Neuigkeiten<\/a> \/ <a href=\"https:\/\/www.koenigswinter-cognac.de\/index.php\/egal-ob-juli-oder-august-hauptsache-boule\/\/#comments\">No Comments<\/a><\/div><\/div><\/div><\/article><\/div><\/div><div class=\"dt-sc-hr-border\"><\/div>\t<\/div><\/div>\n","protected":false},"excerpt":{"rendered":"<p>Traditionsgem\u00e4\u00df findet am Franz\u00f6sischen Nationalfeiertag (14. Juli) das Boule-Turnier des Partnerschaftsvereins K\u00f6nigswinter-Cognac statt. In diesem Jahr fiel die Veranstaltung buchst\u00e4blich ins Wasser, war es doch der Tag, an dem in unserer Region heftige Unwetter herrschten. Man hat sich daher kurzfristig entschlossen, das Turnier am 14. August nachzuholen. Der Organisator Clemens Feugmann und er Vereinsvorsitzende Karl Schmitz konnten bei bestem Wetter 20 Boule-Spieler begr\u00fc\u00dfen, die im B\u00fcrgerpark an der Niederdollendorfer F\u00e4hre um Sieg spielten. Heidrun Hacke und Frank Quant waren die Gl\u00fccklichen, die am Ende den 1. Platz und damit K\u00f6stlichkeiten aus der K\u00f6nigswinterer Partnerstadt Cognac erk\u00e4mpft haben. Zweite wurde das Team Christa B\u00fcckmann \/ Ruth Heimann vor Willi S\u00f6lla und Traudel Schmitz. Es war eine gelungene Veranstaltung, die allen viel Freude bereitet hat.<br \/>\nWir bedanken uns besonders bei Willi Armbr\u00f6ster f\u00fcr das gestiftete Buch &#8222;Zugabe&#8220; und bei Franz Schmitz f\u00fcr Gutscheine zur Fahrt mit der MS Theresia.<br \/>\nSave the Date: 14. Juli 2022.<\/p>\n","protected":false},"author":1,"featured_media":0,"parent":5981,"menu_order":0,"comment_status":"closed","ping_status":"closed","template":"","meta":{"footnotes":""},"class_list":["post-67417","page","type-page","status-publish","hentry"],"_links":{"self":[{"href":"https:\/\/www.koenigswinter-cognac.de\/index.php\/wp-json\/wp\/v2\/pages\/67417","targetHints":{"allow":["GET"]}}],"collection":[{"href":"https:\/\/www.koenigswinter-cognac.de\/index.php\/wp-json\/wp\/v2\/pages"}],"about":[{"href":"https:\/\/www.koenigswinter-cognac.de\/index.php\/wp-json\/wp\/v2\/types\/page"}],"author":[{"embeddable":true,"href":"https:\/\/www.koenigswinter-cognac.de\/index.php\/wp-json\/wp\/v2\/users\/1"}],"replies":[{"embeddable":true,"href":"https:\/\/www.koenigswinter-cognac.de\/index.php\/wp-json\/wp\/v2\/comments?post=67417"}],"version-history":[{"count":2,"href":"https:\/\/www.koenigswinter-cognac.de\/index.php\/wp-json\/wp\/v2\/pages\/67417\/revisions"}],"predecessor-version":[{"id":67419,"href":"https:\/\/www.koenigswinter-cognac.de\/index.php\/wp-json\/wp\/v2\/pages\/67417\/revisions\/67419"}],"up":[{"embeddable":true,"href":"https:\/\/www.koenigswinter-cognac.de\/index.php\/wp-json\/wp\/v2\/pages\/5981"}],"wp:attachment":[{"href":"https:\/\/www.koenigswinter-cognac.de\/index.php\/wp-json\/wp\/v2\/media?parent=67417"}],"curies":[{"name":"wp","href":"https:\/\/api.w.org\/{rel}","templated":true}]}}