{"id":69290,"date":"2022-05-10T10:06:31","date_gmt":"2022-05-10T08:06:31","guid":{"rendered":"http:\/\/www.koenigswinter-cognac.de\/?page_id=69290"},"modified":"2022-05-10T10:09:20","modified_gmt":"2022-05-10T08:09:20","slug":"berichte-2022","status":"publish","type":"page","link":"https:\/\/www.koenigswinter-cognac.de\/index.php\/berichte\/berichte-2022\/","title":{"rendered":"Berichte 2022"},"content":{"rendered":"<div  class='fullwidth-section  ' >\t<div class=\"container\"><div class=\"dt-sc-hr-border\"><\/div><div class=\"blog-entry-posts\"><div class=\"column dt-sc-one-third first\"><article id=\"post-70117\" class=\"blog-entry post-70117 post type-post status-publish format-aside has-post-thumbnail hentry category-159 post_format-post-format-aside\"><div class=\"blog-entry-inner\"><div class=\"entry-thumb\"><a href=\"https:\/\/www.koenigswinter-cognac.de\/index.php\/jahresbericht-2022\/\" title=\"Jahresbericht 2022\"><img loading=\"lazy\" decoding=\"async\" width=\"420\" height=\"261\" src=\"https:\/\/www.koenigswinter-cognac.de\/wp-content\/uploads\/2023\/04\/2022-420x261.jpg\" class=\"attachment-blog-threecol size-blog-threecol wp-post-image\" alt=\"\" title=\"Jahresbericht 2022\" \/><div class=\"blog-overlay\"><span class=\"image-overlay-inside\"><\/span><\/div><\/a><\/div><div class=\"entry-meta\"><div class=\"date\">12 Apr. 2023<\/div><\/div><div class=\"entry-title\"><h4><a href=\"https:\/\/www.koenigswinter-cognac.de\/index.php\/jahresbericht-2022\/\">Jahresbericht 2022<\/a><\/h4><\/div><div class=\"entry-body\"><p>Der Bericht mit den Aktivit\u00e4ten des Partnerschaftsvereins im Jahr 2022 kann <a href=\"https:\/\/www.koenigswinter-cognac.de\/wp-content\/uploads\/2023\/04\/20230322-JHV-2023-Jahresbericht-2022.pdf\">hier<\/a> heruntergeladen werden.\n<\/p><div class=\"entry-metadata\">by <a href=\"https:\/\/www.koenigswinter-cognac.de\/index.php\/author\/kwcognac\/\">PV K\u00f6nigswinter - Cognac<\/a> \/ <a href=\"https:\/\/www.koenigswinter-cognac.de\/index.php\/category\/2022\/\" title=\"View all posts in 2022\">2022<\/a> \/ <a href=\"https:\/\/www.koenigswinter-cognac.de\/index.php\/jahresbericht-2022\/\/#comments\">No Comments<\/a><\/div><\/div><\/div><\/article><\/div><div class=\"column dt-sc-one-third\"><article id=\"post-62409\" class=\"blog-entry post-62409 post type-post status-publish format-aside has-post-thumbnail hentry category-159 category-neuigkeiten post_format-post-format-aside\"><div class=\"blog-entry-inner\"><div class=\"entry-thumb\"><a href=\"https:\/\/www.koenigswinter-cognac.de\/index.php\/15-boule-turnier-am-franzoesischen-nationalfeiertag\/\" title=\"15. Boule-Turnier am franz\u00f6sischen Nationalfeiertag\"><img loading=\"lazy\" decoding=\"async\" width=\"420\" height=\"261\" src=\"https:\/\/www.koenigswinter-cognac.de\/wp-content\/uploads\/2022\/07\/20220714-Boule-730-420x261.jpg\" class=\"attachment-blog-threecol size-blog-threecol wp-post-image\" alt=\"\" title=\"15. Boule-Turnier am franz\u00f6sischen Nationalfeiertag\" \/><div class=\"blog-overlay\"><span class=\"image-overlay-inside\"><\/span><\/div><\/a><\/div><div class=\"entry-meta\"><div class=\"date\">20 Juli 2022<\/div><\/div><div class=\"entry-title\"><h4><a href=\"https:\/\/www.koenigswinter-cognac.de\/index.php\/15-boule-turnier-am-franzoesischen-nationalfeiertag\/\">15. Boule-Turnier am franz\u00f6sischen Nationalfeiertag<\/a><\/h4><\/div><div class=\"entry-body\"><p>Zum 15. Mal fand dieses Jahr das Bouleturnier des Partnerschaftsvereins K\u00f6nigswinter \u2013 Cognac im Niederdollendorfer B\u00fcrgerpark statt, wie immer...<\/p><div class=\"entry-metadata\">by <a href=\"https:\/\/www.koenigswinter-cognac.de\/index.php\/author\/KWCognac1989\/\">PV K\u00f6nigswinter - Cognac<\/a> \/ <a href=\"https:\/\/www.koenigswinter-cognac.de\/index.php\/category\/2022\/\" title=\"View all posts in 2022\">2022<\/a>, <a href=\"https:\/\/www.koenigswinter-cognac.de\/index.php\/category\/neuigkeiten\/\" title=\"View all posts in Neuigkeiten\">Neuigkeiten<\/a> \/ <a href=\"https:\/\/www.koenigswinter-cognac.de\/index.php\/15-boule-turnier-am-franzoesischen-nationalfeiertag\/\/#comments\">No Comments<\/a><\/div><\/div><\/div><\/article><\/div><div class=\"column dt-sc-one-third\"><article id=\"post-64076\" class=\"blog-entry post-64076 post type-post status-publish format-aside has-post-thumbnail hentry category-159 category-neuigkeiten post_format-post-format-aside\"><div class=\"blog-entry-inner\"><div class=\"entry-thumb\"><a href=\"https:\/\/www.koenigswinter-cognac.de\/index.php\/was-tun-wir-wenn-es-am-14-07-regnet\/\" title=\"Erster Partnerschaftsbesuch seit Pandemiebeginn &#8211; Cognacer in K\u00f6nigswinter\"><img loading=\"lazy\" decoding=\"async\" width=\"420\" height=\"261\" src=\"https:\/\/www.koenigswinter-cognac.de\/wp-content\/uploads\/2022\/05\/20220430-Besuchergruppe-auf-Drachenburg-730-420x261.jpg\" class=\"attachment-blog-threecol size-blog-threecol wp-post-image\" alt=\"\" title=\"Erster Partnerschaftsbesuch seit Pandemiebeginn &#8211; Cognacer in K\u00f6nigswinter\" \/><div class=\"blog-overlay\"><span class=\"image-overlay-inside\"><\/span><\/div><\/a><\/div><div class=\"entry-meta\"><div class=\"date\">02 Mai 2022<\/div><\/div><div class=\"entry-title\"><h4><a href=\"https:\/\/www.koenigswinter-cognac.de\/index.php\/was-tun-wir-wenn-es-am-14-07-regnet\/\">Erster Partnerschaftsbesuch seit Pandemiebeginn &#8211; Cognacer in K\u00f6nigswinter<\/a><\/h4><\/div><div class=\"entry-body\"><p>Lange hat man darauf gewartet; nun war es endlich soweit. Vom 29. April bis zum 04. Mai fand der...<\/p><div class=\"entry-metadata\">by <a href=\"https:\/\/www.koenigswinter-cognac.de\/index.php\/author\/KWCognac1989\/\">PV K\u00f6nigswinter - Cognac<\/a> \/ <a href=\"https:\/\/www.koenigswinter-cognac.de\/index.php\/category\/2022\/\" title=\"View all posts in 2022\">2022<\/a>, <a href=\"https:\/\/www.koenigswinter-cognac.de\/index.php\/category\/neuigkeiten\/\" title=\"View all posts in Neuigkeiten\">Neuigkeiten<\/a> \/ <a href=\"https:\/\/www.koenigswinter-cognac.de\/index.php\/was-tun-wir-wenn-es-am-14-07-regnet\/\/#comments\">No Comments<\/a><\/div><\/div><\/div><\/article><\/div><\/div><div class=\"dt-sc-hr-border\"><\/div>\t<\/div><\/div>\n","protected":false},"excerpt":{"rendered":"<p>Lange hat man darauf gewartet; nun war es endlich soweit. Vom 29. April bis zum 04. Mai fand der erste Besuch von Cognacer B\u00fcrgern in K\u00f6nigswinter seit Beginn der Corona-Pandemie statt. Gro\u00df war die Freude, als die Cognacer, die allesamt bei befreundeten Familien untergebracht sind, eintrafen. Nach einem gemeinsamen Besuch auf dem Drachenfels ging es zum Empfang der Stadt K\u00f6nigswinter auf der Dianenterrasse von Schloss Drachenburg (Foto: Frank Homann). In Ihren Ansprachen hoben die beiden B\u00fcrgermeister von Cognac (Morgan Berger) und K\u00f6nigswinter (Lutz Wagner) die Bedeutung der internationalen Beziehungen, insbesondere der zwischen Frankreich und Deutschland hervor. Eine gemeinsame Schiffstour bei sehr guter Stimmung rundete den gelungenen Tag ab. Die Cognacer Freunde fuhren im Rahmen ihres Besuchs nach D\u00fcsseldorf und zur Burg Eltz. Dieses Treffen von B\u00fcrgern der beiden Partnerst\u00e4dte hat dazu beigetragen, die bereits bestehenden Beziehungen zu vertiefen und auch neue zu kn\u00fcpfen.<br \/>\n<a href=\"https:\/\/www.koenigswinter-cognac.de\/wp-content\/uploads\/2022\/05\/20220502-GA-zum-Besuch-der-Cognacer.pdf\">Zum Bericht des General-Anzeigers Bonn vom 02. Mai 2022<\/a><\/p>\n","protected":false},"author":1,"featured_media":0,"parent":5981,"menu_order":0,"comment_status":"closed","ping_status":"closed","template":"","meta":{"footnotes":""},"class_list":["post-69290","page","type-page","status-publish","hentry"],"_links":{"self":[{"href":"https:\/\/www.koenigswinter-cognac.de\/index.php\/wp-json\/wp\/v2\/pages\/69290","targetHints":{"allow":["GET"]}}],"collection":[{"href":"https:\/\/www.koenigswinter-cognac.de\/index.php\/wp-json\/wp\/v2\/pages"}],"about":[{"href":"https:\/\/www.koenigswinter-cognac.de\/index.php\/wp-json\/wp\/v2\/types\/page"}],"author":[{"embeddable":true,"href":"https:\/\/www.koenigswinter-cognac.de\/index.php\/wp-json\/wp\/v2\/users\/1"}],"replies":[{"embeddable":true,"href":"https:\/\/www.koenigswinter-cognac.de\/index.php\/wp-json\/wp\/v2\/comments?post=69290"}],"version-history":[{"count":2,"href":"https:\/\/www.koenigswinter-cognac.de\/index.php\/wp-json\/wp\/v2\/pages\/69290\/revisions"}],"predecessor-version":[{"id":69292,"href":"https:\/\/www.koenigswinter-cognac.de\/index.php\/wp-json\/wp\/v2\/pages\/69290\/revisions\/69292"}],"up":[{"embeddable":true,"href":"https:\/\/www.koenigswinter-cognac.de\/index.php\/wp-json\/wp\/v2\/pages\/5981"}],"wp:attachment":[{"href":"https:\/\/www.koenigswinter-cognac.de\/index.php\/wp-json\/wp\/v2\/media?parent=69290"}],"curies":[{"name":"wp","href":"https:\/\/api.w.org\/{rel}","templated":true}]}}