{"id":70119,"date":"2023-04-12T13:56:21","date_gmt":"2023-04-12T11:56:21","guid":{"rendered":"http:\/\/www.koenigswinter-cognac.de\/?page_id=70119"},"modified":"2023-04-12T13:56:21","modified_gmt":"2023-04-12T11:56:21","slug":"berichte-2023","status":"publish","type":"page","link":"https:\/\/www.koenigswinter-cognac.de\/index.php\/berichte\/berichte-2023\/","title":{"rendered":"Berichte 2023"},"content":{"rendered":"<div  class='fullwidth-section  ' >\t<div class=\"container\"><div class=\"dt-sc-hr-border\"><\/div><div class=\"blog-entry-posts\"><div class=\"column dt-sc-one-third first\"><article id=\"post-70155\" class=\"blog-entry post-70155 post type-post status-publish format-aside has-post-thumbnail hentry category-160 category-neuigkeiten post_format-post-format-aside\"><div class=\"blog-entry-inner\"><div class=\"entry-thumb\"><a href=\"https:\/\/www.koenigswinter-cognac.de\/index.php\/place-de-la-petanque-in-niederdollendorf\/\" title=\"Place de la P\u00e9tanque in Niederdollendorf\"><img loading=\"lazy\" decoding=\"async\" width=\"420\" height=\"261\" src=\"https:\/\/www.koenigswinter-cognac.de\/wp-content\/uploads\/2023\/07\/2023-Boule_Schild-420x261.jpg\" class=\"attachment-blog-threecol size-blog-threecol wp-post-image\" alt=\"\" title=\"Place de la P\u00e9tanque in Niederdollendorf\" \/><div class=\"blog-overlay\"><span class=\"image-overlay-inside\"><\/span><\/div><\/a><\/div><div class=\"entry-meta\"><div class=\"date\">16 Juli 2023<\/div><\/div><div class=\"entry-title\"><h4><a href=\"https:\/\/www.koenigswinter-cognac.de\/index.php\/place-de-la-petanque-in-niederdollendorf\/\">Place de la P\u00e9tanque in Niederdollendorf<\/a><\/h4><\/div><div class=\"entry-body\"><p>Am franz\u00f6sischen Nationalfeiertag, 14. Juli 2023, fand nicht nur das traditionelle Boulespiel des Partnerschaftsvereins K\u00f6nigswinter &#8211; Cognac statt, sondern...<\/p><div class=\"entry-metadata\">by <a href=\"https:\/\/www.koenigswinter-cognac.de\/index.php\/author\/kwcognac\/\">PV K\u00f6nigswinter - Cognac<\/a> \/ <a href=\"https:\/\/www.koenigswinter-cognac.de\/index.php\/category\/2023\/\" title=\"View all posts in 2023\">2023<\/a>, <a href=\"https:\/\/www.koenigswinter-cognac.de\/index.php\/category\/neuigkeiten\/\" title=\"View all posts in Neuigkeiten\">Neuigkeiten<\/a> \/ <a href=\"https:\/\/www.koenigswinter-cognac.de\/index.php\/place-de-la-petanque-in-niederdollendorf\/\/#comments\">No Comments<\/a><\/div><\/div><\/div><\/article><\/div><div class=\"column dt-sc-one-third\"><article id=\"post-70152\" class=\"blog-entry post-70152 post type-post status-publish format-aside has-post-thumbnail hentry category-160 category-neuigkeiten post_format-post-format-aside\"><div class=\"blog-entry-inner\"><div class=\"entry-thumb\"><a href=\"https:\/\/www.koenigswinter-cognac.de\/index.php\/nach-coronapause-endlich-wieder-reise-nach-cognac\/\" title=\"Nach Coronapause: Endlich wieder Reise nach Cognac\"><img loading=\"lazy\" decoding=\"async\" width=\"420\" height=\"261\" src=\"https:\/\/www.koenigswinter-cognac.de\/wp-content\/uploads\/2023\/07\/Cognacfahrt-2023-730-420x261.jpg\" class=\"attachment-blog-threecol size-blog-threecol wp-post-image\" alt=\"\" title=\"Nach Coronapause: Endlich wieder Reise nach Cognac\" \/><div class=\"blog-overlay\"><span class=\"image-overlay-inside\"><\/span><\/div><\/a><\/div><div class=\"entry-meta\"><div class=\"date\">12 Juli 2023<\/div><\/div><div class=\"entry-title\"><h4><a href=\"https:\/\/www.koenigswinter-cognac.de\/index.php\/nach-coronapause-endlich-wieder-reise-nach-cognac\/\">Nach Coronapause: Endlich wieder Reise nach Cognac<\/a><\/h4><\/div><div class=\"entry-body\"><p>Nach 4 Jahren erzwungener Pause machten sich die Mitglieder des PV K\u00f6nigswinter &#8211; Cognac dieses Jahr wieder auf die...<\/p><div class=\"entry-metadata\">by <a href=\"https:\/\/www.koenigswinter-cognac.de\/index.php\/author\/kwcognac\/\">PV K\u00f6nigswinter - Cognac<\/a> \/ <a href=\"https:\/\/www.koenigswinter-cognac.de\/index.php\/category\/2023\/\" title=\"View all posts in 2023\">2023<\/a>, <a href=\"https:\/\/www.koenigswinter-cognac.de\/index.php\/category\/neuigkeiten\/\" title=\"View all posts in Neuigkeiten\">Neuigkeiten<\/a> \/ <a href=\"https:\/\/www.koenigswinter-cognac.de\/index.php\/nach-coronapause-endlich-wieder-reise-nach-cognac\/\/#comments\">No Comments<\/a><\/div><\/div><\/div><\/article><\/div><div class=\"column dt-sc-one-third\"><article id=\"post-70136\" class=\"blog-entry post-70136 post type-post status-publish format-aside has-post-thumbnail hentry category-160 category-neuigkeiten post_format-post-format-aside\"><div class=\"blog-entry-inner\"><div class=\"entry-thumb\"><a href=\"https:\/\/www.koenigswinter-cognac.de\/index.php\/schueler-aus-cognac-besuchen-koenigswinter-2\/\" title=\"Sch\u00fcler aus Cognac besuchen K\u00f6nigswinter\"><img loading=\"lazy\" decoding=\"async\" width=\"420\" height=\"261\" src=\"https:\/\/www.koenigswinter-cognac.de\/wp-content\/uploads\/2023\/05\/Schuelergruppe-730-420x261.jpg\" class=\"attachment-blog-threecol size-blog-threecol wp-post-image\" alt=\"\" title=\"Sch\u00fcler aus Cognac besuchen K\u00f6nigswinter\" \/><div class=\"blog-overlay\"><span class=\"image-overlay-inside\"><\/span><\/div><\/a><\/div><div class=\"entry-meta\"><div class=\"date\">30 Mai 2023<\/div><\/div><div class=\"entry-title\"><h4><a href=\"https:\/\/www.koenigswinter-cognac.de\/index.php\/schueler-aus-cognac-besuchen-koenigswinter-2\/\">Sch\u00fcler aus Cognac besuchen K\u00f6nigswinter<\/a><\/h4><\/div><div class=\"entry-body\"><p>Anfang Mai 2023 besuchte eine Gruppe von Cognacer Sch\u00fclern die Partnerstadt K\u00f6nigswinter. Neben dem B\u00fcrgermeister Lutz Wagner und der...<\/p><div class=\"entry-metadata\">by <a href=\"https:\/\/www.koenigswinter-cognac.de\/index.php\/author\/kwcognac\/\">PV K\u00f6nigswinter - Cognac<\/a> \/ <a href=\"https:\/\/www.koenigswinter-cognac.de\/index.php\/category\/2023\/\" title=\"View all posts in 2023\">2023<\/a>, <a href=\"https:\/\/www.koenigswinter-cognac.de\/index.php\/category\/neuigkeiten\/\" title=\"View all posts in Neuigkeiten\">Neuigkeiten<\/a> \/ <a href=\"https:\/\/www.koenigswinter-cognac.de\/index.php\/schueler-aus-cognac-besuchen-koenigswinter-2\/\/#comments\">No Comments<\/a><\/div><\/div><\/div><\/article><\/div><div class=\"column dt-sc-one-third first\"><article id=\"post-70127\" class=\"blog-entry post-70127 post type-post status-publish format-aside has-post-thumbnail hentry category-160 category-neuigkeiten post_format-post-format-aside\"><div class=\"blog-entry-inner\"><div class=\"entry-thumb\"><a href=\"https:\/\/www.koenigswinter-cognac.de\/index.php\/ein-schildbuergerstreich-geht-zu-ende-das-schild-steht\/\" title=\"Ein Schildb\u00fcrgerstreich geht zu Ende &#8211; Das Schild steht&#8230;..\"><img loading=\"lazy\" decoding=\"async\" width=\"420\" height=\"261\" src=\"https:\/\/www.koenigswinter-cognac.de\/wp-content\/uploads\/2023\/04\/Schild-Petanque-1-730-420x261.jpg\" class=\"attachment-blog-threecol size-blog-threecol wp-post-image\" alt=\"\" title=\"Ein Schildb\u00fcrgerstreich geht zu Ende &#8211; Das Schild steht&#8230;..\" \/><div class=\"blog-overlay\"><span class=\"image-overlay-inside\"><\/span><\/div><\/a><\/div><div class=\"entry-meta\"><div class=\"date\">13 Apr. 2023<\/div><\/div><div class=\"entry-title\"><h4><a href=\"https:\/\/www.koenigswinter-cognac.de\/index.php\/ein-schildbuergerstreich-geht-zu-ende-das-schild-steht\/\">Ein Schildb\u00fcrgerstreich geht zu Ende &#8211; Das Schild steht&#8230;..<\/a><\/h4><\/div><div class=\"entry-body\"><p>Nach mehr als zwei Jahren &#8222;Projektlaufzeit&#8220; &#x1f622;wurde am 13. April 2023 endlich das Schild am B\u00fcrgerpark in Niederdollendorf installiert....<\/p><div class=\"entry-metadata\">by <a href=\"https:\/\/www.koenigswinter-cognac.de\/index.php\/author\/kwcognac\/\">PV K\u00f6nigswinter - Cognac<\/a> \/ <a href=\"https:\/\/www.koenigswinter-cognac.de\/index.php\/category\/2023\/\" title=\"View all posts in 2023\">2023<\/a>, <a href=\"https:\/\/www.koenigswinter-cognac.de\/index.php\/category\/neuigkeiten\/\" title=\"View all posts in Neuigkeiten\">Neuigkeiten<\/a> \/ <a href=\"https:\/\/www.koenigswinter-cognac.de\/index.php\/ein-schildbuergerstreich-geht-zu-ende-das-schild-steht\/\/#comments\">No Comments<\/a><\/div><\/div><\/div><\/article><\/div><\/div><div class=\"dt-sc-hr-border\"><\/div>\t<\/div><\/div>\n","protected":false},"excerpt":{"rendered":"<p>Nach mehr als zwei Jahren &#8222;Projektlaufzeit&#8220; &#x1f622;wurde am 13. April 2023 endlich das Schild am B\u00fcrgerpark in Niederdollendorf installiert. Es weist in ansprechender Weise auf die St\u00e4dtepartnerschaft zwischen K\u00f6nigswinter und Cognac hin. Wo w\u00e4re es besser aufgestellt als an der Stelle, wo jeweils am Franz\u00f6sischen Nationalfeiertag das Bouleturnier (oder Petanque) des Partnerschaftsvereins stattfindet? Es wird im Rahmen des diesj\u00e4hrigen Turniers am 14. Juli 2023 offiziell eingeweiht. Die Idee zu diesem Schild hatte unser Vorstandsmitglied Clemens Feugmann, der auch zu den Boulefreunden aus Niederdollendorf geh\u00f6rt und das j\u00e4hrliche Turnier ausrichtet. Finanziert wurde es vollst\u00e4ndig aus Spenden. Den Spendern sei an dieser Stelle herzlich gedankt.<\/p>\n","protected":false},"author":1,"featured_media":0,"parent":5981,"menu_order":0,"comment_status":"closed","ping_status":"closed","template":"","meta":{"footnotes":""},"class_list":["post-70119","page","type-page","status-publish","hentry"],"_links":{"self":[{"href":"https:\/\/www.koenigswinter-cognac.de\/index.php\/wp-json\/wp\/v2\/pages\/70119","targetHints":{"allow":["GET"]}}],"collection":[{"href":"https:\/\/www.koenigswinter-cognac.de\/index.php\/wp-json\/wp\/v2\/pages"}],"about":[{"href":"https:\/\/www.koenigswinter-cognac.de\/index.php\/wp-json\/wp\/v2\/types\/page"}],"author":[{"embeddable":true,"href":"https:\/\/www.koenigswinter-cognac.de\/index.php\/wp-json\/wp\/v2\/users\/1"}],"replies":[{"embeddable":true,"href":"https:\/\/www.koenigswinter-cognac.de\/index.php\/wp-json\/wp\/v2\/comments?post=70119"}],"version-history":[{"count":2,"href":"https:\/\/www.koenigswinter-cognac.de\/index.php\/wp-json\/wp\/v2\/pages\/70119\/revisions"}],"predecessor-version":[{"id":70121,"href":"https:\/\/www.koenigswinter-cognac.de\/index.php\/wp-json\/wp\/v2\/pages\/70119\/revisions\/70121"}],"up":[{"embeddable":true,"href":"https:\/\/www.koenigswinter-cognac.de\/index.php\/wp-json\/wp\/v2\/pages\/5981"}],"wp:attachment":[{"href":"https:\/\/www.koenigswinter-cognac.de\/index.php\/wp-json\/wp\/v2\/media?parent=70119"}],"curies":[{"name":"wp","href":"https:\/\/api.w.org\/{rel}","templated":true}]}}