{"id":70179,"date":"2024-01-04T18:07:29","date_gmt":"2024-01-04T17:07:29","guid":{"rendered":"http:\/\/www.koenigswinter-cognac.de\/?page_id=70179"},"modified":"2024-01-04T18:07:29","modified_gmt":"2024-01-04T17:07:29","slug":"berichte-2024","status":"publish","type":"page","link":"https:\/\/www.koenigswinter-cognac.de\/index.php\/berichte\/berichte-2024\/","title":{"rendered":"Berichte 2024"},"content":{"rendered":"<div  class='fullwidth-section  ' >\t<div class=\"container\"><div class=\"dt-sc-hr-border\"><\/div><div class=\"blog-entry-posts\"><div class=\"column dt-sc-one-third first\"><article id=\"post-70224\" class=\"blog-entry post-70224 post type-post status-publish format-standard has-post-thumbnail hentry category-161 category-neuigkeiten\"><div class=\"blog-entry-inner\"><div class=\"entry-thumb\"><a href=\"https:\/\/www.koenigswinter-cognac.de\/index.php\/europa-in-bruessel-erleben\/\" title=\"Europa in Br\u00fcssel erleben\"><img loading=\"lazy\" decoding=\"async\" width=\"420\" height=\"261\" src=\"https:\/\/www.koenigswinter-cognac.de\/wp-content\/uploads\/2024\/11\/Grand-Place-730-420x261.jpg\" class=\"attachment-blog-threecol size-blog-threecol wp-post-image\" alt=\"\" title=\"Europa in Br\u00fcssel erleben\" \/><div class=\"blog-overlay\"><span class=\"image-overlay-inside\"><\/span><\/div><\/a><\/div><div class=\"entry-meta\"><div class=\"date\">20 Nov. 2024<\/div><\/div><div class=\"entry-title\"><h4><a href=\"https:\/\/www.koenigswinter-cognac.de\/index.php\/europa-in-bruessel-erleben\/\">Europa in Br\u00fcssel erleben<\/a><\/h4><\/div><div class=\"entry-body\"><p>am 9. November 2024 machten sich 29 Mitglieder und Freunde des Partnerschaftsvereins auf den Weg nach Br\u00fcssel, um ihre...<\/p><div class=\"entry-metadata\">by <a href=\"https:\/\/www.koenigswinter-cognac.de\/index.php\/author\/kwcognac\/\">PV K\u00f6nigswinter - Cognac<\/a> \/ <a href=\"https:\/\/www.koenigswinter-cognac.de\/index.php\/category\/2024\/\" title=\"View all posts in 2024\">2024<\/a>, <a href=\"https:\/\/www.koenigswinter-cognac.de\/index.php\/category\/neuigkeiten\/\" title=\"View all posts in Neuigkeiten\">Neuigkeiten<\/a> \/ <a href=\"https:\/\/www.koenigswinter-cognac.de\/index.php\/europa-in-bruessel-erleben\/\/#comments\">No Comments<\/a><\/div><\/div><\/div><\/article><\/div><div class=\"column dt-sc-one-third\"><article id=\"post-70212\" class=\"blog-entry post-70212 post type-post status-publish format-standard has-post-thumbnail hentry category-161 category-neuigkeiten\"><div class=\"blog-entry-inner\"><div class=\"entry-thumb\"><a href=\"https:\/\/www.koenigswinter-cognac.de\/index.php\/franzoesischer-nationalfeiertag-2024\/\" title=\"Franz\u00f6sischer Nationalfeiertag 2024\"><img loading=\"lazy\" decoding=\"async\" width=\"420\" height=\"261\" src=\"https:\/\/www.koenigswinter-cognac.de\/wp-content\/uploads\/2024\/07\/20240714-Boule-730-420x261.jpg\" class=\"attachment-blog-threecol size-blog-threecol wp-post-image\" alt=\"\" title=\"Franz\u00f6sischer Nationalfeiertag 2024\" \/><div class=\"blog-overlay\"><span class=\"image-overlay-inside\"><\/span><\/div><\/a><\/div><div class=\"entry-meta\"><div class=\"date\">15 Juli 2024<\/div><\/div><div class=\"entry-title\"><h4><a href=\"https:\/\/www.koenigswinter-cognac.de\/index.php\/franzoesischer-nationalfeiertag-2024\/\">Franz\u00f6sischer Nationalfeiertag 2024<\/a><\/h4><\/div><div class=\"entry-body\"><p>der in diesem Jahr 35 Jahre bestehende Partnerschaftsverein K\u00f6nigswinter Cognac hatte zum Bouleturnier im B\u00fcrgerpark Niederdollendorf eingeladen. Dieses Turnier...<\/p><div class=\"entry-metadata\">by <a href=\"https:\/\/www.koenigswinter-cognac.de\/index.php\/author\/kwcognac\/\">PV K\u00f6nigswinter - Cognac<\/a> \/ <a href=\"https:\/\/www.koenigswinter-cognac.de\/index.php\/category\/2024\/\" title=\"View all posts in 2024\">2024<\/a>, <a href=\"https:\/\/www.koenigswinter-cognac.de\/index.php\/category\/neuigkeiten\/\" title=\"View all posts in Neuigkeiten\">Neuigkeiten<\/a> \/ <a href=\"https:\/\/www.koenigswinter-cognac.de\/index.php\/franzoesischer-nationalfeiertag-2024\/\/#comments\">No Comments<\/a><\/div><\/div><\/div><\/article><\/div><\/div><div class=\"dt-sc-hr-border\"><\/div>\t<\/div><\/div>\n","protected":false},"excerpt":{"rendered":"<p>der in diesem Jahr 35 Jahre bestehende Partnerschaftsverein K\u00f6nigswinter Cognac hatte zum Bouleturnier im B\u00fcrgerpark Niederdollendorf eingeladen. Dieses Turnier am Franz\u00f6sischen Nationalfeiertag hat im Verein bereits Tradition, findet es doch schon zum 17. Mal statt. Auf Anregung des Organisators, Clemens Feugmann, wurde im letzten Jahr im B\u00fcrgerpark ein Schild aufgestellt, dass auf diese Tradition und die Partnerschaft mit Cognac hinweist. Das in diesem Jahr mit 22 Spielern besetzte Turnier verlief harmonisch und hat allen Teilnehmern viel Spa\u00df gemacht. Zur \u201e3. Halbzeit\u201c im Bredershof fanden sich mehr als 40 Vereinsmitglieder ein. Schluss des offiziellen Teils bildete die franz\u00f6sische Nationalhymne, kurz bevor das WM-Finale begann.<\/p>\n","protected":false},"author":1,"featured_media":0,"parent":5981,"menu_order":0,"comment_status":"closed","ping_status":"closed","template":"","meta":{"footnotes":""},"class_list":["post-70179","page","type-page","status-publish","hentry"],"_links":{"self":[{"href":"https:\/\/www.koenigswinter-cognac.de\/index.php\/wp-json\/wp\/v2\/pages\/70179","targetHints":{"allow":["GET"]}}],"collection":[{"href":"https:\/\/www.koenigswinter-cognac.de\/index.php\/wp-json\/wp\/v2\/pages"}],"about":[{"href":"https:\/\/www.koenigswinter-cognac.de\/index.php\/wp-json\/wp\/v2\/types\/page"}],"author":[{"embeddable":true,"href":"https:\/\/www.koenigswinter-cognac.de\/index.php\/wp-json\/wp\/v2\/users\/1"}],"replies":[{"embeddable":true,"href":"https:\/\/www.koenigswinter-cognac.de\/index.php\/wp-json\/wp\/v2\/comments?post=70179"}],"version-history":[{"count":1,"href":"https:\/\/www.koenigswinter-cognac.de\/index.php\/wp-json\/wp\/v2\/pages\/70179\/revisions"}],"predecessor-version":[{"id":70180,"href":"https:\/\/www.koenigswinter-cognac.de\/index.php\/wp-json\/wp\/v2\/pages\/70179\/revisions\/70180"}],"up":[{"embeddable":true,"href":"https:\/\/www.koenigswinter-cognac.de\/index.php\/wp-json\/wp\/v2\/pages\/5981"}],"wp:attachment":[{"href":"https:\/\/www.koenigswinter-cognac.de\/index.php\/wp-json\/wp\/v2\/media?parent=70179"}],"curies":[{"name":"wp","href":"https:\/\/api.w.org\/{rel}","templated":true}]}}