{"id":70337,"date":"2026-01-15T18:15:28","date_gmt":"2026-01-15T17:15:28","guid":{"rendered":"https:\/\/www.koenigswinter-cognac.de\/?page_id=70337"},"modified":"2026-01-15T18:15:28","modified_gmt":"2026-01-15T17:15:28","slug":"berichte-2026","status":"publish","type":"page","link":"https:\/\/www.koenigswinter-cognac.de\/index.php\/berichte\/berichte-2026\/","title":{"rendered":"Berichte 2026"},"content":{"rendered":"<div  class='fullwidth-section  ' >\t<div class=\"container\"><div class=\"dt-sc-hr-border\"><\/div><div class=\"blog-entry-posts\"><div class=\"column dt-sc-one-third first\"><article id=\"post-70358\" class=\"blog-entry post-70358 post type-post status-publish format-standard has-post-thumbnail hentry category-163 category-neuigkeiten\"><div class=\"blog-entry-inner\"><div class=\"entry-thumb\"><a href=\"https:\/\/www.koenigswinter-cognac.de\/index.php\/ein-fest-des-ehrenamts-der-ehrenamtstag-in-koenigswinter\/\" title=\"Ein Fest des Ehrenamts &#8211; Der Ehrenamtstag in K\u00f6nigswinter\"><img loading=\"lazy\" decoding=\"async\" width=\"420\" height=\"261\" src=\"https:\/\/www.koenigswinter-cognac.de\/wp-content\/uploads\/2026\/03\/Ehrenamtstag-2026-730-420x261.jpg\" class=\"attachment-blog-threecol size-blog-threecol wp-post-image\" alt=\"\" title=\"Ein Fest des Ehrenamts &#8211; Der Ehrenamtstag in K\u00f6nigswinter\" \/><div class=\"blog-overlay\"><span class=\"image-overlay-inside\"><\/span><\/div><\/a><\/div><div class=\"entry-meta\"><div class=\"date\">15 M\u00e4rz 2026<\/div><\/div><div class=\"entry-title\"><h4><a href=\"https:\/\/www.koenigswinter-cognac.de\/index.php\/ein-fest-des-ehrenamts-der-ehrenamtstag-in-koenigswinter\/\">Ein Fest des Ehrenamts &#8211; Der Ehrenamtstag in K\u00f6nigswinter<\/a><\/h4><\/div><div class=\"entry-body\"><p>Was f\u00fcr ein inspirierender Tag auf dem Markt der M\u00f6glichkeiten. Heute feiert K\u00f6nigswinter das Ehrenamt und wir, vom Partnerschaftsverein...<\/p><div class=\"entry-metadata\">by <a href=\"https:\/\/www.koenigswinter-cognac.de\/index.php\/author\/kwcognac\/\">PV K\u00f6nigswinter - Cognac<\/a> \/ <a href=\"https:\/\/www.koenigswinter-cognac.de\/index.php\/category\/2026\/\" title=\"View all posts in 2026\">2026<\/a>, <a href=\"https:\/\/www.koenigswinter-cognac.de\/index.php\/category\/neuigkeiten\/\" title=\"View all posts in Neuigkeiten\">Neuigkeiten<\/a> \/ <a href=\"https:\/\/www.koenigswinter-cognac.de\/index.php\/ein-fest-des-ehrenamts-der-ehrenamtstag-in-koenigswinter\/\/#comments\">No Comments<\/a><\/div><\/div><\/div><\/article><\/div><div class=\"column dt-sc-one-third\"><article id=\"post-70332\" class=\"blog-entry post-70332 post type-post status-publish format-standard has-post-thumbnail hentry category-163 category-neuigkeiten\"><div class=\"blog-entry-inner\"><div class=\"entry-thumb\"><a href=\"https:\/\/www.koenigswinter-cognac.de\/index.php\/interessante-kulturveranstaltungen-institute-francais-der-uni-bonn\/\" title=\"Interessante Kulturveranstaltungen des Institute Fran\u00e7ais der Uni Bonn\"><img loading=\"lazy\" decoding=\"async\" width=\"420\" height=\"261\" src=\"https:\/\/www.koenigswinter-cognac.de\/wp-content\/uploads\/2026\/01\/20260115-Institut-francais-420x261.jpg\" class=\"attachment-blog-threecol size-blog-threecol wp-post-image\" alt=\"\" title=\"Interessante Kulturveranstaltungen des Institute Fran\u00e7ais der Uni Bonn\" \/><div class=\"blog-overlay\"><span class=\"image-overlay-inside\"><\/span><\/div><\/a><\/div><div class=\"entry-meta\"><div class=\"date\">15 Jan. 2026<\/div><\/div><div class=\"entry-title\"><div class=\"featured-post\"><span>Featured<\/span><\/div><h4><a href=\"https:\/\/www.koenigswinter-cognac.de\/index.php\/interessante-kulturveranstaltungen-institute-francais-der-uni-bonn\/\">Interessante Kulturveranstaltungen des Institute Fran\u00e7ais der Uni Bonn<\/a><\/h4><\/div><div class=\"entry-body\"><p>Das Institute Fran\u00e7ais der Uni Bonn bietet diverse Kulturveranstaltungen an unter dem unten stehenden Link kann unter anderem der...<\/p><div class=\"entry-metadata\">by <a href=\"https:\/\/www.koenigswinter-cognac.de\/index.php\/author\/kwcognac\/\">PV K\u00f6nigswinter - Cognac<\/a> \/ <a href=\"https:\/\/www.koenigswinter-cognac.de\/index.php\/category\/2026\/\" title=\"View all posts in 2026\">2026<\/a>, <a href=\"https:\/\/www.koenigswinter-cognac.de\/index.php\/category\/neuigkeiten\/\" title=\"View all posts in Neuigkeiten\">Neuigkeiten<\/a> \/ <a href=\"https:\/\/www.koenigswinter-cognac.de\/index.php\/interessante-kulturveranstaltungen-institute-francais-der-uni-bonn\/\/#comments\">No Comments<\/a><\/div><\/div><\/div><\/article><\/div><div class=\"column dt-sc-one-third\"><article id=\"post-70329\" class=\"blog-entry post-70329 post type-post status-publish format-aside has-post-thumbnail hentry category-163 category-neuigkeiten post_format-post-format-aside\"><div class=\"blog-entry-inner\"><div class=\"entry-thumb\"><a href=\"https:\/\/www.koenigswinter-cognac.de\/index.php\/wie-im-richtigen-leben-christa-und-juergen-bueckmann-sind-das-koenigspaar-beim-galette-de-roi\/\" title=\"Wie im richtigen Leben: Christa und J\u00fcrgen B\u00fcckmann sind das K\u00f6nigspaar beim Galette de Rois\"><img loading=\"lazy\" decoding=\"async\" width=\"420\" height=\"261\" src=\"https:\/\/www.koenigswinter-cognac.de\/wp-content\/uploads\/2026\/01\/20260114-Galette-de-Rois-420x261.jpg\" class=\"attachment-blog-threecol size-blog-threecol wp-post-image\" alt=\"\" title=\"Wie im richtigen Leben: Christa und J\u00fcrgen B\u00fcckmann sind das K\u00f6nigspaar beim Galette de Rois\" \/><div class=\"blog-overlay\"><span class=\"image-overlay-inside\"><\/span><\/div><\/a><\/div><div class=\"entry-meta\"><div class=\"date\">15 Jan. 2026<\/div><\/div><div class=\"entry-title\"><h4><a href=\"https:\/\/www.koenigswinter-cognac.de\/index.php\/wie-im-richtigen-leben-christa-und-juergen-bueckmann-sind-das-koenigspaar-beim-galette-de-roi\/\">Wie im richtigen Leben: Christa und J\u00fcrgen B\u00fcckmann sind das K\u00f6nigspaar beim Galette de Rois<\/a><\/h4><\/div><div class=\"entry-body\"><p>Wenn das kein Zufall ist! Beim Galette de Rois nach der Jahreshauptversammlung des Partnerschaftsvereins hatten Christa und J\u00fcrgen B\u00fcckmann...<\/p><div class=\"entry-metadata\">by <a href=\"https:\/\/www.koenigswinter-cognac.de\/index.php\/author\/kwcognac\/\">PV K\u00f6nigswinter - Cognac<\/a> \/ <a href=\"https:\/\/www.koenigswinter-cognac.de\/index.php\/category\/2026\/\" title=\"View all posts in 2026\">2026<\/a>, <a href=\"https:\/\/www.koenigswinter-cognac.de\/index.php\/category\/neuigkeiten\/\" title=\"View all posts in Neuigkeiten\">Neuigkeiten<\/a> \/ <a href=\"https:\/\/www.koenigswinter-cognac.de\/index.php\/wie-im-richtigen-leben-christa-und-juergen-bueckmann-sind-das-koenigspaar-beim-galette-de-roi\/\/#comments\">No Comments<\/a><\/div><\/div><\/div><\/article><\/div><div class=\"column dt-sc-one-third first\"><article id=\"post-70316\" class=\"blog-entry post-70316 post type-post status-publish format-aside has-post-thumbnail hentry category-163 category-neuigkeiten post_format-post-format-aside\"><div class=\"blog-entry-inner\"><div class=\"entry-thumb\"><a href=\"https:\/\/www.koenigswinter-cognac.de\/index.php\/nun-geht-es-in-die-andere-richtung-radtour-von-koenigswinter-nach-cognac\/\" title=\"Fahrradfernfahrt K\u00f6nigswinter &#8211; Cognac\"><img loading=\"lazy\" decoding=\"async\" width=\"420\" height=\"261\" src=\"https:\/\/www.koenigswinter-cognac.de\/wp-content\/uploads\/2026\/01\/20260115_Radtour_nach_Cognac-1-420x261.jpg\" class=\"attachment-blog-threecol size-blog-threecol wp-post-image\" alt=\"\" title=\"Fahrradfernfahrt K\u00f6nigswinter &#8211; Cognac\" \/><div class=\"blog-overlay\"><span class=\"image-overlay-inside\"><\/span><\/div><\/a><\/div><div class=\"entry-meta\"><div class=\"date\">15 Jan. 2026<\/div><\/div><div class=\"entry-title\"><h4><a href=\"https:\/\/www.koenigswinter-cognac.de\/index.php\/nun-geht-es-in-die-andere-richtung-radtour-von-koenigswinter-nach-cognac\/\">Fahrradfernfahrt K\u00f6nigswinter &#8211; Cognac<\/a><\/h4><\/div><div class=\"entry-body\"><p>Nachdem im Jahr 2014 Cognacer Radfahrer aus unserer Partnerstadt p\u00fcnktlich zum Winzerfest hier eintrafen, geht es nun in die...<\/p><div class=\"entry-metadata\">by <a href=\"https:\/\/www.koenigswinter-cognac.de\/index.php\/author\/kwcognac\/\">PV K\u00f6nigswinter - Cognac<\/a> \/ <a href=\"https:\/\/www.koenigswinter-cognac.de\/index.php\/category\/2026\/\" title=\"View all posts in 2026\">2026<\/a>, <a href=\"https:\/\/www.koenigswinter-cognac.de\/index.php\/category\/neuigkeiten\/\" title=\"View all posts in Neuigkeiten\">Neuigkeiten<\/a> \/ <a href=\"https:\/\/www.koenigswinter-cognac.de\/index.php\/nun-geht-es-in-die-andere-richtung-radtour-von-koenigswinter-nach-cognac\/\/#comments\">No Comments<\/a><\/div><\/div><\/div><\/article><\/div><\/div><div class=\"dt-sc-hr-border\"><\/div>\t<\/div><\/div>\n","protected":false},"excerpt":{"rendered":"<p>Nachdem im Jahr 2014 Cognacer Radfahrer aus unserer Partnerstadt p\u00fcnktlich zum Winzerfest hier eintrafen, geht es nun in die andere Richtung.<br \/>\nZusammen mit dem Radtreff Campus Bonn e.V. organisieren wir im Juli 2026 eine Fahrradfernfahrt von K\u00f6nigswinter zu unserer Partnerstadt Cognac. Die 1000 Kilometer lange Strecke muss individuell entlang einer geplanten Route bew\u00e4ltigt werden. Ganz sportliche k\u00f6nnen die Distanz an einem St\u00fcck als &#8222;Brevet&#8220; fahren.<br \/>\nZiel ist es, zur &#8222;F\u00eate du Cognac&#8220; vom 23. &#8211; 25. Juli 2026 in Cognac anzukommen und dort noch zusammen eine sch\u00f6ne Zeit zu verbringen.<br \/>\nWeitere Informationen gibt es auf den Seiten des RCB e.V.: <a href=\"https:\/\/www.radtreffcampus.de\/brevet-rheinland\/koewi-cognac\">https:\/\/www.radtreffcampus.de\/brevet-rheinland\/koewi-cognac<\/a><br \/>\n&nbsp;<\/p>\n","protected":false},"author":1,"featured_media":0,"parent":5981,"menu_order":0,"comment_status":"closed","ping_status":"closed","template":"","meta":{"footnotes":""},"class_list":["post-70337","page","type-page","status-publish","hentry"],"_links":{"self":[{"href":"https:\/\/www.koenigswinter-cognac.de\/index.php\/wp-json\/wp\/v2\/pages\/70337","targetHints":{"allow":["GET"]}}],"collection":[{"href":"https:\/\/www.koenigswinter-cognac.de\/index.php\/wp-json\/wp\/v2\/pages"}],"about":[{"href":"https:\/\/www.koenigswinter-cognac.de\/index.php\/wp-json\/wp\/v2\/types\/page"}],"author":[{"embeddable":true,"href":"https:\/\/www.koenigswinter-cognac.de\/index.php\/wp-json\/wp\/v2\/users\/1"}],"replies":[{"embeddable":true,"href":"https:\/\/www.koenigswinter-cognac.de\/index.php\/wp-json\/wp\/v2\/comments?post=70337"}],"version-history":[{"count":1,"href":"https:\/\/www.koenigswinter-cognac.de\/index.php\/wp-json\/wp\/v2\/pages\/70337\/revisions"}],"predecessor-version":[{"id":70338,"href":"https:\/\/www.koenigswinter-cognac.de\/index.php\/wp-json\/wp\/v2\/pages\/70337\/revisions\/70338"}],"up":[{"embeddable":true,"href":"https:\/\/www.koenigswinter-cognac.de\/index.php\/wp-json\/wp\/v2\/pages\/5981"}],"wp:attachment":[{"href":"https:\/\/www.koenigswinter-cognac.de\/index.php\/wp-json\/wp\/v2\/media?parent=70337"}],"curies":[{"name":"wp","href":"https:\/\/api.w.org\/{rel}","templated":true}]}}