{"id":7046,"date":"2018-01-06T13:36:44","date_gmt":"2018-01-06T12:36:44","guid":{"rendered":"http:\/\/www.koenigswinter-cognac.de\/Wordpress-2018\/?page_id=7046"},"modified":"2018-03-11T19:12:23","modified_gmt":"2018-03-11T18:12:23","slug":"berichte-2018","status":"publish","type":"page","link":"https:\/\/www.koenigswinter-cognac.de\/index.php\/berichte\/berichte-2018\/","title":{"rendered":"Berichte 2018"},"content":{"rendered":"<div  class='fullwidth-section  ' >\t<div class=\"container\"><div class=\"dt-sc-hr-border\"><\/div><div class=\"blog-entry-posts\"><div class=\"column dt-sc-one-third first\"><article id=\"post-13290\" class=\"blog-entry post-13290 post type-post status-publish format-aside has-post-thumbnail hentry category-143 post_format-post-format-aside\"><div class=\"blog-entry-inner\"><div class=\"entry-thumb\"><a href=\"https:\/\/www.koenigswinter-cognac.de\/index.php\/jahresbericht-2018\/\" title=\"Jahresbericht 2018\"><img loading=\"lazy\" decoding=\"async\" width=\"420\" height=\"261\" src=\"https:\/\/www.koenigswinter-cognac.de\/wp-content\/uploads\/2019\/03\/2018-420x261.jpg\" class=\"attachment-blog-threecol size-blog-threecol wp-post-image\" alt=\"\" title=\"Jahresbericht 2018\" \/><div class=\"blog-overlay\"><span class=\"image-overlay-inside\"><\/span><\/div><\/a><\/div><div class=\"entry-meta\"><div class=\"date\">12 Feb. 2019<\/div><\/div><div class=\"entry-title\"><h4><a href=\"https:\/\/www.koenigswinter-cognac.de\/index.php\/jahresbericht-2018\/\">Jahresbericht 2018<\/a><\/h4><\/div><div class=\"entry-body\"><p>Der Bericht mit den Aktivit\u00e4ten des Partnerschaftsvereins im Jahr 2018 kann <a href=\"https:\/\/www.koenigswinter-cognac.de\/wp-content\/uploads\/2019\/03\/JHV2019Jahresbericht-2018.pdf\">hier<\/a> heruntergeladen werden.\n<\/p><div class=\"entry-metadata\">by <a href=\"https:\/\/www.koenigswinter-cognac.de\/index.php\/author\/KWCognac1989\/\">PV K\u00f6nigswinter - Cognac<\/a> \/ <a href=\"https:\/\/www.koenigswinter-cognac.de\/index.php\/category\/2018\/\" title=\"View all posts in 2018\">2018<\/a> \/ <a href=\"https:\/\/www.koenigswinter-cognac.de\/index.php\/jahresbericht-2018\/\/#comments\">No Comments<\/a><\/div><\/div><\/div><\/article><\/div><div class=\"column dt-sc-one-third\"><article id=\"post-7994\" class=\"blog-entry post-7994 post type-post status-publish format-aside has-post-thumbnail hentry category-143 category-neuigkeiten post_format-post-format-aside\"><div class=\"blog-entry-inner\"><div class=\"entry-thumb\"><a href=\"https:\/\/www.koenigswinter-cognac.de\/index.php\/partnerschaftsverein-begleitet-bm-wirtz-nach-verdun\/\" title=\"Partnerschaftsverein begleitet B\u00fcrgermeister Wirtz nach Verdun\"><img loading=\"lazy\" decoding=\"async\" width=\"420\" height=\"261\" src=\"https:\/\/www.koenigswinter-cognac.de\/wp-content\/uploads\/2018\/11\/20181111-Gesteck-Verdun-730-420x261.jpg\" class=\"attachment-blog-threecol size-blog-threecol wp-post-image\" alt=\"\" title=\"Partnerschaftsverein begleitet B\u00fcrgermeister Wirtz nach Verdun\" \/><div class=\"blog-overlay\"><span class=\"image-overlay-inside\"><\/span><\/div><\/a><\/div><div class=\"entry-meta\"><div class=\"date\">11 Nov. 2018<\/div><\/div><div class=\"entry-title\"><h4><a href=\"https:\/\/www.koenigswinter-cognac.de\/index.php\/partnerschaftsverein-begleitet-bm-wirtz-nach-verdun\/\">Partnerschaftsverein begleitet B\u00fcrgermeister Wirtz nach Verdun<\/a><\/h4><\/div><div class=\"entry-body\"><p>Bei seinem Besuch der Soldatenfriedh\u00f6fe von Verdun am 100. Jahrestag des Waffenstillstandes 1918 wurde B\u00fcrgermeister Peter Wirtz von einer...<\/p><div class=\"entry-metadata\">by <a href=\"https:\/\/www.koenigswinter-cognac.de\/index.php\/author\/kwcognac\/\">PV K\u00f6nigswinter - Cognac<\/a> \/ <a href=\"https:\/\/www.koenigswinter-cognac.de\/index.php\/category\/2018\/\" title=\"View all posts in 2018\">2018<\/a>, <a href=\"https:\/\/www.koenigswinter-cognac.de\/index.php\/category\/neuigkeiten\/\" title=\"View all posts in Neuigkeiten\">Neuigkeiten<\/a> \/ <a href=\"https:\/\/www.koenigswinter-cognac.de\/index.php\/partnerschaftsverein-begleitet-bm-wirtz-nach-verdun\/\/#comments\">No Comments<\/a><\/div><\/div><\/div><\/article><\/div><div class=\"column dt-sc-one-third\"><article id=\"post-7989\" class=\"blog-entry post-7989 post type-post status-publish format-aside has-post-thumbnail hentry category-143 category-neuigkeiten post_format-post-format-aside\"><div class=\"blog-entry-inner\"><div class=\"entry-thumb\"><a href=\"https:\/\/www.koenigswinter-cognac.de\/index.php\/erster-weltkrieg-1914-1918\/\" title=\"1. Weltkrieg 1914 &#8211; 1918\"><img loading=\"lazy\" decoding=\"async\" width=\"420\" height=\"261\" src=\"https:\/\/www.koenigswinter-cognac.de\/wp-content\/uploads\/2018\/11\/20181108-Ank\u00fcndigung-Verdun-420x261.png\" class=\"attachment-blog-threecol size-blog-threecol wp-post-image\" alt=\"\" title=\"1. Weltkrieg 1914 &#8211; 1918\" \/><div class=\"blog-overlay\"><span class=\"image-overlay-inside\"><\/span><\/div><\/a><\/div><div class=\"entry-meta\"><div class=\"date\">08 Nov. 2018<\/div><\/div><div class=\"entry-title\"><h4><a href=\"https:\/\/www.koenigswinter-cognac.de\/index.php\/erster-weltkrieg-1914-1918\/\">1. Weltkrieg 1914 &#8211; 1918<\/a><\/h4><\/div><div class=\"entry-body\"><p>Die B\u00fcrgermeister aus Cognac und K\u00f6nigswinter beabsichtigen, sich am 11.11.2018, dem 100. Jahrestag des Endes des 1. Weltkriegs, in...<\/p><div class=\"entry-metadata\">by <a href=\"https:\/\/www.koenigswinter-cognac.de\/index.php\/author\/KWCognac1989\/\">PV K\u00f6nigswinter - Cognac<\/a> \/ <a href=\"https:\/\/www.koenigswinter-cognac.de\/index.php\/category\/2018\/\" title=\"View all posts in 2018\">2018<\/a>, <a href=\"https:\/\/www.koenigswinter-cognac.de\/index.php\/category\/neuigkeiten\/\" title=\"View all posts in Neuigkeiten\">Neuigkeiten<\/a> \/ <a href=\"https:\/\/www.koenigswinter-cognac.de\/index.php\/erster-weltkrieg-1914-1918\/\/#comments\">No Comments<\/a><\/div><\/div><\/div><\/article><\/div><div class=\"column dt-sc-one-third first\"><article id=\"post-7948\" class=\"blog-entry post-7948 post type-post status-publish format-aside has-post-thumbnail hentry category-143 category-neuigkeiten post_format-post-format-aside\"><div class=\"blog-entry-inner\"><div class=\"entry-thumb\"><a href=\"https:\/\/www.koenigswinter-cognac.de\/index.php\/partnerschaftsverein-auf-reisen-ins-dreilaendereck\/\" title=\"Partnerschaftsverein auf Reisen ins Dreil\u00e4ndereck\"><img loading=\"lazy\" decoding=\"async\" width=\"420\" height=\"261\" src=\"https:\/\/www.koenigswinter-cognac.de\/wp-content\/uploads\/2018\/10\/20181014-Schengen-730-420x261.jpg\" class=\"attachment-blog-threecol size-blog-threecol wp-post-image\" alt=\"\" title=\"Partnerschaftsverein auf Reisen ins Dreil\u00e4ndereck\" \/><div class=\"blog-overlay\"><span class=\"image-overlay-inside\"><\/span><\/div><\/a><\/div><div class=\"entry-meta\"><div class=\"date\">16 Okt. 2018<\/div><\/div><div class=\"entry-title\"><h4><a href=\"https:\/\/www.koenigswinter-cognac.de\/index.php\/partnerschaftsverein-auf-reisen-ins-dreilaendereck\/\">Partnerschaftsverein auf Reisen ins Dreil\u00e4ndereck<\/a><\/h4><\/div><div class=\"entry-body\"><p>Gute Beziehungen unter den europ\u00e4ischen Nachbarn &#8211; Das ist seit Jahren das Ziel des Partnerschaftsvereins K\u00f6nigswinter &#8211; Cognac. Der...<\/p><div class=\"entry-metadata\">by <a href=\"https:\/\/www.koenigswinter-cognac.de\/index.php\/author\/KWCognac1989\/\">PV K\u00f6nigswinter - Cognac<\/a> \/ <a href=\"https:\/\/www.koenigswinter-cognac.de\/index.php\/category\/2018\/\" title=\"View all posts in 2018\">2018<\/a>, <a href=\"https:\/\/www.koenigswinter-cognac.de\/index.php\/category\/neuigkeiten\/\" title=\"View all posts in Neuigkeiten\">Neuigkeiten<\/a> \/ <a href=\"https:\/\/www.koenigswinter-cognac.de\/index.php\/partnerschaftsverein-auf-reisen-ins-dreilaendereck\/\/#comments\">No Comments<\/a><\/div><\/div><\/div><\/article><\/div><div class=\"column dt-sc-one-third\"><article id=\"post-7937\" class=\"blog-entry post-7937 post type-post status-publish format-aside has-post-thumbnail hentry category-143 category-neuigkeiten post_format-post-format-aside\"><div class=\"blog-entry-inner\"><div class=\"entry-thumb\"><a href=\"https:\/\/www.koenigswinter-cognac.de\/index.php\/im-buergerpark-rollt-die-kugel\/\" title=\"Im B\u00fcrgerpark rollt die Kugel\"><img loading=\"lazy\" decoding=\"async\" width=\"420\" height=\"261\" src=\"https:\/\/www.koenigswinter-cognac.de\/wp-content\/uploads\/2018\/07\/20180714-Boule-Schild-730-420x261.jpg\" class=\"attachment-blog-threecol size-blog-threecol wp-post-image\" alt=\"\" title=\"Im B\u00fcrgerpark rollt die Kugel\" \/><div class=\"blog-overlay\"><span class=\"image-overlay-inside\"><\/span><\/div><\/a><\/div><div class=\"entry-meta\"><div class=\"date\">14 Juli 2018<\/div><\/div><div class=\"entry-title\"><h4><a href=\"https:\/\/www.koenigswinter-cognac.de\/index.php\/im-buergerpark-rollt-die-kugel\/\">Im B\u00fcrgerpark rollt die Kugel<\/a><\/h4><\/div><div class=\"entry-body\"><p>Seit 2007 veranstaltet der Partnerschaftsverein K\u00f6nigswinter-Cognac j\u00e4hrlich\u00a0 am 14. Juli, dem Franz\u00f6sischen Nationalfeiertag, ein Bouleturnier. In diesem Jahr fand...<\/p><div class=\"entry-metadata\">by <a href=\"https:\/\/www.koenigswinter-cognac.de\/index.php\/author\/KWCognac1989\/\">PV K\u00f6nigswinter - Cognac<\/a> \/ <a href=\"https:\/\/www.koenigswinter-cognac.de\/index.php\/category\/2018\/\" title=\"View all posts in 2018\">2018<\/a>, <a href=\"https:\/\/www.koenigswinter-cognac.de\/index.php\/category\/neuigkeiten\/\" title=\"View all posts in Neuigkeiten\">Neuigkeiten<\/a> \/ <a href=\"https:\/\/www.koenigswinter-cognac.de\/index.php\/im-buergerpark-rollt-die-kugel\/\/#comments\">No Comments<\/a><\/div><\/div><\/div><\/article><\/div><div class=\"column dt-sc-one-third\"><article id=\"post-7959\" class=\"blog-entry post-7959 post type-post status-publish format-aside has-post-thumbnail hentry category-143 category-neuigkeiten post_format-post-format-aside\"><div class=\"blog-entry-inner\"><div class=\"entry-thumb\"><a href=\"https:\/\/www.koenigswinter-cognac.de\/index.php\/jumelages-en-fete-wir-waren-dabei\/\" title=\"Reibekuchen in Cognac\"><img loading=\"lazy\" decoding=\"async\" width=\"420\" height=\"261\" src=\"https:\/\/www.koenigswinter-cognac.de\/wp-content\/uploads\/2018\/11\/20180616-Rievkoche-420x261.jpg\" class=\"attachment-blog-threecol size-blog-threecol wp-post-image\" alt=\"\" title=\"Reibekuchen in Cognac\" \/><div class=\"blog-overlay\"><span class=\"image-overlay-inside\"><\/span><\/div><\/a><\/div><div class=\"entry-meta\"><div class=\"date\">21 Juni 2018<\/div><\/div><div class=\"entry-title\"><h4><a href=\"https:\/\/www.koenigswinter-cognac.de\/index.php\/jumelages-en-fete-wir-waren-dabei\/\">Reibekuchen in Cognac<\/a><\/h4><\/div><div class=\"entry-body\"><p>Die Stadt Cognac, seit fast 30 Jahren Partnerstadt von K\u00f6nigswinter, hat in einer Festwoche ihre mittlerweile 9 Partnerst\u00e4dte pr\u00e4sentiert,...<\/p><div class=\"entry-metadata\">by <a href=\"https:\/\/www.koenigswinter-cognac.de\/index.php\/author\/KWCognac1989\/\">PV K\u00f6nigswinter - Cognac<\/a> \/ <a href=\"https:\/\/www.koenigswinter-cognac.de\/index.php\/category\/2018\/\" title=\"View all posts in 2018\">2018<\/a>, <a href=\"https:\/\/www.koenigswinter-cognac.de\/index.php\/category\/neuigkeiten\/\" title=\"View all posts in Neuigkeiten\">Neuigkeiten<\/a> \/ <a href=\"https:\/\/www.koenigswinter-cognac.de\/index.php\/jumelages-en-fete-wir-waren-dabei\/\/#comments\">No Comments<\/a><\/div><\/div><\/div><\/article><\/div><div class=\"column dt-sc-one-third first\"><article id=\"post-7921\" class=\"blog-entry post-7921 post type-post status-publish format-aside has-post-thumbnail hentry category-143 category-neuigkeiten post_format-post-format-aside\"><div class=\"blog-entry-inner\"><div class=\"entry-thumb\"><a href=\"https:\/\/www.koenigswinter-cognac.de\/index.php\/besuch-aus-cognac-in-koenigswinter\/\" title=\"Besuch aus Cognac in K\u00f6nigswinter\"><img loading=\"lazy\" decoding=\"async\" width=\"420\" height=\"261\" src=\"https:\/\/www.koenigswinter-cognac.de\/wp-content\/uploads\/2018\/06\/20180611-Besuch-aus-Cognac-420x261.jpg\" class=\"attachment-blog-threecol size-blog-threecol wp-post-image\" alt=\"\" title=\"Besuch aus Cognac in K\u00f6nigswinter\" \/><div class=\"blog-overlay\"><span class=\"image-overlay-inside\"><\/span><\/div><\/a><\/div><div class=\"entry-meta\"><div class=\"date\">11 Juni 2018<\/div><\/div><div class=\"entry-title\"><h4><a href=\"https:\/\/www.koenigswinter-cognac.de\/index.php\/besuch-aus-cognac-in-koenigswinter\/\">Besuch aus Cognac in K\u00f6nigswinter<\/a><\/h4><\/div><div class=\"entry-body\"><p>Blitz, Donner und Regeng\u00fcsse fehlten nicht beim diesj\u00e4hrigen Besuch der Franzosen aus der Partnerstadt Cognac. Meist aber schien mehr...<\/p><div class=\"entry-metadata\">by <a href=\"https:\/\/www.koenigswinter-cognac.de\/index.php\/author\/KWCognac1989\/\">PV K\u00f6nigswinter - Cognac<\/a> \/ <a href=\"https:\/\/www.koenigswinter-cognac.de\/index.php\/category\/2018\/\" title=\"View all posts in 2018\">2018<\/a>, <a href=\"https:\/\/www.koenigswinter-cognac.de\/index.php\/category\/neuigkeiten\/\" title=\"View all posts in Neuigkeiten\">Neuigkeiten<\/a> \/ <a href=\"https:\/\/www.koenigswinter-cognac.de\/index.php\/besuch-aus-cognac-in-koenigswinter\/\/#comments\">No Comments<\/a><\/div><\/div><\/div><\/article><\/div><div class=\"column dt-sc-one-third\"><article id=\"post-7881\" class=\"blog-entry post-7881 post type-post status-publish format-aside has-post-thumbnail hentry category-143 category-neuigkeiten category-uncategorized post_format-post-format-aside\"><div class=\"blog-entry-inner\"><div class=\"entry-thumb\"><a href=\"https:\/\/www.koenigswinter-cognac.de\/index.php\/cognac-feiert-mit-den-partnerstaedten\/\" title=\"Cognac feiert mit den Partnerst\u00e4dten\"><img loading=\"lazy\" decoding=\"async\" width=\"420\" height=\"261\" src=\"https:\/\/www.koenigswinter-cognac.de\/wp-content\/uploads\/2018\/05\/20180531-Jumelages-en-fete-420x261.jpg\" class=\"attachment-blog-threecol size-blog-threecol wp-post-image\" alt=\"\" title=\"Cognac feiert mit den Partnerst\u00e4dten\" \/><div class=\"blog-overlay\"><span class=\"image-overlay-inside\"><\/span><\/div><\/a><\/div><div class=\"entry-meta\"><div class=\"date\">31 Mai 2018<\/div><\/div><div class=\"entry-title\"><h4><a href=\"https:\/\/www.koenigswinter-cognac.de\/index.php\/cognac-feiert-mit-den-partnerstaedten\/\">Cognac feiert mit den Partnerst\u00e4dten<\/a><\/h4><\/div><div class=\"entry-body\"><p>Unter dem Titel &#8222;Jumelages en F\u00eate&#8220; feiert die Stadt Cognac in der Zeit vom 15. bis 21. Juni 2018...<\/p><div class=\"entry-metadata\">by <a href=\"https:\/\/www.koenigswinter-cognac.de\/index.php\/author\/KWCognac1989\/\">PV K\u00f6nigswinter - Cognac<\/a> \/ <a href=\"https:\/\/www.koenigswinter-cognac.de\/index.php\/category\/2018\/\" title=\"View all posts in 2018\">2018<\/a>, <a href=\"https:\/\/www.koenigswinter-cognac.de\/index.php\/category\/neuigkeiten\/\" title=\"View all posts in Neuigkeiten\">Neuigkeiten<\/a>, <a href=\"https:\/\/www.koenigswinter-cognac.de\/index.php\/category\/uncategorized\/\" title=\"View all posts in Uncategorized\">Uncategorized<\/a> \/ <a href=\"https:\/\/www.koenigswinter-cognac.de\/index.php\/cognac-feiert-mit-den-partnerstaedten\/\/#comments\">No Comments<\/a><\/div><\/div><\/div><\/article><\/div><div class=\"column dt-sc-one-third\"><article id=\"post-7887\" class=\"blog-entry post-7887 post type-post status-publish format-aside has-post-thumbnail hentry category-143 category-neuigkeiten post_format-post-format-aside\"><div class=\"blog-entry-inner\"><div class=\"entry-thumb\"><a href=\"https:\/\/www.koenigswinter-cognac.de\/index.php\/heftige-unwetter-gefaehrden-die-weinernte-in-der-cognac-region\/\" title=\"Heftige Unwetter gef\u00e4hrden die Weinernte in der Cognac-Region\"><img loading=\"lazy\" decoding=\"async\" width=\"420\" height=\"261\" src=\"https:\/\/www.koenigswinter-cognac.de\/wp-content\/uploads\/2018\/06\/20180526-Unwetter-in-der-Region-Cognac-420x261.jpg\" class=\"attachment-blog-threecol size-blog-threecol wp-post-image\" alt=\"\" title=\"Heftige Unwetter gef\u00e4hrden die Weinernte in der Cognac-Region\" \/><div class=\"blog-overlay\"><span class=\"image-overlay-inside\"><\/span><\/div><\/a><\/div><div class=\"entry-meta\"><div class=\"date\">26 Mai 2018<\/div><\/div><div class=\"entry-title\"><h4><a href=\"https:\/\/www.koenigswinter-cognac.de\/index.php\/heftige-unwetter-gefaehrden-die-weinernte-in-der-cognac-region\/\">Heftige Unwetter gef\u00e4hrden die Weinernte in der Cognac-Region<\/a><\/h4><\/div><div class=\"entry-body\"><p>Ungew\u00f6hnlich starke Gewitter und Hagelst\u00fcrme haben in den D\u00e9partements Charente und Charente-Maritime am Nachmittag des 26. Mai gew\u00fctet. Sie...<\/p><div class=\"entry-metadata\">by <a href=\"https:\/\/www.koenigswinter-cognac.de\/index.php\/author\/KWCognac1989\/\">PV K\u00f6nigswinter - Cognac<\/a> \/ <a href=\"https:\/\/www.koenigswinter-cognac.de\/index.php\/category\/2018\/\" title=\"View all posts in 2018\">2018<\/a>, <a href=\"https:\/\/www.koenigswinter-cognac.de\/index.php\/category\/neuigkeiten\/\" title=\"View all posts in Neuigkeiten\">Neuigkeiten<\/a> \/ <a href=\"https:\/\/www.koenigswinter-cognac.de\/index.php\/heftige-unwetter-gefaehrden-die-weinernte-in-der-cognac-region\/\/#comments\">No Comments<\/a><\/div><\/div><\/div><\/article><\/div><div class=\"column dt-sc-one-third first\"><article id=\"post-7769\" class=\"blog-entry post-7769 post type-post status-publish format-aside has-post-thumbnail hentry category-143 category-neuigkeiten post_format-post-format-aside\"><div class=\"blog-entry-inner\"><div class=\"entry-thumb\"><a href=\"https:\/\/www.koenigswinter-cognac.de\/index.php\/ein-glas-cognac-fuer-10-000-e\/\" title=\"Ein Glas Cognac f\u00fcr 11.000 \u20ac\"><img loading=\"lazy\" decoding=\"async\" width=\"420\" height=\"261\" src=\"https:\/\/www.koenigswinter-cognac.de\/wp-content\/uploads\/2018\/04\/20180415-Cognacglas-420x261.jpg\" class=\"attachment-blog-threecol size-blog-threecol wp-post-image\" alt=\"\" title=\"Ein Glas Cognac f\u00fcr 11.000 \u20ac\" \/><div class=\"blog-overlay\"><span class=\"image-overlay-inside\"><\/span><\/div><\/a><\/div><div class=\"entry-meta\"><div class=\"date\">15 M\u00e4rz 2018<\/div><\/div><div class=\"entry-title\"><h4><a href=\"https:\/\/www.koenigswinter-cognac.de\/index.php\/ein-glas-cognac-fuer-10-000-e\/\">Ein Glas Cognac f\u00fcr 11.000 \u20ac<\/a><\/h4><\/div><div class=\"entry-body\"><p>Das ist Weltrekord! In einer Londoner Bar hat eine betuchte Kundin aus Indien den bisher h\u00f6chsten Preis f\u00fcr ein...<\/p><div class=\"entry-metadata\">by <a href=\"https:\/\/www.koenigswinter-cognac.de\/index.php\/author\/KWCognac1989\/\">PV K\u00f6nigswinter - Cognac<\/a> \/ <a href=\"https:\/\/www.koenigswinter-cognac.de\/index.php\/category\/2018\/\" title=\"View all posts in 2018\">2018<\/a>, <a href=\"https:\/\/www.koenigswinter-cognac.de\/index.php\/category\/neuigkeiten\/\" title=\"View all posts in Neuigkeiten\">Neuigkeiten<\/a> \/ <a href=\"https:\/\/www.koenigswinter-cognac.de\/index.php\/ein-glas-cognac-fuer-10-000-e\/\/#comments\">No Comments<\/a><\/div><\/div><\/div><\/article><\/div><div class=\"column dt-sc-one-third\"><article id=\"post-7765\" class=\"blog-entry post-7765 post type-post status-publish format-aside has-post-thumbnail hentry category-143 category-neuigkeiten post_format-post-format-aside\"><div class=\"blog-entry-inner\"><div class=\"entry-thumb\"><a href=\"https:\/\/www.koenigswinter-cognac.de\/index.php\/gabare-dame-jeanne-endgueltig-ausser-dienst\/\" title=\"Gabare &#8222;Dame Jeanne&#8220; endg\u00fcltig ausser Dienst\"><img loading=\"lazy\" decoding=\"async\" width=\"420\" height=\"261\" src=\"https:\/\/www.koenigswinter-cognac.de\/wp-content\/uploads\/2018\/04\/20180403-Dame-Jeanne-420x261.jpg\" class=\"attachment-blog-threecol size-blog-threecol wp-post-image\" alt=\"\" title=\"Gabare &#8222;Dame Jeanne&#8220; endg\u00fcltig ausser Dienst\" \/><div class=\"blog-overlay\"><span class=\"image-overlay-inside\"><\/span><\/div><\/a><\/div><div class=\"entry-meta\"><div class=\"date\">10 M\u00e4rz 2018<\/div><\/div><div class=\"entry-title\"><h4><a href=\"https:\/\/www.koenigswinter-cognac.de\/index.php\/gabare-dame-jeanne-endgueltig-ausser-dienst\/\">Gabare &#8222;Dame Jeanne&#8220; endg\u00fcltig ausser Dienst<\/a><\/h4><\/div><div class=\"entry-body\"><p>Die historische Gabare, das Holzboot &#8222;Dame Jeanne&#8220;, mit dem schon viele Mitglieder des Partnerschaftsvereins auf der Charente gefahren sind,...<\/p><div class=\"entry-metadata\">by <a href=\"https:\/\/www.koenigswinter-cognac.de\/index.php\/author\/KWCognac1989\/\">PV K\u00f6nigswinter - Cognac<\/a> \/ <a href=\"https:\/\/www.koenigswinter-cognac.de\/index.php\/category\/2018\/\" title=\"View all posts in 2018\">2018<\/a>, <a href=\"https:\/\/www.koenigswinter-cognac.de\/index.php\/category\/neuigkeiten\/\" title=\"View all posts in Neuigkeiten\">Neuigkeiten<\/a> \/ <a href=\"https:\/\/www.koenigswinter-cognac.de\/index.php\/gabare-dame-jeanne-endgueltig-ausser-dienst\/\/#comments\">No Comments<\/a><\/div><\/div><\/div><\/article><\/div><div class=\"column dt-sc-one-third\"><article id=\"post-7368\" class=\"blog-entry post-7368 post type-post status-publish format-aside has-post-thumbnail hentry category-143 category-neuigkeiten post_format-post-format-aside\"><div class=\"blog-entry-inner\"><div class=\"entry-thumb\"><a href=\"https:\/\/www.koenigswinter-cognac.de\/index.php\/partnerschaftsverein-mit-neuem-vorstand\/\" title=\"Partnerschaftsverein mit neuem Vorstand\"><img loading=\"lazy\" decoding=\"async\" width=\"420\" height=\"261\" src=\"https:\/\/www.koenigswinter-cognac.de\/wp-content\/uploads\/2018\/04\/20180410-Vorstand-420x261.jpg\" class=\"attachment-blog-threecol size-blog-threecol wp-post-image\" alt=\"\" title=\"Partnerschaftsverein mit neuem Vorstand\" \/><div class=\"blog-overlay\"><span class=\"image-overlay-inside\"><\/span><\/div><\/a><\/div><div class=\"entry-meta\"><div class=\"date\">23 Feb. 2018<\/div><\/div><div class=\"entry-title\"><h4><a href=\"https:\/\/www.koenigswinter-cognac.de\/index.php\/partnerschaftsverein-mit-neuem-vorstand\/\">Partnerschaftsverein mit neuem Vorstand<\/a><\/h4><\/div><div class=\"entry-body\"><p>Bei der Jahreshauptversammlung am 23.02.2018 wurde ein neuer Vorstand gew\u00e4hlt. Der bisherige Vorsitzende, Karsten Hinrichs, und das Vorstandsmitglied Dagmar...<\/p><div class=\"entry-metadata\">by <a href=\"https:\/\/www.koenigswinter-cognac.de\/index.php\/author\/kwcognac\/\">PV K\u00f6nigswinter - Cognac<\/a> \/ <a href=\"https:\/\/www.koenigswinter-cognac.de\/index.php\/category\/2018\/\" title=\"View all posts in 2018\">2018<\/a>, <a href=\"https:\/\/www.koenigswinter-cognac.de\/index.php\/category\/neuigkeiten\/\" title=\"View all posts in Neuigkeiten\">Neuigkeiten<\/a> \/ <a href=\"https:\/\/www.koenigswinter-cognac.de\/index.php\/partnerschaftsverein-mit-neuem-vorstand\/\/#comments\">No Comments<\/a><\/div><\/div><\/div><\/article><\/div><div class=\"column dt-sc-one-third first\"><article id=\"post-7774\" class=\"blog-entry post-7774 post type-post status-publish format-aside has-post-thumbnail hentry category-143 category-neuigkeiten post_format-post-format-aside\"><div class=\"blog-entry-inner\"><div class=\"entry-thumb\"><a href=\"https:\/\/www.koenigswinter-cognac.de\/index.php\/luxushotel-eroeffnet-in-cognac\/\" title=\"Luxushotel er\u00f6ffnet in Cognac\"><img loading=\"lazy\" decoding=\"async\" width=\"420\" height=\"261\" src=\"https:\/\/www.koenigswinter-cognac.de\/wp-content\/uploads\/2018\/04\/20180115-Neues-Hotel-1-420x261.jpg\" class=\"attachment-blog-threecol size-blog-threecol wp-post-image\" alt=\"\" title=\"Luxushotel er\u00f6ffnet in Cognac\" \/><div class=\"blog-overlay\"><span class=\"image-overlay-inside\"><\/span><\/div><\/a><\/div><div class=\"entry-meta\"><div class=\"date\">20 Jan. 2018<\/div><\/div><div class=\"entry-title\"><h4><a href=\"https:\/\/www.koenigswinter-cognac.de\/index.php\/luxushotel-eroeffnet-in-cognac\/\">Luxushotel er\u00f6ffnet in Cognac<\/a><\/h4><\/div><div class=\"entry-body\"><p>In diesem Sommer soll das erste F\u00fcnf-Sterne-Hotel in Cognac seine Tore \u00f6ffnen. Auf dem Gel\u00e4nde des Cognac-Herstellers Monnet zwischen...<\/p><div class=\"entry-metadata\">by <a href=\"https:\/\/www.koenigswinter-cognac.de\/index.php\/author\/KWCognac1989\/\">PV K\u00f6nigswinter - Cognac<\/a> \/ <a href=\"https:\/\/www.koenigswinter-cognac.de\/index.php\/category\/2018\/\" title=\"View all posts in 2018\">2018<\/a>, <a href=\"https:\/\/www.koenigswinter-cognac.de\/index.php\/category\/neuigkeiten\/\" title=\"View all posts in Neuigkeiten\">Neuigkeiten<\/a> \/ <a href=\"https:\/\/www.koenigswinter-cognac.de\/index.php\/luxushotel-eroeffnet-in-cognac\/\/#comments\">No Comments<\/a><\/div><\/div><\/div><\/article><\/div><\/div><div class=\"dt-sc-hr-border\"><\/div>\t<\/div><\/div>\n","protected":false},"excerpt":{"rendered":"<p>In diesem Sommer soll das erste F\u00fcnf-Sterne-Hotel in Cognac seine Tore \u00f6ffnen. Auf dem Gel\u00e4nde des Cognac-Herstellers Monnet zwischen der Charente und dem Stadtzentrum entsteht ein origineller Bau unter umfangreicher Verwendung alter Bausubstanz. Die Stadt hatte das Grundst\u00fcck angekauft und mit einem Investor \u00fcber die Nutzung verhandelt. Das Hotel &#8222;Chais Monnet&#8220; wird 92 Zimmer und 14 Wohnungen anbieten. Dadurch werden in der Stadt 90 neue Arbeitspl\u00e4tze geschaffen, in der Hochsaison bis zu 150. Im Management wird Personal mit Erfahrung aus China anzutreffen sein, ein Hinweis auf die Herkunft der G\u00e4ste, die man sich u.a. erhofft.<br \/>\n<a href=\"https:\/\/www.koenigswinter-cognac.de\/Wordpress-2018\/wp-content\/uploads\/2018\/04\/20180115-Neues-Hotel-2.jpg\"><\/a><br \/>\nEs ist noch einiges zu tun, bis man das erste Glas in dem hier gezeigten Ambiente genie\u00dfen kann.<\/p>\n","protected":false},"author":1,"featured_media":0,"parent":5981,"menu_order":0,"comment_status":"closed","ping_status":"closed","template":"","meta":{"footnotes":""},"class_list":["post-7046","page","type-page","status-publish","hentry"],"_links":{"self":[{"href":"https:\/\/www.koenigswinter-cognac.de\/index.php\/wp-json\/wp\/v2\/pages\/7046","targetHints":{"allow":["GET"]}}],"collection":[{"href":"https:\/\/www.koenigswinter-cognac.de\/index.php\/wp-json\/wp\/v2\/pages"}],"about":[{"href":"https:\/\/www.koenigswinter-cognac.de\/index.php\/wp-json\/wp\/v2\/types\/page"}],"author":[{"embeddable":true,"href":"https:\/\/www.koenigswinter-cognac.de\/index.php\/wp-json\/wp\/v2\/users\/1"}],"replies":[{"embeddable":true,"href":"https:\/\/www.koenigswinter-cognac.de\/index.php\/wp-json\/wp\/v2\/comments?post=7046"}],"version-history":[{"count":36,"href":"https:\/\/www.koenigswinter-cognac.de\/index.php\/wp-json\/wp\/v2\/pages\/7046\/revisions"}],"predecessor-version":[{"id":7437,"href":"https:\/\/www.koenigswinter-cognac.de\/index.php\/wp-json\/wp\/v2\/pages\/7046\/revisions\/7437"}],"up":[{"embeddable":true,"href":"https:\/\/www.koenigswinter-cognac.de\/index.php\/wp-json\/wp\/v2\/pages\/5981"}],"wp:attachment":[{"href":"https:\/\/www.koenigswinter-cognac.de\/index.php\/wp-json\/wp\/v2\/media?parent=7046"}],"curies":[{"name":"wp","href":"https:\/\/api.w.org\/{rel}","templated":true}]}}