{"id":7445,"date":"2018-03-11T19:21:16","date_gmt":"2018-03-11T18:21:16","guid":{"rendered":"http:\/\/www.koenigswinter-cognac.de\/Wordpress-2018\/?page_id=7445"},"modified":"2018-03-11T19:21:32","modified_gmt":"2018-03-11T18:21:32","slug":"berichte-2014","status":"publish","type":"page","link":"https:\/\/www.koenigswinter-cognac.de\/index.php\/berichte\/berichte-2014\/","title":{"rendered":"Berichte 2014"},"content":{"rendered":"<div  class='fullwidth-section  ' >\t<div class=\"container\"><div class=\"dt-sc-hr-border\"><\/div><div class=\"blog-entry-posts\"><div class=\"column dt-sc-one-third first\"><article id=\"post-7559\" class=\"blog-entry post-7559 post type-post status-publish format-aside has-post-thumbnail hentry category-150 post_format-post-format-aside\"><div class=\"blog-entry-inner\"><div class=\"entry-thumb\"><a href=\"https:\/\/www.koenigswinter-cognac.de\/index.php\/jahresbericht-2014\/\" title=\"Jahresbericht 2014\"><img loading=\"lazy\" decoding=\"async\" width=\"420\" height=\"261\" src=\"https:\/\/www.koenigswinter-cognac.de\/wp-content\/uploads\/2018\/03\/2014-420x261.jpg\" class=\"attachment-blog-threecol size-blog-threecol wp-post-image\" alt=\"\" title=\"Jahresbericht 2014\" \/><div class=\"blog-overlay\"><span class=\"image-overlay-inside\"><\/span><\/div><\/a><\/div><div class=\"entry-meta\"><div class=\"date\">31 Dez. 2014<\/div><\/div><div class=\"entry-title\"><h4><a href=\"https:\/\/www.koenigswinter-cognac.de\/index.php\/jahresbericht-2014\/\">Jahresbericht 2014<\/a><\/h4><\/div><div class=\"entry-body\"><p>Der Bericht mit den Aktivit\u00e4ten des Partnerschaftsvereins im Jahr 2014 kann <a href=\"https:\/\/www.koenigswinter-cognac.de\/wp-content\/uploads\/2018\/03\/jahresbericht-2014.pdf\">hier<\/a> heruntergeladen werden.\n<\/p><div class=\"entry-metadata\">by <a href=\"https:\/\/www.koenigswinter-cognac.de\/index.php\/author\/KWCognac1989\/\">PV K\u00f6nigswinter - Cognac<\/a> \/ <a href=\"https:\/\/www.koenigswinter-cognac.de\/index.php\/category\/2014\/\" title=\"View all posts in 2014\">2014<\/a> \/ <a href=\"https:\/\/www.koenigswinter-cognac.de\/index.php\/jahresbericht-2014\/\/#comments\">No Comments<\/a><\/div><\/div><\/div><\/article><\/div><div class=\"column dt-sc-one-third\"><article id=\"post-7687\" class=\"blog-entry post-7687 post type-post status-publish format-aside has-post-thumbnail hentry category-150 post_format-post-format-aside\"><div class=\"blog-entry-inner\"><div class=\"entry-thumb\"><a href=\"https:\/\/www.koenigswinter-cognac.de\/index.php\/buergermeister-wuenschen-sich-mehr-schueleraustausch\/\" title=\"B\u00fcrgermeister w\u00fcnschen Sch\u00fcleraustausch\"><img loading=\"lazy\" decoding=\"async\" width=\"420\" height=\"261\" src=\"https:\/\/www.koenigswinter-cognac.de\/wp-content\/uploads\/2018\/04\/20141006-Sch\u00fcleraustausch-420x261.jpg\" class=\"attachment-blog-threecol size-blog-threecol wp-post-image\" alt=\"\" title=\"B\u00fcrgermeister w\u00fcnschen Sch\u00fcleraustausch\" \/><div class=\"blog-overlay\"><span class=\"image-overlay-inside\"><\/span><\/div><\/a><\/div><div class=\"entry-meta\"><div class=\"date\">06 Okt. 2014<\/div><\/div><div class=\"entry-title\"><h4><a href=\"https:\/\/www.koenigswinter-cognac.de\/index.php\/buergermeister-wuenschen-sich-mehr-schueleraustausch\/\">B\u00fcrgermeister w\u00fcnschen Sch\u00fcleraustausch<\/a><\/h4><\/div><div class=\"entry-body\"><p>Die B\u00fcrgermeister aus K\u00f6nigswinter, Cognac und North East Lincolnshire w\u00fcnschen sich mehr Sch\u00fcleraustausch zwischen den Partnerst\u00e4dten.\nDer <a href=\"http:\/\/www.general-anzeiger-bonn.de\/region\/siebengebirge\/koenigswinter\/B\u00fcrgermeister-w\u00fcnschen-sich-Sch\u00fcleraustausch-article1472862.html\">General-Anzeiger Bonn<\/a>...<\/p><div class=\"entry-metadata\">by <a href=\"https:\/\/www.koenigswinter-cognac.de\/index.php\/author\/KWCognac1989\/\">PV K\u00f6nigswinter - Cognac<\/a> \/ <a href=\"https:\/\/www.koenigswinter-cognac.de\/index.php\/category\/2014\/\" title=\"View all posts in 2014\">2014<\/a> \/ <a href=\"https:\/\/www.koenigswinter-cognac.de\/index.php\/buergermeister-wuenschen-sich-mehr-schueleraustausch\/\/#comments\">No Comments<\/a><\/div><\/div><\/div><\/article><\/div><div class=\"column dt-sc-one-third\"><article id=\"post-7682\" class=\"blog-entry post-7682 post type-post status-publish format-aside has-post-thumbnail hentry category-150 post_format-post-format-aside\"><div class=\"blog-entry-inner\"><div class=\"entry-thumb\"><a href=\"https:\/\/www.koenigswinter-cognac.de\/index.php\/festakt-zum-jubilaeum\/\" title=\"25 und 40 Jahre &#8211; Festakt zum Jubil\u00e4um\"><img loading=\"lazy\" decoding=\"async\" width=\"420\" height=\"261\" src=\"https:\/\/www.koenigswinter-cognac.de\/wp-content\/uploads\/2018\/04\/20141004-Festakt-420x261.jpg\" class=\"attachment-blog-threecol size-blog-threecol wp-post-image\" alt=\"\" title=\"25 und 40 Jahre &#8211; Festakt zum Jubil\u00e4um\" \/><div class=\"blog-overlay\"><span class=\"image-overlay-inside\"><\/span><\/div><\/a><\/div><div class=\"entry-meta\"><div class=\"date\">04 Okt. 2014<\/div><\/div><div class=\"entry-title\"><h4><a href=\"https:\/\/www.koenigswinter-cognac.de\/index.php\/festakt-zum-jubilaeum\/\">25 und 40 Jahre &#8211; Festakt zum Jubil\u00e4um<\/a><\/h4><\/div><div class=\"entry-body\"><p>Aus Anlass des Jubil\u00e4ums der St\u00e4dtepartnerschaften K\u00f6nigswinters mit Cognac (25 Jahre) und North East Lincolnshire (40 Jahre) fand in...<\/p><div class=\"entry-metadata\">by <a href=\"https:\/\/www.koenigswinter-cognac.de\/index.php\/author\/KWCognac1989\/\">PV K\u00f6nigswinter - Cognac<\/a> \/ <a href=\"https:\/\/www.koenigswinter-cognac.de\/index.php\/category\/2014\/\" title=\"View all posts in 2014\">2014<\/a> \/ <a href=\"https:\/\/www.koenigswinter-cognac.de\/index.php\/festakt-zum-jubilaeum\/\/#comments\">No Comments<\/a><\/div><\/div><\/div><\/article><\/div><div class=\"column dt-sc-one-third first\"><article id=\"post-7678\" class=\"blog-entry post-7678 post type-post status-publish format-aside has-post-thumbnail hentry category-150 post_format-post-format-aside\"><div class=\"blog-entry-inner\"><div class=\"entry-thumb\"><a href=\"https:\/\/www.koenigswinter-cognac.de\/index.php\/mit-dem-fahrrad-von-cognac-nach-koenigswinter\/\" title=\"Mit dem Fahrrad von Cognac an den Rhein\"><img loading=\"lazy\" decoding=\"async\" width=\"420\" height=\"261\" src=\"https:\/\/www.koenigswinter-cognac.de\/wp-content\/uploads\/2018\/04\/20141003-Ankunft-der-Radfahrer-420x261.jpg\" class=\"attachment-blog-threecol size-blog-threecol wp-post-image\" alt=\"\" title=\"Mit dem Fahrrad von Cognac an den Rhein\" \/><div class=\"blog-overlay\"><span class=\"image-overlay-inside\"><\/span><\/div><\/a><\/div><div class=\"entry-meta\"><div class=\"date\">03 Okt. 2014<\/div><\/div><div class=\"entry-title\"><h4><a href=\"https:\/\/www.koenigswinter-cognac.de\/index.php\/mit-dem-fahrrad-von-cognac-nach-koenigswinter\/\">Mit dem Fahrrad von Cognac an den Rhein<\/a><\/h4><\/div><div class=\"entry-body\"><p>Sie kamen von weit her und wurden begeistert empfangen: die Radfahrer aus Cognac radelten von der Charente zur Jubil\u00e4umsfeier...<\/p><div class=\"entry-metadata\">by <a href=\"https:\/\/www.koenigswinter-cognac.de\/index.php\/author\/KWCognac1989\/\">PV K\u00f6nigswinter - Cognac<\/a> \/ <a href=\"https:\/\/www.koenigswinter-cognac.de\/index.php\/category\/2014\/\" title=\"View all posts in 2014\">2014<\/a> \/ <a href=\"https:\/\/www.koenigswinter-cognac.de\/index.php\/mit-dem-fahrrad-von-cognac-nach-koenigswinter\/\/#comments\">No Comments<\/a><\/div><\/div><\/div><\/article><\/div><div class=\"column dt-sc-one-third\"><article id=\"post-7650\" class=\"blog-entry post-7650 post type-post status-publish format-aside has-post-thumbnail hentry category-150 post_format-post-format-aside\"><div class=\"blog-entry-inner\"><div class=\"entry-thumb\"><a href=\"https:\/\/www.koenigswinter-cognac.de\/index.php\/vorstellung-des-partnerschaftskalenders\/\" title=\"Vorstellung des Partnerschaftskalenders\"><img loading=\"lazy\" decoding=\"async\" width=\"420\" height=\"261\" src=\"https:\/\/www.koenigswinter-cognac.de\/wp-content\/uploads\/2018\/04\/20140916-Partnerschaftskalender-420x261.jpg\" class=\"attachment-blog-threecol size-blog-threecol wp-post-image\" alt=\"\" title=\"Vorstellung des Partnerschaftskalenders\" \/><div class=\"blog-overlay\"><span class=\"image-overlay-inside\"><\/span><\/div><\/a><\/div><div class=\"entry-meta\"><div class=\"date\">16 Sep. 2014<\/div><\/div><div class=\"entry-title\"><h4><a href=\"https:\/\/www.koenigswinter-cognac.de\/index.php\/vorstellung-des-partnerschaftskalenders\/\">Vorstellung des Partnerschaftskalenders<\/a><\/h4><\/div><div class=\"entry-body\"><p>Aus Anlass der Jubil\u00e4en der beiden St\u00e4dtepartnerschaften (25 Jahre mit Cognac, 40 Jahr mit North East Lincolnshire) erstellten die...<\/p><div class=\"entry-metadata\">by <a href=\"https:\/\/www.koenigswinter-cognac.de\/index.php\/author\/KWCognac1989\/\">PV K\u00f6nigswinter - Cognac<\/a> \/ <a href=\"https:\/\/www.koenigswinter-cognac.de\/index.php\/category\/2014\/\" title=\"View all posts in 2014\">2014<\/a> \/ <a href=\"https:\/\/www.koenigswinter-cognac.de\/index.php\/vorstellung-des-partnerschaftskalenders\/\/#comments\">No Comments<\/a><\/div><\/div><\/div><\/article><\/div><div class=\"column dt-sc-one-third\"><article id=\"post-7646\" class=\"blog-entry post-7646 post type-post status-publish format-aside has-post-thumbnail hentry category-150 post_format-post-format-aside\"><div class=\"blog-entry-inner\"><div class=\"entry-thumb\"><a href=\"https:\/\/www.koenigswinter-cognac.de\/index.php\/mitgebracht-aus-cognac-und-nel\/\" title=\"Mitgebracht aus Cognac und NEL\"><img loading=\"lazy\" decoding=\"async\" width=\"420\" height=\"261\" src=\"https:\/\/www.koenigswinter-cognac.de\/wp-content\/uploads\/2018\/04\/20140915-Ausstellung-Mitgebracht-420x261.jpg\" class=\"attachment-blog-threecol size-blog-threecol wp-post-image\" alt=\"\" title=\"Mitgebracht aus Cognac und NEL\" \/><div class=\"blog-overlay\"><span class=\"image-overlay-inside\"><\/span><\/div><\/a><\/div><div class=\"entry-meta\"><div class=\"date\">15 Sep. 2014<\/div><\/div><div class=\"entry-title\"><h4><a href=\"https:\/\/www.koenigswinter-cognac.de\/index.php\/mitgebracht-aus-cognac-und-nel\/\">Mitgebracht aus Cognac und NEL<\/a><\/h4><\/div><div class=\"entry-body\"><p>Unter dem Motto &#8222;Mitgebracht&#8220; stellt die Stadt K\u00f6nigswinter Geschenke aus den Partnerst\u00e4dten Cognac und North East Lincolnshire (NEL) aus....<\/p><div class=\"entry-metadata\">by <a href=\"https:\/\/www.koenigswinter-cognac.de\/index.php\/author\/KWCognac1989\/\">PV K\u00f6nigswinter - Cognac<\/a> \/ <a href=\"https:\/\/www.koenigswinter-cognac.de\/index.php\/category\/2014\/\" title=\"View all posts in 2014\">2014<\/a> \/ <a href=\"https:\/\/www.koenigswinter-cognac.de\/index.php\/mitgebracht-aus-cognac-und-nel\/\/#comments\">No Comments<\/a><\/div><\/div><\/div><\/article><\/div><div class=\"column dt-sc-one-third first\"><article id=\"post-7656\" class=\"blog-entry post-7656 post type-post status-publish format-aside has-post-thumbnail hentry category-150 post_format-post-format-aside\"><div class=\"blog-entry-inner\"><div class=\"entry-thumb\"><a href=\"https:\/\/www.koenigswinter-cognac.de\/index.php\/boule-turnier-am-nationalfeiertag\/\" title=\"Boule-Turnier am Nationalfeiertag\"><img loading=\"lazy\" decoding=\"async\" width=\"420\" height=\"261\" src=\"https:\/\/www.koenigswinter-cognac.de\/wp-content\/uploads\/2018\/04\/20140714-Boule-420x261.jpg\" class=\"attachment-blog-threecol size-blog-threecol wp-post-image\" alt=\"\" title=\"Boule-Turnier am Nationalfeiertag\" \/><div class=\"blog-overlay\"><span class=\"image-overlay-inside\"><\/span><\/div><\/a><\/div><div class=\"entry-meta\"><div class=\"date\">14 Juli 2014<\/div><\/div><div class=\"entry-title\"><h4><a href=\"https:\/\/www.koenigswinter-cognac.de\/index.php\/boule-turnier-am-nationalfeiertag\/\">Boule-Turnier am Nationalfeiertag<\/a><\/h4><\/div><div class=\"entry-body\"><p>Der 14. Juli, der franz\u00f6sische Nationalfeiertag, war auch in diesem Jahr f\u00fcr den Partnerschaftsverein K\u00f6nigswinter &#8211; Cognac der Anlass,...<\/p><div class=\"entry-metadata\">by <a href=\"https:\/\/www.koenigswinter-cognac.de\/index.php\/author\/KWCognac1989\/\">PV K\u00f6nigswinter - Cognac<\/a> \/ <a href=\"https:\/\/www.koenigswinter-cognac.de\/index.php\/category\/2014\/\" title=\"View all posts in 2014\">2014<\/a> \/ <a href=\"https:\/\/www.koenigswinter-cognac.de\/index.php\/boule-turnier-am-nationalfeiertag\/\/#comments\">No Comments<\/a><\/div><\/div><\/div><\/article><\/div><div class=\"column dt-sc-one-third\"><article id=\"post-7658\" class=\"blog-entry post-7658 post type-post status-publish format-aside has-post-thumbnail hentry category-150 post_format-post-format-aside\"><div class=\"blog-entry-inner\"><div class=\"entry-thumb\"><a href=\"https:\/\/www.koenigswinter-cognac.de\/index.php\/kunst-im-sinne-der-staedtepartnerschaft\/\" title=\"Kunst im Sinne der St\u00e4dtepartnerschaft\"><img loading=\"lazy\" decoding=\"async\" width=\"420\" height=\"261\" src=\"https:\/\/www.koenigswinter-cognac.de\/wp-content\/uploads\/2018\/04\/20140705-MCPajeile-420x261.jpg\" class=\"attachment-blog-threecol size-blog-threecol wp-post-image\" alt=\"\" title=\"Kunst im Sinne der St\u00e4dtepartnerschaft\" \/><div class=\"blog-overlay\"><span class=\"image-overlay-inside\"><\/span><\/div><\/a><\/div><div class=\"entry-meta\"><div class=\"date\">08 Juli 2014<\/div><\/div><div class=\"entry-title\"><h4><a href=\"https:\/\/www.koenigswinter-cognac.de\/index.php\/kunst-im-sinne-der-staedtepartnerschaft\/\">Kunst im Sinne der St\u00e4dtepartnerschaft<\/a><\/h4><\/div><div class=\"entry-body\"><p>Unter dem Titel &#8222;Mouvements en continu&#8220; stellte die Cognacer K\u00fcnstlerin Marie-Claire Pajeile ihre Werke im Haus Bachem in K\u00f6nigswinter...<\/p><div class=\"entry-metadata\">by <a href=\"https:\/\/www.koenigswinter-cognac.de\/index.php\/author\/KWCognac1989\/\">PV K\u00f6nigswinter - Cognac<\/a> \/ <a href=\"https:\/\/www.koenigswinter-cognac.de\/index.php\/category\/2014\/\" title=\"View all posts in 2014\">2014<\/a> \/ <a href=\"https:\/\/www.koenigswinter-cognac.de\/index.php\/kunst-im-sinne-der-staedtepartnerschaft\/\/#comments\">No Comments<\/a><\/div><\/div><\/div><\/article><\/div><div class=\"column dt-sc-one-third\"><article id=\"post-7665\" class=\"blog-entry post-7665 post type-post status-publish format-aside has-post-thumbnail hentry category-150 post_format-post-format-aside\"><div class=\"blog-entry-inner\"><div class=\"entry-thumb\"><a href=\"https:\/\/www.koenigswinter-cognac.de\/index.php\/freude-an-der-sprache-wecken\/\" title=\"Freude an der Sprache wecken\"><img loading=\"lazy\" decoding=\"async\" width=\"420\" height=\"261\" src=\"https:\/\/www.koenigswinter-cognac.de\/wp-content\/uploads\/2018\/04\/20140705-Vorlesewettbewerb-420x261.jpg\" class=\"attachment-blog-threecol size-blog-threecol wp-post-image\" alt=\"\" title=\"Freude an der Sprache wecken\" \/><div class=\"blog-overlay\"><span class=\"image-overlay-inside\"><\/span><\/div><\/a><\/div><div class=\"entry-meta\"><div class=\"date\">05 Juli 2014<\/div><\/div><div class=\"entry-title\"><h4><a href=\"https:\/\/www.koenigswinter-cognac.de\/index.php\/freude-an-der-sprache-wecken\/\">Freude an der Sprache wecken<\/a><\/h4><\/div><div class=\"entry-body\"><p>Unter diesem Motto stand der diesj\u00e4hrige Vorlesewettbewerb im K\u00f6nigswinterer Gymnasium am \u00d6lberg.\nDer <a href=\"http:\/\/www.general-anzeiger-bonn.de\/region\/siebengebirge\/koenigswinter\/Freude-an-der-Sprache-wecken-article1398991.html\">General-Anzeiger Bonn<\/a> berichtete in seiner Ausgabe...<\/p><div class=\"entry-metadata\">by <a href=\"https:\/\/www.koenigswinter-cognac.de\/index.php\/author\/KWCognac1989\/\">PV K\u00f6nigswinter - Cognac<\/a> \/ <a href=\"https:\/\/www.koenigswinter-cognac.de\/index.php\/category\/2014\/\" title=\"View all posts in 2014\">2014<\/a> \/ <a href=\"https:\/\/www.koenigswinter-cognac.de\/index.php\/freude-an-der-sprache-wecken\/\/#comments\">No Comments<\/a><\/div><\/div><\/div><\/article><\/div><div class=\"column dt-sc-one-third first\"><article id=\"post-7652\" class=\"blog-entry post-7652 post type-post status-publish format-aside has-post-thumbnail hentry category-150 post_format-post-format-aside\"><div class=\"blog-entry-inner\"><div class=\"entry-thumb\"><a href=\"https:\/\/www.koenigswinter-cognac.de\/index.php\/jubilaeum-im-doppelpack\/\" title=\"Jubil\u00e4um im Doppelpack &#8211; Wein darf nicht fehlen.\"><img loading=\"lazy\" decoding=\"async\" width=\"420\" height=\"261\" src=\"https:\/\/www.koenigswinter-cognac.de\/wp-content\/uploads\/2018\/04\/20140624-Partnerschaftswein-420x261.jpg\" class=\"attachment-blog-threecol size-blog-threecol wp-post-image\" alt=\"\" title=\"Jubil\u00e4um im Doppelpack &#8211; Wein darf nicht fehlen.\" \/><div class=\"blog-overlay\"><span class=\"image-overlay-inside\"><\/span><\/div><\/a><\/div><div class=\"entry-meta\"><div class=\"date\">24 Juni 2014<\/div><\/div><div class=\"entry-title\"><h4><a href=\"https:\/\/www.koenigswinter-cognac.de\/index.php\/jubilaeum-im-doppelpack\/\">Jubil\u00e4um im Doppelpack &#8211; Wein darf nicht fehlen.<\/a><\/h4><\/div><div class=\"entry-body\"><p>Der <a href=\"http:\/\/www.general-anzeiger-bonn.de\/region\/siebengebirge\/koenigswinter\/Jubil\u00e4um-im-Doppelpack-article1385591.html\">General-Anzeiger Bonn<\/a> berichtet in seiner Ausgabe vom 24.06.2014 \u00fcber die beiden Jubil\u00e4en der beiden K\u00f6nigswinterer St\u00e4dtepartnerschaften mit...<\/p><div class=\"entry-metadata\">by <a href=\"https:\/\/www.koenigswinter-cognac.de\/index.php\/author\/KWCognac1989\/\">PV K\u00f6nigswinter - Cognac<\/a> \/ <a href=\"https:\/\/www.koenigswinter-cognac.de\/index.php\/category\/2014\/\" title=\"View all posts in 2014\">2014<\/a> \/ <a href=\"https:\/\/www.koenigswinter-cognac.de\/index.php\/jubilaeum-im-doppelpack\/\/#comments\">No Comments<\/a><\/div><\/div><\/div><\/article><\/div><div class=\"column dt-sc-one-third\"><article id=\"post-7673\" class=\"blog-entry post-7673 post type-post status-publish format-aside has-post-thumbnail hentry category-150 post_format-post-format-aside\"><div class=\"blog-entry-inner\"><div class=\"entry-thumb\"><a href=\"https:\/\/www.koenigswinter-cognac.de\/index.php\/schueler-aus-cognac-besuchen-koenigswinter\/\" title=\"Sch\u00fcler aus Cognac besuchen K\u00f6nigswinter\"><img loading=\"lazy\" decoding=\"async\" width=\"420\" height=\"261\" src=\"https:\/\/www.koenigswinter-cognac.de\/wp-content\/uploads\/2018\/04\/20140408-Sch\u00fcleraustausch-2014-420x261.jpg\" class=\"attachment-blog-threecol size-blog-threecol wp-post-image\" alt=\"\" title=\"Sch\u00fcler aus Cognac besuchen K\u00f6nigswinter\" \/><div class=\"blog-overlay\"><span class=\"image-overlay-inside\"><\/span><\/div><\/a><\/div><div class=\"entry-meta\"><div class=\"date\">08 Apr. 2014<\/div><\/div><div class=\"entry-title\"><h4><a href=\"https:\/\/www.koenigswinter-cognac.de\/index.php\/schueler-aus-cognac-besuchen-koenigswinter\/\">Sch\u00fcler aus Cognac besuchen K\u00f6nigswinter<\/a><\/h4><\/div><div class=\"entry-body\"><p>Zahlreiche Sch\u00fcler aus Cognac nahmen am diesj\u00e4hrigen Sch\u00fcleraustausch teil und besuchten ihre Partnerstadt K\u00f6nigswinter.\nDer <a href=\"http:\/\/www.general-anzeiger-bonn.de\/region\/siebengebirge\/koenigswinter\/25-Jahre-St\u00e4dtepartnerschaft-und-Sch\u00fcleraustausch-mit-Cognac-article1322362.html\">General-Anzeiger Bonn<\/a> berichtete in...<\/p><div class=\"entry-metadata\">by <a href=\"https:\/\/www.koenigswinter-cognac.de\/index.php\/author\/KWCognac1989\/\">PV K\u00f6nigswinter - Cognac<\/a> \/ <a href=\"https:\/\/www.koenigswinter-cognac.de\/index.php\/category\/2014\/\" title=\"View all posts in 2014\">2014<\/a> \/ <a href=\"https:\/\/www.koenigswinter-cognac.de\/index.php\/schueler-aus-cognac-besuchen-koenigswinter\/\/#comments\">No Comments<\/a><\/div><\/div><\/div><\/article><\/div><\/div><div class=\"dt-sc-hr-border\"><\/div>\t<\/div><\/div>\n","protected":false},"excerpt":{"rendered":"<p>Zahlreiche Sch\u00fcler aus Cognac nahmen am diesj\u00e4hrigen Sch\u00fcleraustausch teil und besuchten ihre Partnerstadt K\u00f6nigswinter.<br \/>\nDer <a href=\"http:\/\/www.general-anzeiger-bonn.de\/region\/siebengebirge\/koenigswinter\/25-Jahre-St\u00e4dtepartnerschaft-und-Sch\u00fcleraustausch-mit-Cognac-article1322362.html\">General-Anzeiger Bonn<\/a> berichtete in seiner Ausgabe vom 09.04.2014.<br \/>\nFoto: Werner Milsbach<\/p>\n","protected":false},"author":1,"featured_media":0,"parent":5981,"menu_order":0,"comment_status":"closed","ping_status":"closed","template":"","meta":{"footnotes":""},"class_list":["post-7445","page","type-page","status-publish","hentry"],"_links":{"self":[{"href":"https:\/\/www.koenigswinter-cognac.de\/index.php\/wp-json\/wp\/v2\/pages\/7445","targetHints":{"allow":["GET"]}}],"collection":[{"href":"https:\/\/www.koenigswinter-cognac.de\/index.php\/wp-json\/wp\/v2\/pages"}],"about":[{"href":"https:\/\/www.koenigswinter-cognac.de\/index.php\/wp-json\/wp\/v2\/types\/page"}],"author":[{"embeddable":true,"href":"https:\/\/www.koenigswinter-cognac.de\/index.php\/wp-json\/wp\/v2\/users\/1"}],"replies":[{"embeddable":true,"href":"https:\/\/www.koenigswinter-cognac.de\/index.php\/wp-json\/wp\/v2\/comments?post=7445"}],"version-history":[{"count":3,"href":"https:\/\/www.koenigswinter-cognac.de\/index.php\/wp-json\/wp\/v2\/pages\/7445\/revisions"}],"predecessor-version":[{"id":7448,"href":"https:\/\/www.koenigswinter-cognac.de\/index.php\/wp-json\/wp\/v2\/pages\/7445\/revisions\/7448"}],"up":[{"embeddable":true,"href":"https:\/\/www.koenigswinter-cognac.de\/index.php\/wp-json\/wp\/v2\/pages\/5981"}],"wp:attachment":[{"href":"https:\/\/www.koenigswinter-cognac.de\/index.php\/wp-json\/wp\/v2\/media?parent=7445"}],"curies":[{"name":"wp","href":"https:\/\/api.w.org\/{rel}","templated":true}]}}