{"id":7449,"date":"2018-03-11T19:22:55","date_gmt":"2018-03-11T18:22:55","guid":{"rendered":"http:\/\/www.koenigswinter-cognac.de\/Wordpress-2018\/?page_id=7449"},"modified":"2018-03-11T19:22:56","modified_gmt":"2018-03-11T18:22:56","slug":"berichte-2013","status":"publish","type":"page","link":"https:\/\/www.koenigswinter-cognac.de\/index.php\/berichte\/berichte-2013\/","title":{"rendered":"Berichte 2013"},"content":{"rendered":"<div  class='fullwidth-section  ' >\t<div class=\"container\"><div class=\"dt-sc-hr-border\"><\/div><div class=\"blog-entry-posts\"><div class=\"column dt-sc-one-third first\"><article id=\"post-7564\" class=\"blog-entry post-7564 post type-post status-publish format-aside has-post-thumbnail hentry category-149 post_format-post-format-aside\"><div class=\"blog-entry-inner\"><div class=\"entry-thumb\"><a href=\"https:\/\/www.koenigswinter-cognac.de\/index.php\/jahresbericht-2013\/\" title=\"Jahresbericht 2013\"><img loading=\"lazy\" decoding=\"async\" width=\"420\" height=\"261\" src=\"https:\/\/www.koenigswinter-cognac.de\/wp-content\/uploads\/2018\/03\/2013-420x261.jpg\" class=\"attachment-blog-threecol size-blog-threecol wp-post-image\" alt=\"\" title=\"Jahresbericht 2013\" \/><div class=\"blog-overlay\"><span class=\"image-overlay-inside\"><\/span><\/div><\/a><\/div><div class=\"entry-meta\"><div class=\"date\">31 Dez. 2013<\/div><\/div><div class=\"entry-title\"><h4><a href=\"https:\/\/www.koenigswinter-cognac.de\/index.php\/jahresbericht-2013\/\">Jahresbericht 2013<\/a><\/h4><\/div><div class=\"entry-body\"><p>Der Bericht mit den Aktivit\u00e4ten des Partnerschaftsvereins im Jahr 2013 kann <a href=\"https:\/\/www.koenigswinter-cognac.de\/wp-content\/uploads\/2018\/03\/jahresbericht-2013.pdf\">hier<\/a> heruntergeladen werden.\n<\/p><div class=\"entry-metadata\">by <a href=\"https:\/\/www.koenigswinter-cognac.de\/index.php\/author\/KWCognac1989\/\">PV K\u00f6nigswinter - Cognac<\/a> \/ <a href=\"https:\/\/www.koenigswinter-cognac.de\/index.php\/category\/2013\/\" title=\"View all posts in 2013\">2013<\/a> \/ <a href=\"https:\/\/www.koenigswinter-cognac.de\/index.php\/jahresbericht-2013\/\/#comments\">No Comments<\/a><\/div><\/div><\/div><\/article><\/div><div class=\"column dt-sc-one-third\"><article id=\"post-7692\" class=\"blog-entry post-7692 post type-post status-publish format-aside has-post-thumbnail hentry category-149 post_format-post-format-aside\"><div class=\"blog-entry-inner\"><div class=\"entry-thumb\"><a href=\"https:\/\/www.koenigswinter-cognac.de\/index.php\/auf-den-spuren-von-adenauer-und-de-gaulle\/\" title=\"Auf den Spuren von Adenauer und de Gaulle\"><img loading=\"lazy\" decoding=\"async\" width=\"420\" height=\"261\" src=\"https:\/\/www.koenigswinter-cognac.de\/wp-content\/uploads\/2018\/04\/20131012-Adenauerhaus-420x261.jpg\" class=\"attachment-blog-threecol size-blog-threecol wp-post-image\" alt=\"\" title=\"Auf den Spuren von Adenauer und de Gaulle\" \/><div class=\"blog-overlay\"><span class=\"image-overlay-inside\"><\/span><\/div><\/a><\/div><div class=\"entry-meta\"><div class=\"date\">12 Okt. 2013<\/div><\/div><div class=\"entry-title\"><h4><a href=\"https:\/\/www.koenigswinter-cognac.de\/index.php\/auf-den-spuren-von-adenauer-und-de-gaulle\/\">Auf den Spuren von Adenauer und de Gaulle<\/a><\/h4><\/div><div class=\"entry-body\"><p>F\u00fcr die Mitglieder des Partnerschaftsvereins hatte Corinna Franz, die Gesch\u00e4ftsf\u00fchrerin der Stiftung Bundeskanzler Adenauer Haus in Rh\u00f6ndorf, sich eine...<\/p><div class=\"entry-metadata\">by <a href=\"https:\/\/www.koenigswinter-cognac.de\/index.php\/author\/KWCognac1989\/\">PV K\u00f6nigswinter - Cognac<\/a> \/ <a href=\"https:\/\/www.koenigswinter-cognac.de\/index.php\/category\/2013\/\" title=\"View all posts in 2013\">2013<\/a> \/ <a href=\"https:\/\/www.koenigswinter-cognac.de\/index.php\/auf-den-spuren-von-adenauer-und-de-gaulle\/\/#comments\">No Comments<\/a><\/div><\/div><\/div><\/article><\/div><div class=\"column dt-sc-one-third\"><article id=\"post-7696\" class=\"blog-entry post-7696 post type-post status-publish format-aside has-post-thumbnail hentry category-149 post_format-post-format-aside\"><div class=\"blog-entry-inner\"><div class=\"entry-thumb\"><a href=\"https:\/\/www.koenigswinter-cognac.de\/index.php\/partnerschaftsverein-vermittelt-praktikantin\/\" title=\"Partnerschaftsverein vermittelt Praktikantin\"><img loading=\"lazy\" decoding=\"async\" width=\"420\" height=\"261\" src=\"https:\/\/www.koenigswinter-cognac.de\/wp-content\/uploads\/2018\/04\/20130906-Praktikantin-420x261.jpg\" class=\"attachment-blog-threecol size-blog-threecol wp-post-image\" alt=\"\" title=\"Partnerschaftsverein vermittelt Praktikantin\" \/><div class=\"blog-overlay\"><span class=\"image-overlay-inside\"><\/span><\/div><\/a><\/div><div class=\"entry-meta\"><div class=\"date\">06 Sep. 2013<\/div><\/div><div class=\"entry-title\"><h4><a href=\"https:\/\/www.koenigswinter-cognac.de\/index.php\/partnerschaftsverein-vermittelt-praktikantin\/\">Partnerschaftsverein vermittelt Praktikantin<\/a><\/h4><\/div><div class=\"entry-body\"><p>Marjorie Lafond aus Cognac ist 23 Jahre alt und studiert im 2. Jahr &#8222;Marketing f\u00fcr Wein und Spirituosen&#8220; in...<\/p><div class=\"entry-metadata\">by <a href=\"https:\/\/www.koenigswinter-cognac.de\/index.php\/author\/KWCognac1989\/\">PV K\u00f6nigswinter - Cognac<\/a> \/ <a href=\"https:\/\/www.koenigswinter-cognac.de\/index.php\/category\/2013\/\" title=\"View all posts in 2013\">2013<\/a> \/ <a href=\"https:\/\/www.koenigswinter-cognac.de\/index.php\/partnerschaftsverein-vermittelt-praktikantin\/\/#comments\">No Comments<\/a><\/div><\/div><\/div><\/article><\/div><div class=\"column dt-sc-one-third first\"><article id=\"post-7701\" class=\"blog-entry post-7701 post type-post status-publish format-aside has-post-thumbnail hentry category-149 category-uncategorized post_format-post-format-aside\"><div class=\"blog-entry-inner\"><div class=\"entry-thumb\"><a href=\"https:\/\/www.koenigswinter-cognac.de\/index.php\/kraeuterwanderung-mit-jean-marie-dumaine\/\" title=\"Kr\u00e4uterwanderung mit Jean Marie Dumaine\"><img loading=\"lazy\" decoding=\"async\" width=\"420\" height=\"261\" src=\"https:\/\/www.koenigswinter-cognac.de\/wp-content\/uploads\/2018\/04\/20130801-Kr\u00e4uterwanderung-420x261.jpg\" class=\"attachment-blog-threecol size-blog-threecol wp-post-image\" alt=\"\" title=\"Kr\u00e4uterwanderung mit Jean Marie Dumaine\" \/><div class=\"blog-overlay\"><span class=\"image-overlay-inside\"><\/span><\/div><\/a><\/div><div class=\"entry-meta\"><div class=\"date\">01 Aug. 2013<\/div><\/div><div class=\"entry-title\"><h4><a href=\"https:\/\/www.koenigswinter-cognac.de\/index.php\/kraeuterwanderung-mit-jean-marie-dumaine\/\">Kr\u00e4uterwanderung mit Jean Marie Dumaine<\/a><\/h4><\/div><div class=\"entry-body\"><p>Viel Neues \u00fcber Pflanzen, besonders Kr\u00e4uter erfuhren die Mitglieder des Partnerschaftsvereins bei einer Kr\u00e4uterwanderung mit Jean Marie Dumaine, dem...<\/p><div class=\"entry-metadata\">by <a href=\"https:\/\/www.koenigswinter-cognac.de\/index.php\/author\/KWCognac1989\/\">PV K\u00f6nigswinter - Cognac<\/a> \/ <a href=\"https:\/\/www.koenigswinter-cognac.de\/index.php\/category\/2013\/\" title=\"View all posts in 2013\">2013<\/a>, <a href=\"https:\/\/www.koenigswinter-cognac.de\/index.php\/category\/uncategorized\/\" title=\"View all posts in Uncategorized\">Uncategorized<\/a> \/ <a href=\"https:\/\/www.koenigswinter-cognac.de\/index.php\/kraeuterwanderung-mit-jean-marie-dumaine\/\/#comments\">No Comments<\/a><\/div><\/div><\/div><\/article><\/div><div class=\"column dt-sc-one-third\"><article id=\"post-7708\" class=\"blog-entry post-7708 post type-post status-publish format-aside has-post-thumbnail hentry category-149 post_format-post-format-aside\"><div class=\"blog-entry-inner\"><div class=\"entry-thumb\"><a href=\"https:\/\/www.koenigswinter-cognac.de\/index.php\/am-ziel-staffellaeufer-erreichen-cognac\/\" title=\"Am Ziel &#8211; Staffell\u00e4ufer erreichen Cognac\"><img loading=\"lazy\" decoding=\"async\" width=\"420\" height=\"261\" src=\"https:\/\/www.koenigswinter-cognac.de\/wp-content\/uploads\/2018\/04\/20130724-Staffell\u00e4ufer-am-Ziel-420x261.jpg\" class=\"attachment-blog-threecol size-blog-threecol wp-post-image\" alt=\"\" title=\"Am Ziel &#8211; Staffell\u00e4ufer erreichen Cognac\" \/><div class=\"blog-overlay\"><span class=\"image-overlay-inside\"><\/span><\/div><\/a><\/div><div class=\"entry-meta\"><div class=\"date\">25 Juli 2013<\/div><\/div><div class=\"entry-title\"><h4><a href=\"https:\/\/www.koenigswinter-cognac.de\/index.php\/am-ziel-staffellaeufer-erreichen-cognac\/\">Am Ziel &#8211; Staffell\u00e4ufer erreichen Cognac<\/a><\/h4><\/div><div class=\"entry-body\"><p>Die Staffell\u00e4ufer aus K\u00f6nigswinter haben die Partnerstadt Cognac erreicht. Der <a href=\"http:\/\/www.general-anzeiger-bonn.de\/region\/siebengebirge\/koenigswinter\/Athleten-erreichen-ihr-Ziel-ersch\u00f6pft-aber-gl\u00fccklich-article1105835.html\">General-Anzeiger Bonn<\/a> und die Cognacer Zeitung <a href=\"https:\/\/www.koenigswinter-cognac.de\/wp-content\/uploads\/2018\/04\/201307-Staffellauf-nach-Cognac_Bericht-Sud-Ouest.pdf\">Sud...<\/p><div class=\"entry-metadata\">by <a href=\"https:\/\/www.koenigswinter-cognac.de\/index.php\/author\/KWCognac1989\/\">PV K\u00f6nigswinter - Cognac<\/a> \/ <a href=\"https:\/\/www.koenigswinter-cognac.de\/index.php\/category\/2013\/\" title=\"View all posts in 2013\">2013<\/a> \/ <a href=\"https:\/\/www.koenigswinter-cognac.de\/index.php\/am-ziel-staffellaeufer-erreichen-cognac\/\/#comments\">No Comments<\/a><\/div><\/div><\/div><\/article><\/div><div class=\"column dt-sc-one-third\"><article id=\"post-7704\" class=\"blog-entry post-7704 post type-post status-publish format-aside has-post-thumbnail hentry category-149 post_format-post-format-aside\"><div class=\"blog-entry-inner\"><div class=\"entry-thumb\"><a href=\"https:\/\/www.koenigswinter-cognac.de\/index.php\/start-zum-staffellauf-nach-cognac\/\" title=\"Start zum Staffellauf nach Cognac\"><img loading=\"lazy\" decoding=\"async\" width=\"420\" height=\"261\" src=\"https:\/\/www.koenigswinter-cognac.de\/wp-content\/uploads\/2018\/04\/20130719-Staffellauf-420x261.jpg\" class=\"attachment-blog-threecol size-blog-threecol wp-post-image\" alt=\"\" title=\"Start zum Staffellauf nach Cognac\" \/><div class=\"blog-overlay\"><span class=\"image-overlay-inside\"><\/span><\/div><\/a><\/div><div class=\"entry-meta\"><div class=\"date\">19 Juli 2013<\/div><\/div><div class=\"entry-title\"><h4><a href=\"https:\/\/www.koenigswinter-cognac.de\/index.php\/start-zum-staffellauf-nach-cognac\/\">Start zum Staffellauf nach Cognac<\/a><\/h4><\/div><div class=\"entry-body\"><p>Am 19. Juli 2013 startete ein Staffellauf in K\u00f6nigswinter, dessen Ziel die franz\u00f6sische Partnerstadt Cognac ist. 1300 km liegen...<\/p><div class=\"entry-metadata\">by <a href=\"https:\/\/www.koenigswinter-cognac.de\/index.php\/author\/KWCognac1989\/\">PV K\u00f6nigswinter - Cognac<\/a> \/ <a href=\"https:\/\/www.koenigswinter-cognac.de\/index.php\/category\/2013\/\" title=\"View all posts in 2013\">2013<\/a> \/ <a href=\"https:\/\/www.koenigswinter-cognac.de\/index.php\/start-zum-staffellauf-nach-cognac\/\/#comments\">No Comments<\/a><\/div><\/div><\/div><\/article><\/div><div class=\"column dt-sc-one-third first\"><article id=\"post-7712\" class=\"blog-entry post-7712 post type-post status-publish format-aside has-post-thumbnail hentry category-149 post_format-post-format-aside\"><div class=\"blog-entry-inner\"><div class=\"entry-thumb\"><a href=\"https:\/\/www.koenigswinter-cognac.de\/index.php\/14-juli-2013-franzoesischer-nationalfeiertag\/\" title=\"14. Juli 2013 &#8211; Franz\u00f6sischer Nationalfeiertag\"><img loading=\"lazy\" decoding=\"async\" width=\"420\" height=\"261\" src=\"https:\/\/www.koenigswinter-cognac.de\/wp-content\/uploads\/2018\/04\/20130714-Haus-Schlesien-420x261.jpg\" class=\"attachment-blog-threecol size-blog-threecol wp-post-image\" alt=\"\" title=\"14. Juli 2013 &#8211; Franz\u00f6sischer Nationalfeiertag\" \/><div class=\"blog-overlay\"><span class=\"image-overlay-inside\"><\/span><\/div><\/a><\/div><div class=\"entry-meta\"><div class=\"date\">14 Juli 2013<\/div><\/div><div class=\"entry-title\"><h4><a href=\"https:\/\/www.koenigswinter-cognac.de\/index.php\/14-juli-2013-franzoesischer-nationalfeiertag\/\">14. Juli 2013 &#8211; Franz\u00f6sischer Nationalfeiertag<\/a><\/h4><\/div><div class=\"entry-body\"><p>Wie in den Vorjahren hat der Partnerschaftsverein K\u00f6nigswinter &#8211; Cognac den franz\u00f6sischen Nationalfeiertag am 14. Juli 2013 zum Anlass...<\/p><div class=\"entry-metadata\">by <a href=\"https:\/\/www.koenigswinter-cognac.de\/index.php\/author\/KWCognac1989\/\">PV K\u00f6nigswinter - Cognac<\/a> \/ <a href=\"https:\/\/www.koenigswinter-cognac.de\/index.php\/category\/2013\/\" title=\"View all posts in 2013\">2013<\/a> \/ <a href=\"https:\/\/www.koenigswinter-cognac.de\/index.php\/14-juli-2013-franzoesischer-nationalfeiertag\/\/#comments\">No Comments<\/a><\/div><\/div><\/div><\/article><\/div><div class=\"column dt-sc-one-third\"><article id=\"post-7716\" class=\"blog-entry post-7716 post type-post status-publish format-aside has-post-thumbnail hentry category-149 post_format-post-format-aside\"><div class=\"blog-entry-inner\"><div class=\"entry-thumb\"><a href=\"https:\/\/www.koenigswinter-cognac.de\/index.php\/unbekannte-texte-beim-vorlesewettbewerb\/\" title=\"Unbekannte Texte beim Vorlesewettbewerb\"><img loading=\"lazy\" decoding=\"async\" width=\"420\" height=\"261\" src=\"https:\/\/www.koenigswinter-cognac.de\/wp-content\/uploads\/2018\/04\/20130713-Vorlesewettbewerb-2013-420x261.jpg\" class=\"attachment-blog-threecol size-blog-threecol wp-post-image\" alt=\"\" title=\"Unbekannte Texte beim Vorlesewettbewerb\" \/><div class=\"blog-overlay\"><span class=\"image-overlay-inside\"><\/span><\/div><\/a><\/div><div class=\"entry-meta\"><div class=\"date\">13 Juli 2013<\/div><\/div><div class=\"entry-title\"><h4><a href=\"https:\/\/www.koenigswinter-cognac.de\/index.php\/unbekannte-texte-beim-vorlesewettbewerb\/\">Unbekannte Texte beim Vorlesewettbewerb<\/a><\/h4><\/div><div class=\"entry-body\"><p>Beim Vorlesewettbewerb 2013 im Gymnasium am \u00d6lberg lasen Sch\u00fcler der sechsten Klassen ihnen unbekannte franz\u00f6sische Texte vor. Die besten...<\/p><div class=\"entry-metadata\">by <a href=\"https:\/\/www.koenigswinter-cognac.de\/index.php\/author\/KWCognac1989\/\">PV K\u00f6nigswinter - Cognac<\/a> \/ <a href=\"https:\/\/www.koenigswinter-cognac.de\/index.php\/category\/2013\/\" title=\"View all posts in 2013\">2013<\/a> \/ <a href=\"https:\/\/www.koenigswinter-cognac.de\/index.php\/unbekannte-texte-beim-vorlesewettbewerb\/\/#comments\">No Comments<\/a><\/div><\/div><\/div><\/article><\/div><div class=\"column dt-sc-one-third\"><article id=\"post-7719\" class=\"blog-entry post-7719 post type-post status-publish format-aside has-post-thumbnail hentry category-149 post_format-post-format-aside\"><div class=\"blog-entry-inner\"><div class=\"entry-thumb\"><a href=\"https:\/\/www.koenigswinter-cognac.de\/index.php\/auxerre-cognac-paris-gemeinschaftsfahrt-2013\/\" title=\"Auxerre &#8211; Cognac &#8211; Paris, Gemeinschaftsfahrt 2013\"><img loading=\"lazy\" decoding=\"async\" width=\"420\" height=\"261\" src=\"https:\/\/www.koenigswinter-cognac.de\/wp-content\/uploads\/2018\/04\/20130618-Cognac_Jardin-Public-420x261.jpg\" class=\"attachment-blog-threecol size-blog-threecol wp-post-image\" alt=\"\" title=\"Auxerre &#8211; Cognac &#8211; Paris, Gemeinschaftsfahrt 2013\" \/><div class=\"blog-overlay\"><span class=\"image-overlay-inside\"><\/span><\/div><\/a><\/div><div class=\"entry-meta\"><div class=\"date\">12 Juli 2013<\/div><\/div><div class=\"entry-title\"><h4><a href=\"https:\/\/www.koenigswinter-cognac.de\/index.php\/auxerre-cognac-paris-gemeinschaftsfahrt-2013\/\">Auxerre &#8211; Cognac &#8211; Paris, Gemeinschaftsfahrt 2013<\/a><\/h4><\/div><div class=\"entry-body\"><p>Die diesj\u00e4hrige Gemeinschaftsfahrt nach Cognac fand vom 16. bis 22. Juni 2013 statt. Station auf der Hinreise war Auxerre...<\/p><div class=\"entry-metadata\">by <a href=\"https:\/\/www.koenigswinter-cognac.de\/index.php\/author\/KWCognac1989\/\">PV K\u00f6nigswinter - Cognac<\/a> \/ <a href=\"https:\/\/www.koenigswinter-cognac.de\/index.php\/category\/2013\/\" title=\"View all posts in 2013\">2013<\/a> \/ <a href=\"https:\/\/www.koenigswinter-cognac.de\/index.php\/auxerre-cognac-paris-gemeinschaftsfahrt-2013\/\/#comments\">No Comments<\/a><\/div><\/div><\/div><\/article><\/div><div class=\"column dt-sc-one-third first\"><article id=\"post-7723\" class=\"blog-entry post-7723 post type-post status-publish format-aside has-post-thumbnail hentry category-149 post_format-post-format-aside\"><div class=\"blog-entry-inner\"><div class=\"entry-thumb\"><a href=\"https:\/\/www.koenigswinter-cognac.de\/index.php\/gemeinsame-wanderung-der-partnerschaftsvereine\/\" title=\"Wanderung der Partnerschaftsvereine\"><img loading=\"lazy\" decoding=\"async\" width=\"420\" height=\"261\" src=\"https:\/\/www.koenigswinter-cognac.de\/wp-content\/uploads\/2018\/04\/20130504-Wandern-420x261.jpg\" class=\"attachment-blog-threecol size-blog-threecol wp-post-image\" alt=\"\" title=\"Wanderung der Partnerschaftsvereine\" \/><div class=\"blog-overlay\"><span class=\"image-overlay-inside\"><\/span><\/div><\/a><\/div><div class=\"entry-meta\"><div class=\"date\">07 Mai 2013<\/div><\/div><div class=\"entry-title\"><h4><a href=\"https:\/\/www.koenigswinter-cognac.de\/index.php\/gemeinsame-wanderung-der-partnerschaftsvereine\/\">Wanderung der Partnerschaftsvereine<\/a><\/h4><\/div><div class=\"entry-body\"><p>Am 04. Mai 2013 wanderten die Mitglieder der Partnerschaftsvereine K\u00f6nigswinter &#8211; Cognac und Bad Honnef &#8211; Berck sur Mer...<\/p><div class=\"entry-metadata\">by <a href=\"https:\/\/www.koenigswinter-cognac.de\/index.php\/author\/KWCognac1989\/\">PV K\u00f6nigswinter - Cognac<\/a> \/ <a href=\"https:\/\/www.koenigswinter-cognac.de\/index.php\/category\/2013\/\" title=\"View all posts in 2013\">2013<\/a> \/ <a href=\"https:\/\/www.koenigswinter-cognac.de\/index.php\/gemeinsame-wanderung-der-partnerschaftsvereine\/\/#comments\">No Comments<\/a><\/div><\/div><\/div><\/article><\/div><div class=\"column dt-sc-one-third\"><article id=\"post-7729\" class=\"blog-entry post-7729 post type-post status-publish format-aside has-post-thumbnail hentry category-149 post_format-post-format-aside\"><div class=\"blog-entry-inner\"><div class=\"entry-thumb\"><a href=\"https:\/\/www.koenigswinter-cognac.de\/index.php\/schueleraustausch-mit-cognac\/\" title=\"Sch\u00fcleraustausch mit Cognac\"><img loading=\"lazy\" decoding=\"async\" width=\"420\" height=\"261\" src=\"https:\/\/www.koenigswinter-cognac.de\/wp-content\/uploads\/2018\/04\/20130502-Schueleraustausch-420x261.jpg\" class=\"attachment-blog-threecol size-blog-threecol wp-post-image\" alt=\"\" title=\"Sch\u00fcleraustausch mit Cognac\" \/><div class=\"blog-overlay\"><span class=\"image-overlay-inside\"><\/span><\/div><\/a><\/div><div class=\"entry-meta\"><div class=\"date\">02 Mai 2013<\/div><\/div><div class=\"entry-title\"><h4><a href=\"https:\/\/www.koenigswinter-cognac.de\/index.php\/schueleraustausch-mit-cognac\/\">Sch\u00fcleraustausch mit Cognac<\/a><\/h4><\/div><div class=\"entry-body\"><p>Es war einmal wieder soweit. Eine Gruppe von Cognacer Sch\u00fclern verbrachte eine Woche in K\u00f6nigswinter. Gemeinsame Aktivit\u00e4ten brachten die...<\/p><div class=\"entry-metadata\">by <a href=\"https:\/\/www.koenigswinter-cognac.de\/index.php\/author\/KWCognac1989\/\">PV K\u00f6nigswinter - Cognac<\/a> \/ <a href=\"https:\/\/www.koenigswinter-cognac.de\/index.php\/category\/2013\/\" title=\"View all posts in 2013\">2013<\/a> \/ <a href=\"https:\/\/www.koenigswinter-cognac.de\/index.php\/schueleraustausch-mit-cognac\/\/#comments\">No Comments<\/a><\/div><\/div><\/div><\/article><\/div><div class=\"column dt-sc-one-third\"><article id=\"post-7734\" class=\"blog-entry post-7734 post type-post status-publish format-aside has-post-thumbnail hentry category-149 post_format-post-format-aside\"><div class=\"blog-entry-inner\"><div class=\"entry-thumb\"><a href=\"https:\/\/www.koenigswinter-cognac.de\/index.php\/leben-bei-freunden-franzosen-in-unserer-region\/\" title=\"Leben bei Freunden &#8211; Franzosen bei uns\"><img loading=\"lazy\" decoding=\"async\" width=\"420\" height=\"261\" src=\"https:\/\/www.koenigswinter-cognac.de\/wp-content\/uploads\/2018\/04\/20130122-Elyseevertrag-420x261.jpg\" class=\"attachment-blog-threecol size-blog-threecol wp-post-image\" alt=\"\" title=\"Leben bei Freunden &#8211; Franzosen bei uns\" \/><div class=\"blog-overlay\"><span class=\"image-overlay-inside\"><\/span><\/div><\/a><\/div><div class=\"entry-meta\"><div class=\"date\">22 Jan. 2013<\/div><\/div><div class=\"entry-title\"><h4><a href=\"https:\/\/www.koenigswinter-cognac.de\/index.php\/leben-bei-freunden-franzosen-in-unserer-region\/\">Leben bei Freunden &#8211; Franzosen bei uns<\/a><\/h4><\/div><div class=\"entry-body\"><p>Der 50. Jahrestag des Elys\u00e9evertrags &#8211; ein Datum, das der Partnerschaftsverein K\u00f6nigswinter &#8211; Cognac nicht einfach verstreichen lassen wollte....<\/p><div class=\"entry-metadata\">by <a href=\"https:\/\/www.koenigswinter-cognac.de\/index.php\/author\/KWCognac1989\/\">PV K\u00f6nigswinter - Cognac<\/a> \/ <a href=\"https:\/\/www.koenigswinter-cognac.de\/index.php\/category\/2013\/\" title=\"View all posts in 2013\">2013<\/a> \/ <a href=\"https:\/\/www.koenigswinter-cognac.de\/index.php\/leben-bei-freunden-franzosen-in-unserer-region\/\/#comments\">No Comments<\/a><\/div><\/div><\/div><\/article><\/div><\/div><div class=\"dt-sc-hr-border\"><\/div>\t<\/div><\/div>\n","protected":false},"excerpt":{"rendered":"<p>Der 50. Jahrestag des Elys\u00e9evertrags &#8211; ein Datum, das der Partnerschaftsverein K\u00f6nigswinter &#8211; Cognac nicht einfach verstreichen lassen wollte. Man k\u00f6nnte einfach einmal schauen, wie es Franzosen, die schon lange in unserer Region leben, ergeht &#8211; das war die Ursprungsidee, die man in die Tat umsetzte.<br \/>\nMonique Jacquemin, Lehrerin an der CJD-Schule in K\u00f6nigswinter, Jean Marie Dumaine, Gastronom in Sinzig, und Marie Mechineau, Germanistin aus Bonn, wurden eingeladen zu einem deutsch-franz\u00f6sischen Abend im Haus Schlesien. Nach einer kurzen historischen Einf\u00fchrung des Vereinsvorsitzenden Karsten Hinrichs f\u00fchrte Roswitha Oschmann die Interviews. Dr. Holger L\u00f6ttel vom Konrad-Adenauer-Haus in Bad Honnef stand als historischer Experte zur Verf\u00fcgung und Hans-Joachim Zick sorgte f\u00fcr die musikalische Unterhaltung.<br \/>\n<a href=\"https:\/\/www.koenigswinter-cognac.de\/Wordpress-2018\/wp-content\/uploads\/2018\/04\/20130122-50-Jahre-Elyseeevertrag-1.jpg\"><\/a>3 gut gelaunte Franzosen vor der Tricolore: (v.l.n.r.) Colette Dumaine, Monique Jacquemin, Jean Marie Dumaine<br \/>\nIn den Interviews der drei Franzosen wurde deutlich, dass sie alle voll und ganz in Deutschland angekommen sind, sich hier zuhause f\u00fchlen und trotzdem immer sehr gern in ihre Heimat fahren, um mal wieder in die franz\u00f6sische Lebensweise einzutauchen. Ihre beruflichen Karrieren in Deutschland haben alle etwas mit Frankreich zu tun: sei es, dass sie &#8211; wie Monique Jacquemin &#8211; ihre Muttersprache in Deutschland lehren, sei es &#8211; wie Marie Mechineau &#8211; auch beruflich an der deutsch-franz\u00f6sischen Partnerschaft im Umkreis des deutsch-franz\u00f6sischen Jugendwerks arbeiten oder dass sie schlie\u00dflich &#8211; wie Jean Marie Dumaine &#8211; mit franz\u00f6sischer Kochkunst ein Restaurant, das &#8222;Vieux Sinzig&#8220;, sehr erfolgreich f\u00fchren. Sie haben alle drei den Abschluss des Elys\u00e9e-Vertrags nicht bewusst erlebt, sind sich aber dessen bewusst, dass dieser Vertrag die Grundlage f\u00fcr die deutsch-franz\u00f6sische Freundschaft ist.<br \/>\nMit Geschichten und Anekdoten um Adenauer und de Gaulle aus der Zeit des Vertragsabschlusses rundete Holger L\u00f6ttel den Abend ab und Hans-Joachim Zick bot ein abwechslungsreiches Potpourri von deutsch-franz\u00f6sischer Musik.<br \/>\nDie zahlreichen G\u00e4ste fanden nur mit M\u00fche Platz im Haus Schlesien und alle hatten am Schluss den Eindruck, einen sch\u00f6nen deutsch-franz\u00f6sischen Abend erlebt zu haben.<br \/>\nHilke Andreae-Hinrichs<br \/>\n\u00a0Der <a href=\"http:\/\/www.general-anzeiger-bonn.de\/region\/siebengebirge\/koenigswinter\/Geschichten-aus-dem-deutsch-franz\u00f6sischen-Alltag-article954510.html\">General-Anzeiger Bonn<\/a> berichtete am 23.01.2013.<\/p>\n","protected":false},"author":1,"featured_media":0,"parent":5981,"menu_order":0,"comment_status":"closed","ping_status":"closed","template":"","meta":{"footnotes":""},"class_list":["post-7449","page","type-page","status-publish","hentry"],"_links":{"self":[{"href":"https:\/\/www.koenigswinter-cognac.de\/index.php\/wp-json\/wp\/v2\/pages\/7449","targetHints":{"allow":["GET"]}}],"collection":[{"href":"https:\/\/www.koenigswinter-cognac.de\/index.php\/wp-json\/wp\/v2\/pages"}],"about":[{"href":"https:\/\/www.koenigswinter-cognac.de\/index.php\/wp-json\/wp\/v2\/types\/page"}],"author":[{"embeddable":true,"href":"https:\/\/www.koenigswinter-cognac.de\/index.php\/wp-json\/wp\/v2\/users\/1"}],"replies":[{"embeddable":true,"href":"https:\/\/www.koenigswinter-cognac.de\/index.php\/wp-json\/wp\/v2\/comments?post=7449"}],"version-history":[{"count":2,"href":"https:\/\/www.koenigswinter-cognac.de\/index.php\/wp-json\/wp\/v2\/pages\/7449\/revisions"}],"predecessor-version":[{"id":7451,"href":"https:\/\/www.koenigswinter-cognac.de\/index.php\/wp-json\/wp\/v2\/pages\/7449\/revisions\/7451"}],"up":[{"embeddable":true,"href":"https:\/\/www.koenigswinter-cognac.de\/index.php\/wp-json\/wp\/v2\/pages\/5981"}],"wp:attachment":[{"href":"https:\/\/www.koenigswinter-cognac.de\/index.php\/wp-json\/wp\/v2\/media?parent=7449"}],"curies":[{"name":"wp","href":"https:\/\/api.w.org\/{rel}","templated":true}]}}