{"id":7455,"date":"2018-03-11T19:25:53","date_gmt":"2018-03-11T18:25:53","guid":{"rendered":"http:\/\/www.koenigswinter-cognac.de\/Wordpress-2018\/?page_id=7455"},"modified":"2018-03-11T19:25:53","modified_gmt":"2018-03-11T18:25:53","slug":"berichte-2011","status":"publish","type":"page","link":"https:\/\/www.koenigswinter-cognac.de\/index.php\/berichte\/berichte-2011\/","title":{"rendered":"Berichte 2011"},"content":{"rendered":"<div  class='fullwidth-section  ' >\t<div class=\"container\"><div class=\"dt-sc-hr-border\"><\/div><div class=\"blog-entry-posts\"><div class=\"column dt-sc-one-third first\"><article id=\"post-7576\" class=\"blog-entry post-7576 post type-post status-publish format-aside has-post-thumbnail hentry category-147 post_format-post-format-aside\"><div class=\"blog-entry-inner\"><div class=\"entry-thumb\"><a href=\"https:\/\/www.koenigswinter-cognac.de\/index.php\/jahresbericht-2011\/\" title=\"Jahresbericht 2011\"><img loading=\"lazy\" decoding=\"async\" width=\"420\" height=\"261\" src=\"https:\/\/www.koenigswinter-cognac.de\/wp-content\/uploads\/2018\/03\/2011-420x261.jpg\" class=\"attachment-blog-threecol size-blog-threecol wp-post-image\" alt=\"\" title=\"Jahresbericht 2011\" \/><div class=\"blog-overlay\"><span class=\"image-overlay-inside\"><\/span><\/div><\/a><\/div><div class=\"entry-meta\"><div class=\"date\">31 Dez. 2011<\/div><\/div><div class=\"entry-title\"><h4><a href=\"https:\/\/www.koenigswinter-cognac.de\/index.php\/jahresbericht-2011\/\">Jahresbericht 2011<\/a><\/h4><\/div><div class=\"entry-body\"><p>Der Bericht mit den Aktivit\u00e4ten des Partnerschaftsvereins im Jahr 2011 kann <a href=\"https:\/\/www.koenigswinter-cognac.de\/wp-content\/uploads\/2018\/03\/20120117-jahresbericht-2011.pdf\">hier<\/a> heruntergeladen werden.\n<\/p><div class=\"entry-metadata\">by <a href=\"https:\/\/www.koenigswinter-cognac.de\/index.php\/author\/KWCognac1989\/\">PV K\u00f6nigswinter - Cognac<\/a> \/ <a href=\"https:\/\/www.koenigswinter-cognac.de\/index.php\/category\/2011\/\" title=\"View all posts in 2011\">2011<\/a> \/ <a href=\"https:\/\/www.koenigswinter-cognac.de\/index.php\/jahresbericht-2011\/\/#comments\">No Comments<\/a><\/div><\/div><\/div><\/article><\/div><div class=\"column dt-sc-one-third\"><article id=\"post-7761\" class=\"blog-entry post-7761 post type-post status-publish format-aside has-post-thumbnail hentry category-147 post_format-post-format-aside\"><div class=\"blog-entry-inner\"><div class=\"entry-thumb\"><a href=\"https:\/\/www.koenigswinter-cognac.de\/index.php\/boule-am-franzoesischen-nationalfeiertag-2011\/\" title=\"Boule am franz\u00f6sischen Nationalfeiertag 2011\"><img loading=\"lazy\" decoding=\"async\" width=\"420\" height=\"261\" src=\"https:\/\/www.koenigswinter-cognac.de\/wp-content\/uploads\/2018\/04\/20110714-Boule-420x261.jpg\" class=\"attachment-blog-threecol size-blog-threecol wp-post-image\" alt=\"\" title=\"Boule am franz\u00f6sischen Nationalfeiertag 2011\" \/><div class=\"blog-overlay\"><span class=\"image-overlay-inside\"><\/span><\/div><\/a><\/div><div class=\"entry-meta\"><div class=\"date\">14 Juli 2011<\/div><\/div><div class=\"entry-title\"><h4><a href=\"https:\/\/www.koenigswinter-cognac.de\/index.php\/boule-am-franzoesischen-nationalfeiertag-2011\/\">Boule am franz\u00f6sischen Nationalfeiertag 2011<\/a><\/h4><\/div><div class=\"entry-body\"><p>Wie in den Vorjahren trafen sich die Mitglieder des Partnerschaftsvereins und ihre Freunde am 14. Juli 2011 auf dem...<\/p><div class=\"entry-metadata\">by <a href=\"https:\/\/www.koenigswinter-cognac.de\/index.php\/author\/KWCognac1989\/\">PV K\u00f6nigswinter - Cognac<\/a> \/ <a href=\"https:\/\/www.koenigswinter-cognac.de\/index.php\/category\/2011\/\" title=\"View all posts in 2011\">2011<\/a> \/ <a href=\"https:\/\/www.koenigswinter-cognac.de\/index.php\/boule-am-franzoesischen-nationalfeiertag-2011\/\/#comments\">No Comments<\/a><\/div><\/div><\/div><\/article><\/div><\/div><div class=\"dt-sc-hr-border\"><\/div>\t<\/div><\/div>\n","protected":false},"excerpt":{"rendered":"<p>Wie in den Vorjahren trafen sich die Mitglieder des Partnerschaftsvereins und ihre Freunde am 14. Juli 2011 auf dem Festplatz in Heisterbacherrott zum zwanglosen Boulespiel. Der Wettergott hatte trotz schlechter Vorhersage ein Einsehen. Das Spielen brachte f\u00fcr viele Anregungen und schaffte auch neue Kontakte.<br \/>\nBesondere Freude zeigte unser Mitglied, Madame Yvette Zeh, die sp\u00e4ter bei der gemeinsamen Einkehr im Brauhaus &#8222;Leddek\u00f6pp&#8220; vom Vorsitzenden, Dr. Reinhard G\u00e4rtner, mit einem Geschenk aus der Region Cognac ausgezeichnet wurde. Der Partnerschaftsverein hat somit wieder zu neuen Begegnungen beigetragen.<br \/>\nWinfried Pernau<\/p>\n","protected":false},"author":1,"featured_media":0,"parent":5981,"menu_order":0,"comment_status":"closed","ping_status":"closed","template":"","meta":{"footnotes":""},"class_list":["post-7455","page","type-page","status-publish","hentry"],"_links":{"self":[{"href":"https:\/\/www.koenigswinter-cognac.de\/index.php\/wp-json\/wp\/v2\/pages\/7455","targetHints":{"allow":["GET"]}}],"collection":[{"href":"https:\/\/www.koenigswinter-cognac.de\/index.php\/wp-json\/wp\/v2\/pages"}],"about":[{"href":"https:\/\/www.koenigswinter-cognac.de\/index.php\/wp-json\/wp\/v2\/types\/page"}],"author":[{"embeddable":true,"href":"https:\/\/www.koenigswinter-cognac.de\/index.php\/wp-json\/wp\/v2\/users\/1"}],"replies":[{"embeddable":true,"href":"https:\/\/www.koenigswinter-cognac.de\/index.php\/wp-json\/wp\/v2\/comments?post=7455"}],"version-history":[{"count":2,"href":"https:\/\/www.koenigswinter-cognac.de\/index.php\/wp-json\/wp\/v2\/pages\/7455\/revisions"}],"predecessor-version":[{"id":7457,"href":"https:\/\/www.koenigswinter-cognac.de\/index.php\/wp-json\/wp\/v2\/pages\/7455\/revisions\/7457"}],"up":[{"embeddable":true,"href":"https:\/\/www.koenigswinter-cognac.de\/index.php\/wp-json\/wp\/v2\/pages\/5981"}],"wp:attachment":[{"href":"https:\/\/www.koenigswinter-cognac.de\/index.php\/wp-json\/wp\/v2\/media?parent=7455"}],"curies":[{"name":"wp","href":"https:\/\/api.w.org\/{rel}","templated":true}]}}