{"id":7458,"date":"2018-03-11T19:31:29","date_gmt":"2018-03-11T18:31:29","guid":{"rendered":"http:\/\/www.koenigswinter-cognac.de\/Wordpress-2018\/?page_id=7458"},"modified":"2018-03-11T19:31:29","modified_gmt":"2018-03-11T18:31:29","slug":"berichte-2010","status":"publish","type":"page","link":"https:\/\/www.koenigswinter-cognac.de\/index.php\/berichte\/berichte-2010\/","title":{"rendered":"Berichte 2010"},"content":{"rendered":"<div  class='fullwidth-section  ' >\t<div class=\"container\"><div class=\"dt-sc-hr-border\"><\/div><div class=\"blog-entry-posts\"><div class=\"column dt-sc-one-third first\"><article id=\"post-7582\" class=\"blog-entry post-7582 post type-post status-publish format-aside has-post-thumbnail hentry category-146 post_format-post-format-aside\"><div class=\"blog-entry-inner\"><div class=\"entry-thumb\"><a href=\"https:\/\/www.koenigswinter-cognac.de\/index.php\/jahresbericht-2010\/\" title=\"Jahresbericht 2010\"><img loading=\"lazy\" decoding=\"async\" width=\"420\" height=\"261\" src=\"https:\/\/www.koenigswinter-cognac.de\/wp-content\/uploads\/2018\/03\/2010-420x261.jpg\" class=\"attachment-blog-threecol size-blog-threecol wp-post-image\" alt=\"\" title=\"Jahresbericht 2010\" \/><div class=\"blog-overlay\"><span class=\"image-overlay-inside\"><\/span><\/div><\/a><\/div><div class=\"entry-meta\"><div class=\"date\">31 Dez. 2010<\/div><\/div><div class=\"entry-title\"><h4><a href=\"https:\/\/www.koenigswinter-cognac.de\/index.php\/jahresbericht-2010\/\">Jahresbericht 2010<\/a><\/h4><\/div><div class=\"entry-body\"><p>Der Bericht mit den Aktivit\u00e4ten des Partnerschaftsvereins im Jahr 2010 kann <a href=\"https:\/\/www.koenigswinter-cognac.de\/wp-content\/uploads\/2018\/03\/jahresbericht-2010.pdf\">hier<\/a> heruntergeladen werden.\n<\/p><div class=\"entry-metadata\">by <a href=\"https:\/\/www.koenigswinter-cognac.de\/index.php\/author\/KWCognac1989\/\">PV K\u00f6nigswinter - Cognac<\/a> \/ <a href=\"https:\/\/www.koenigswinter-cognac.de\/index.php\/category\/2010\/\" title=\"View all posts in 2010\">2010<\/a> \/ <a href=\"https:\/\/www.koenigswinter-cognac.de\/index.php\/jahresbericht-2010\/\/#comments\">No Comments<\/a><\/div><\/div><\/div><\/article><\/div><div class=\"column dt-sc-one-third\"><article id=\"post-7783\" class=\"blog-entry post-7783 post type-post status-publish format-aside has-post-thumbnail hentry category-146 post_format-post-format-aside\"><div class=\"blog-entry-inner\"><div class=\"entry-thumb\"><a href=\"https:\/\/www.koenigswinter-cognac.de\/index.php\/impressionisten-und-zeche-zollverein-tagesausflug-nach-essen\/\" title=\"Impressionisten und Zeche Zollverein\"><img loading=\"lazy\" decoding=\"async\" width=\"420\" height=\"261\" src=\"https:\/\/www.koenigswinter-cognac.de\/wp-content\/uploads\/2018\/04\/20101010-Essen-1-420x261.jpg\" class=\"attachment-blog-threecol size-blog-threecol wp-post-image\" alt=\"\" title=\"Impressionisten und Zeche Zollverein\" \/><div class=\"blog-overlay\"><span class=\"image-overlay-inside\"><\/span><\/div><\/a><\/div><div class=\"entry-meta\"><div class=\"date\">10 Okt. 2010<\/div><\/div><div class=\"entry-title\"><h4><a href=\"https:\/\/www.koenigswinter-cognac.de\/index.php\/impressionisten-und-zeche-zollverein-tagesausflug-nach-essen\/\">Impressionisten und Zeche Zollverein<\/a><\/h4><\/div><div class=\"entry-body\"><p>&#8222;Die Bilder einer Metropole &#8211; Impressionisten in Paris&#8220; waren der erste Teil eines Tagesausflugs des Partnerschaftsvereins K\u00f6nigswinter &#8211; Cognac...<\/p><div class=\"entry-metadata\">by <a href=\"https:\/\/www.koenigswinter-cognac.de\/index.php\/author\/KWCognac1989\/\">PV K\u00f6nigswinter - Cognac<\/a> \/ <a href=\"https:\/\/www.koenigswinter-cognac.de\/index.php\/category\/2010\/\" title=\"View all posts in 2010\">2010<\/a> \/ <a href=\"https:\/\/www.koenigswinter-cognac.de\/index.php\/impressionisten-und-zeche-zollverein-tagesausflug-nach-essen\/\/#comments\">No Comments<\/a><\/div><\/div><\/div><\/article><\/div><div class=\"column dt-sc-one-third\"><article id=\"post-7789\" class=\"blog-entry post-7789 post type-post status-publish format-aside has-post-thumbnail hentry category-146 post_format-post-format-aside\"><div class=\"blog-entry-inner\"><div class=\"entry-thumb\"><a href=\"https:\/\/www.koenigswinter-cognac.de\/index.php\/hitze-haelt-boule-spieler-nicht-auf\/\" title=\"Hitze h\u00e4lt Boule-Spieler nicht auf\"><img loading=\"lazy\" decoding=\"async\" width=\"420\" height=\"261\" src=\"https:\/\/www.koenigswinter-cognac.de\/wp-content\/uploads\/2018\/04\/20100714-Boule-2010-420x261.jpg\" class=\"attachment-blog-threecol size-blog-threecol wp-post-image\" alt=\"\" title=\"Hitze h\u00e4lt Boule-Spieler nicht auf\" \/><div class=\"blog-overlay\"><span class=\"image-overlay-inside\"><\/span><\/div><\/a><\/div><div class=\"entry-meta\"><div class=\"date\">14 Juli 2010<\/div><\/div><div class=\"entry-title\"><h4><a href=\"https:\/\/www.koenigswinter-cognac.de\/index.php\/hitze-haelt-boule-spieler-nicht-auf\/\">Hitze h\u00e4lt Boule-Spieler nicht auf<\/a><\/h4><\/div><div class=\"entry-body\"><p>Trotz sengender Hitze spielten die Mitglieder des Partnerschaftsvereins K\u00f6nigswinter-Cognac Boule in Heisterbacherrott. Der <a href=\"http:\/\/www.general-anzeiger-bonn.de\/region\/Die-Hitze-h\u00e4lt-Boule-Spieler-nicht-auf-article31015.html\">General-Anzeiger Bonn<\/a> berichtete.\nBild: Holger Handt\n<\/p><div class=\"entry-metadata\">by <a href=\"https:\/\/www.koenigswinter-cognac.de\/index.php\/author\/KWCognac1989\/\">PV K\u00f6nigswinter - Cognac<\/a> \/ <a href=\"https:\/\/www.koenigswinter-cognac.de\/index.php\/category\/2010\/\" title=\"View all posts in 2010\">2010<\/a> \/ <a href=\"https:\/\/www.koenigswinter-cognac.de\/index.php\/hitze-haelt-boule-spieler-nicht-auf\/\/#comments\">No Comments<\/a><\/div><\/div><\/div><\/article><\/div><div class=\"column dt-sc-one-third first\"><article id=\"post-7800\" class=\"blog-entry post-7800 post type-post status-publish format-aside has-post-thumbnail hentry category-146 post_format-post-format-aside\"><div class=\"blog-entry-inner\"><div class=\"entry-thumb\"><a href=\"https:\/\/www.koenigswinter-cognac.de\/index.php\/abends-en-famille-besuch-aus-cognac\/\" title=\"Abends en famille &#8211; Besuch aus Cognac\"><img loading=\"lazy\" decoding=\"async\" width=\"420\" height=\"261\" src=\"https:\/\/www.koenigswinter-cognac.de\/wp-content\/uploads\/2018\/04\/20141006-Sch\u00fcleraustausch-420x261.jpg\" class=\"attachment-blog-threecol size-blog-threecol wp-post-image\" alt=\"\" title=\"Abends en famille &#8211; Besuch aus Cognac\" \/><div class=\"blog-overlay\"><span class=\"image-overlay-inside\"><\/span><\/div><\/a><\/div><div class=\"entry-meta\"><div class=\"date\">13 Apr. 2010<\/div><\/div><div class=\"entry-title\"><h4><a href=\"https:\/\/www.koenigswinter-cognac.de\/index.php\/abends-en-famille-besuch-aus-cognac\/\">Abends en famille &#8211; Besuch aus Cognac<\/a><\/h4><\/div><div class=\"entry-body\"><p>31 G\u00e4ste aus Cognac waren es in diesem Jahr, die mit einem umfangreichen Programm die Region rund um K\u00f6nigswinter...<\/p><div class=\"entry-metadata\">by <a href=\"https:\/\/www.koenigswinter-cognac.de\/index.php\/author\/KWCognac1989\/\">PV K\u00f6nigswinter - Cognac<\/a> \/ <a href=\"https:\/\/www.koenigswinter-cognac.de\/index.php\/category\/2010\/\" title=\"View all posts in 2010\">2010<\/a> \/ <a href=\"https:\/\/www.koenigswinter-cognac.de\/index.php\/abends-en-famille-besuch-aus-cognac\/\/#comments\">No Comments<\/a><\/div><\/div><\/div><\/article><\/div><div class=\"column dt-sc-one-third\"><article id=\"post-7795\" class=\"blog-entry post-7795 post type-post status-publish format-aside has-post-thumbnail hentry category-146 post_format-post-format-aside\"><div class=\"blog-entry-inner\"><div class=\"entry-thumb\"><a href=\"https:\/\/www.koenigswinter-cognac.de\/index.php\/koenigswuerde-fuer-jutta-roth-und-wolf-schmidt-kuester\/\" title=\"K\u00f6nigsw\u00fcrde f\u00fcr Jutta Roth und Wolf Schmidt-K\u00fcster\"><img loading=\"lazy\" decoding=\"async\" width=\"420\" height=\"261\" src=\"https:\/\/www.koenigswinter-cognac.de\/wp-content\/uploads\/2018\/04\/20100201-Galette-des-Rois-420x261.jpg\" class=\"attachment-blog-threecol size-blog-threecol wp-post-image\" alt=\"\" title=\"K\u00f6nigsw\u00fcrde f\u00fcr Jutta Roth und Wolf Schmidt-K\u00fcster\" \/><div class=\"blog-overlay\"><span class=\"image-overlay-inside\"><\/span><\/div><\/a><\/div><div class=\"entry-meta\"><div class=\"date\">01 Feb. 2010<\/div><\/div><div class=\"entry-title\"><h4><a href=\"https:\/\/www.koenigswinter-cognac.de\/index.php\/koenigswuerde-fuer-jutta-roth-und-wolf-schmidt-kuester\/\">K\u00f6nigsw\u00fcrde f\u00fcr Jutta Roth und Wolf Schmidt-K\u00fcster<\/a><\/h4><\/div><div class=\"entry-body\"><p>Der <a href=\"http:\/\/www.general-anzeiger-bonn.de\/region\/K\u00f6nigsw\u00fcrde-f\u00fcr-Jutta-Roth-und-Wolf-Schmidt-K\u00fcster-article31022.html\">General-Anzeiger Bonn<\/a> berichtete \u00fcber die &#8222;Galette des Rois&#8220; des Partnerschaftsvereins K\u00f6nigswinter-Cognac. Der Vorsitzende, Dr. Reinhard G\u00e4rtner und...<\/p><div class=\"entry-metadata\">by <a href=\"https:\/\/www.koenigswinter-cognac.de\/index.php\/author\/KWCognac1989\/\">PV K\u00f6nigswinter - Cognac<\/a> \/ <a href=\"https:\/\/www.koenigswinter-cognac.de\/index.php\/category\/2010\/\" title=\"View all posts in 2010\">2010<\/a> \/ <a href=\"https:\/\/www.koenigswinter-cognac.de\/index.php\/koenigswuerde-fuer-jutta-roth-und-wolf-schmidt-kuester\/\/#comments\">No Comments<\/a><\/div><\/div><\/div><\/article><\/div><\/div><div class=\"dt-sc-hr-border\"><\/div>\t<\/div><\/div>\n","protected":false},"excerpt":{"rendered":"<p>Der <a href=\"http:\/\/www.general-anzeiger-bonn.de\/region\/K\u00f6nigsw\u00fcrde-f\u00fcr-Jutta-Roth-und-Wolf-Schmidt-K\u00fcster-article31022.html\">General-Anzeiger Bonn<\/a> berichtete \u00fcber die &#8222;Galette des Rois&#8220; des Partnerschaftsvereins K\u00f6nigswinter-Cognac. Der Vorsitzende, Dr. Reinhard G\u00e4rtner und seine Stellvertreterin Gerda Fischer-Lahnstein konnten Jutta Roth und Wolf Schmidt-K\u00fcster inthronisieren.<\/p>\n","protected":false},"author":1,"featured_media":0,"parent":5981,"menu_order":0,"comment_status":"closed","ping_status":"closed","template":"","meta":{"footnotes":""},"class_list":["post-7458","page","type-page","status-publish","hentry"],"_links":{"self":[{"href":"https:\/\/www.koenigswinter-cognac.de\/index.php\/wp-json\/wp\/v2\/pages\/7458","targetHints":{"allow":["GET"]}}],"collection":[{"href":"https:\/\/www.koenigswinter-cognac.de\/index.php\/wp-json\/wp\/v2\/pages"}],"about":[{"href":"https:\/\/www.koenigswinter-cognac.de\/index.php\/wp-json\/wp\/v2\/types\/page"}],"author":[{"embeddable":true,"href":"https:\/\/www.koenigswinter-cognac.de\/index.php\/wp-json\/wp\/v2\/users\/1"}],"replies":[{"embeddable":true,"href":"https:\/\/www.koenigswinter-cognac.de\/index.php\/wp-json\/wp\/v2\/comments?post=7458"}],"version-history":[{"count":2,"href":"https:\/\/www.koenigswinter-cognac.de\/index.php\/wp-json\/wp\/v2\/pages\/7458\/revisions"}],"predecessor-version":[{"id":7460,"href":"https:\/\/www.koenigswinter-cognac.de\/index.php\/wp-json\/wp\/v2\/pages\/7458\/revisions\/7460"}],"up":[{"embeddable":true,"href":"https:\/\/www.koenigswinter-cognac.de\/index.php\/wp-json\/wp\/v2\/pages\/5981"}],"wp:attachment":[{"href":"https:\/\/www.koenigswinter-cognac.de\/index.php\/wp-json\/wp\/v2\/media?parent=7458"}],"curies":[{"name":"wp","href":"https:\/\/api.w.org\/{rel}","templated":true}]}}