{"id":7461,"date":"2018-03-11T19:32:39","date_gmt":"2018-03-11T18:32:39","guid":{"rendered":"http:\/\/www.koenigswinter-cognac.de\/Wordpress-2018\/?page_id=7461"},"modified":"2018-03-11T19:32:39","modified_gmt":"2018-03-11T18:32:39","slug":"berichte-2009","status":"publish","type":"page","link":"https:\/\/www.koenigswinter-cognac.de\/index.php\/berichte\/berichte-2009\/","title":{"rendered":"Berichte 2009"},"content":{"rendered":"<div  class='fullwidth-section  ' >\t<div class=\"container\"><div class=\"dt-sc-hr-border\"><\/div><div class=\"blog-entry-posts\"><div class=\"column dt-sc-one-third first\"><article id=\"post-7592\" class=\"blog-entry post-7592 post type-post status-publish format-aside has-post-thumbnail hentry category-145 post_format-post-format-aside\"><div class=\"blog-entry-inner\"><div class=\"entry-thumb\"><a href=\"https:\/\/www.koenigswinter-cognac.de\/index.php\/jahresbericht-2009\/\" title=\"Jahresbericht 2009\"><img loading=\"lazy\" decoding=\"async\" width=\"420\" height=\"261\" src=\"https:\/\/www.koenigswinter-cognac.de\/wp-content\/uploads\/2018\/03\/2009-420x261.jpg\" class=\"attachment-blog-threecol size-blog-threecol wp-post-image\" alt=\"\" title=\"Jahresbericht 2009\" \/><div class=\"blog-overlay\"><span class=\"image-overlay-inside\"><\/span><\/div><\/a><\/div><div class=\"entry-meta\"><div class=\"date\">31 Dez. 2009<\/div><\/div><div class=\"entry-title\"><h4><a href=\"https:\/\/www.koenigswinter-cognac.de\/index.php\/jahresbericht-2009\/\">Jahresbericht 2009<\/a><\/h4><\/div><div class=\"entry-body\"><p>Der Bericht mit den Aktivit\u00e4ten des Partnerschaftsvereins im Jahr 2009 kann <a href=\"https:\/\/www.koenigswinter-cognac.de\/wp-content\/uploads\/2018\/03\/20100128-Jahresbericht-2009.pdf\">hier<\/a> heruntergeladen werden.\n<\/p><div class=\"entry-metadata\">by <a href=\"https:\/\/www.koenigswinter-cognac.de\/index.php\/author\/KWCognac1989\/\">PV K\u00f6nigswinter - Cognac<\/a> \/ <a href=\"https:\/\/www.koenigswinter-cognac.de\/index.php\/category\/2009\/\" title=\"View all posts in 2009\">2009<\/a> \/ <a href=\"https:\/\/www.koenigswinter-cognac.de\/index.php\/jahresbericht-2009\/\/#comments\">No Comments<\/a><\/div><\/div><\/div><\/article><\/div><div class=\"column dt-sc-one-third\"><article id=\"post-7798\" class=\"blog-entry post-7798 post type-post status-publish format-aside has-post-thumbnail hentry category-145 post_format-post-format-aside\"><div class=\"blog-entry-inner\"><div class=\"entry-thumb\"><a href=\"https:\/\/www.koenigswinter-cognac.de\/index.php\/20-jahre-partnerschaft-feier-in-cognac\/\" title=\"20 Jahre Partnerschaft &#8211; Feier in Cognac\"><img loading=\"lazy\" decoding=\"async\" width=\"420\" height=\"261\" src=\"https:\/\/www.koenigswinter-cognac.de\/wp-content\/uploads\/2018\/04\/20090620-Jubilaeumsfeier-Cognac-420x261.jpg\" class=\"attachment-blog-threecol size-blog-threecol wp-post-image\" alt=\"\" title=\"20 Jahre Partnerschaft &#8211; Feier in Cognac\" \/><div class=\"blog-overlay\"><span class=\"image-overlay-inside\"><\/span><\/div><\/a><\/div><div class=\"entry-meta\"><div class=\"date\">20 Juni 2009<\/div><\/div><div class=\"entry-title\"><h4><a href=\"https:\/\/www.koenigswinter-cognac.de\/index.php\/20-jahre-partnerschaft-feier-in-cognac\/\">20 Jahre Partnerschaft &#8211; Feier in Cognac<\/a><\/h4><\/div><div class=\"entry-body\"><p>Der <a href=\"http:\/\/www.general-anzeiger-bonn.de\/region\/Wir-sind-f\u00fcreinander-gemacht-article241908.html\">General-Anzeiger Bonn<\/a> berichtete unter dem Titel &#8222;Wir sind f\u00fcr einander gemacht. von der Feier zum 20-j\u00e4hrigen bestehen...<\/p><div class=\"entry-metadata\">by <a href=\"https:\/\/www.koenigswinter-cognac.de\/index.php\/author\/KWCognac1989\/\">PV K\u00f6nigswinter - Cognac<\/a> \/ <a href=\"https:\/\/www.koenigswinter-cognac.de\/index.php\/category\/2009\/\" title=\"View all posts in 2009\">2009<\/a> \/ <a href=\"https:\/\/www.koenigswinter-cognac.de\/index.php\/20-jahre-partnerschaft-feier-in-cognac\/\/#comments\">No Comments<\/a><\/div><\/div><\/div><\/article><\/div><div class=\"column dt-sc-one-third\"><article id=\"post-7804\" class=\"blog-entry post-7804 post type-post status-publish format-aside has-post-thumbnail hentry category-145 post_format-post-format-aside\"><div class=\"blog-entry-inner\"><div class=\"entry-thumb\"><a href=\"https:\/\/www.koenigswinter-cognac.de\/index.php\/schedrik-chor-zu-gast-in-cognac\/\" title=\"Schedrik Chor zu Gast in Cognac\"><img loading=\"lazy\" decoding=\"async\" width=\"420\" height=\"261\" src=\"https:\/\/www.koenigswinter-cognac.de\/wp-content\/uploads\/2018\/04\/20090619-Schedrik-Chor-420x261.jpg\" class=\"attachment-blog-threecol size-blog-threecol wp-post-image\" alt=\"\" title=\"Schedrik Chor zu Gast in Cognac\" \/><div class=\"blog-overlay\"><span class=\"image-overlay-inside\"><\/span><\/div><\/a><\/div><div class=\"entry-meta\"><div class=\"date\">19 Juni 2009<\/div><\/div><div class=\"entry-title\"><h4><a href=\"https:\/\/www.koenigswinter-cognac.de\/index.php\/schedrik-chor-zu-gast-in-cognac\/\">Schedrik Chor zu Gast in Cognac<\/a><\/h4><\/div><div class=\"entry-body\"><p>Der Schedrik Chor des Gymnasiums am \u00d6lberg in Oberpleis kam zum 20-j\u00e4hrigen Jubil\u00e4um nach Cognac. Der <a href=\"http:\/\/www.general-anzeiger-bonn.de\/region\/Konzert-mit-franz\u00f6sischen-Nachtwandlern-article241911.html\">General-Anzeiger Bonn<\/a>...<\/p><div class=\"entry-metadata\">by <a href=\"https:\/\/www.koenigswinter-cognac.de\/index.php\/author\/KWCognac1989\/\">PV K\u00f6nigswinter - Cognac<\/a> \/ <a href=\"https:\/\/www.koenigswinter-cognac.de\/index.php\/category\/2009\/\" title=\"View all posts in 2009\">2009<\/a> \/ <a href=\"https:\/\/www.koenigswinter-cognac.de\/index.php\/schedrik-chor-zu-gast-in-cognac\/\/#comments\">No Comments<\/a><\/div><\/div><\/div><\/article><\/div><\/div><div class=\"dt-sc-hr-border\"><\/div>\t<\/div><\/div>\n","protected":false},"excerpt":{"rendered":"<p>Der Schedrik Chor des Gymnasiums am \u00d6lberg in Oberpleis kam zum 20-j\u00e4hrigen Jubil\u00e4um nach Cognac. Der <a href=\"http:\/\/www.general-anzeiger-bonn.de\/region\/Konzert-mit-franz\u00f6sischen-Nachtwandlern-article241911.html\">General-Anzeiger Bonn<\/a> berichtete.<\/p>\n","protected":false},"author":1,"featured_media":0,"parent":5981,"menu_order":0,"comment_status":"closed","ping_status":"closed","template":"","meta":{"footnotes":""},"class_list":["post-7461","page","type-page","status-publish","hentry"],"_links":{"self":[{"href":"https:\/\/www.koenigswinter-cognac.de\/index.php\/wp-json\/wp\/v2\/pages\/7461","targetHints":{"allow":["GET"]}}],"collection":[{"href":"https:\/\/www.koenigswinter-cognac.de\/index.php\/wp-json\/wp\/v2\/pages"}],"about":[{"href":"https:\/\/www.koenigswinter-cognac.de\/index.php\/wp-json\/wp\/v2\/types\/page"}],"author":[{"embeddable":true,"href":"https:\/\/www.koenigswinter-cognac.de\/index.php\/wp-json\/wp\/v2\/users\/1"}],"replies":[{"embeddable":true,"href":"https:\/\/www.koenigswinter-cognac.de\/index.php\/wp-json\/wp\/v2\/comments?post=7461"}],"version-history":[{"count":2,"href":"https:\/\/www.koenigswinter-cognac.de\/index.php\/wp-json\/wp\/v2\/pages\/7461\/revisions"}],"predecessor-version":[{"id":7463,"href":"https:\/\/www.koenigswinter-cognac.de\/index.php\/wp-json\/wp\/v2\/pages\/7461\/revisions\/7463"}],"up":[{"embeddable":true,"href":"https:\/\/www.koenigswinter-cognac.de\/index.php\/wp-json\/wp\/v2\/pages\/5981"}],"wp:attachment":[{"href":"https:\/\/www.koenigswinter-cognac.de\/index.php\/wp-json\/wp\/v2\/media?parent=7461"}],"curies":[{"name":"wp","href":"https:\/\/api.w.org\/{rel}","templated":true}]}}