{"id":7464,"date":"2018-03-11T19:33:30","date_gmt":"2018-03-11T18:33:30","guid":{"rendered":"http:\/\/www.koenigswinter-cognac.de\/Wordpress-2018\/?page_id=7464"},"modified":"2018-03-11T19:33:30","modified_gmt":"2018-03-11T18:33:30","slug":"berichte-2008","status":"publish","type":"page","link":"https:\/\/www.koenigswinter-cognac.de\/index.php\/berichte\/berichte-2008\/","title":{"rendered":"Berichte 2008"},"content":{"rendered":"<div  class='fullwidth-section  ' >\t<div class=\"container\"><div class=\"dt-sc-hr-border\"><\/div><div class=\"blog-entry-posts\"><div class=\"column dt-sc-one-third first\"><article id=\"post-7599\" class=\"blog-entry post-7599 post type-post status-publish format-aside has-post-thumbnail hentry category-144 post_format-post-format-aside\"><div class=\"blog-entry-inner\"><div class=\"entry-thumb\"><a href=\"https:\/\/www.koenigswinter-cognac.de\/index.php\/jahresbericht-2008\/\" title=\"Jahresbericht 2008\"><img loading=\"lazy\" decoding=\"async\" width=\"420\" height=\"261\" src=\"https:\/\/www.koenigswinter-cognac.de\/wp-content\/uploads\/2018\/03\/2008-420x261.jpg\" class=\"attachment-blog-threecol size-blog-threecol wp-post-image\" alt=\"\" title=\"Jahresbericht 2008\" \/><div class=\"blog-overlay\"><span class=\"image-overlay-inside\"><\/span><\/div><\/a><\/div><div class=\"entry-meta\"><div class=\"date\">31 Dez. 2008<\/div><\/div><div class=\"entry-title\"><h4><a href=\"https:\/\/www.koenigswinter-cognac.de\/index.php\/jahresbericht-2008\/\">Jahresbericht 2008<\/a><\/h4><\/div><div class=\"entry-body\"><p>Der Bericht mit den Aktivit\u00e4ten des Partnerschaftsvereins im Jahr 2008 kann <a href=\"https:\/\/www.koenigswinter-cognac.de\/wp-content\/uploads\/2018\/03\/Jahresbericht-2008.pdf\">hier<\/a> heruntergeladen werden.\n<\/p><div class=\"entry-metadata\">by <a href=\"https:\/\/www.koenigswinter-cognac.de\/index.php\/author\/KWCognac1989\/\">PV K\u00f6nigswinter - Cognac<\/a> \/ <a href=\"https:\/\/www.koenigswinter-cognac.de\/index.php\/category\/2008\/\" title=\"View all posts in 2008\">2008<\/a> \/ <a href=\"https:\/\/www.koenigswinter-cognac.de\/index.php\/jahresbericht-2008\/\/#comments\">No Comments<\/a><\/div><\/div><\/div><\/article><\/div><div class=\"column dt-sc-one-third\"><article id=\"post-7807\" class=\"blog-entry post-7807 post type-post status-publish format-aside has-post-thumbnail hentry category-144 post_format-post-format-aside\"><div class=\"blog-entry-inner\"><div class=\"entry-thumb\"><a href=\"https:\/\/www.koenigswinter-cognac.de\/index.php\/auf-den-spuren-der-franzosen-in-koeln\/\" title=\"Auf den Spuren der Franzosen in K\u00f6ln\"><img loading=\"lazy\" decoding=\"async\" width=\"420\" height=\"261\" src=\"https:\/\/www.koenigswinter-cognac.de\/wp-content\/uploads\/2018\/04\/20080927-Koeln_Hahnentor-420x261.jpg\" class=\"attachment-blog-threecol size-blog-threecol wp-post-image\" alt=\"\" title=\"Auf den Spuren der Franzosen in K\u00f6ln\" \/><div class=\"blog-overlay\"><span class=\"image-overlay-inside\"><\/span><\/div><\/a><\/div><div class=\"entry-meta\"><div class=\"date\">27 Sep. 2008<\/div><\/div><div class=\"entry-title\"><h4><a href=\"https:\/\/www.koenigswinter-cognac.de\/index.php\/auf-den-spuren-der-franzosen-in-koeln\/\">Auf den Spuren der Franzosen in K\u00f6ln<\/a><\/h4><\/div><div class=\"entry-body\"><p>Eine Gruppe des Partnerschaftsvereins K\u00f6nigswinter &#8211; Cognac begab sich nach K\u00f6ln auf die Spuren der Franzosen. Man glaubt gar...<\/p><div class=\"entry-metadata\">by <a href=\"https:\/\/www.koenigswinter-cognac.de\/index.php\/author\/KWCognac1989\/\">PV K\u00f6nigswinter - Cognac<\/a> \/ <a href=\"https:\/\/www.koenigswinter-cognac.de\/index.php\/category\/2008\/\" title=\"View all posts in 2008\">2008<\/a> \/ <a href=\"https:\/\/www.koenigswinter-cognac.de\/index.php\/auf-den-spuren-der-franzosen-in-koeln\/\/#comments\">No Comments<\/a><\/div><\/div><\/div><\/article><\/div><\/div><div class=\"dt-sc-hr-border\"><\/div>\t<\/div><\/div>\n","protected":false},"excerpt":{"rendered":"<p>Eine Gruppe des Partnerschaftsvereins K\u00f6nigswinter &#8211; Cognac begab sich nach K\u00f6ln auf die Spuren der Franzosen. Man glaubt gar nicht, an wie vielen interessanten Dingen wir vorbeigelaufen w\u00e4ren, g\u00e4be es nicht Herrn Wolter als sachkundigen F\u00fchrer, der uns darauf aufmerksam machte und mit Informationen und Details versorgte. Der <a href=\"http:\/\/www.general-anzeiger-bonn.de\/region\/Auf-den-Spuren-der-Franzosen-article241913.html\">General-Anzeiger Bonn<\/a> berichtete.<\/p>\n","protected":false},"author":1,"featured_media":0,"parent":5981,"menu_order":0,"comment_status":"closed","ping_status":"closed","template":"","meta":{"footnotes":""},"class_list":["post-7464","page","type-page","status-publish","hentry"],"_links":{"self":[{"href":"https:\/\/www.koenigswinter-cognac.de\/index.php\/wp-json\/wp\/v2\/pages\/7464","targetHints":{"allow":["GET"]}}],"collection":[{"href":"https:\/\/www.koenigswinter-cognac.de\/index.php\/wp-json\/wp\/v2\/pages"}],"about":[{"href":"https:\/\/www.koenigswinter-cognac.de\/index.php\/wp-json\/wp\/v2\/types\/page"}],"author":[{"embeddable":true,"href":"https:\/\/www.koenigswinter-cognac.de\/index.php\/wp-json\/wp\/v2\/users\/1"}],"replies":[{"embeddable":true,"href":"https:\/\/www.koenigswinter-cognac.de\/index.php\/wp-json\/wp\/v2\/comments?post=7464"}],"version-history":[{"count":2,"href":"https:\/\/www.koenigswinter-cognac.de\/index.php\/wp-json\/wp\/v2\/pages\/7464\/revisions"}],"predecessor-version":[{"id":7466,"href":"https:\/\/www.koenigswinter-cognac.de\/index.php\/wp-json\/wp\/v2\/pages\/7464\/revisions\/7466"}],"up":[{"embeddable":true,"href":"https:\/\/www.koenigswinter-cognac.de\/index.php\/wp-json\/wp\/v2\/pages\/5981"}],"wp:attachment":[{"href":"https:\/\/www.koenigswinter-cognac.de\/index.php\/wp-json\/wp\/v2\/media?parent=7464"}],"curies":[{"name":"wp","href":"https:\/\/api.w.org\/{rel}","templated":true}]}}