{"id":7907,"date":"2018-06-06T10:32:10","date_gmt":"2018-06-06T08:32:10","guid":{"rendered":"http:\/\/www.koenigswinter-cognac.de\/?page_id=7907"},"modified":"2025-03-21T17:25:37","modified_gmt":"2025-03-21T16:25:37","slug":"datenschutzerklaerung","status":"publish","type":"page","link":"https:\/\/www.koenigswinter-cognac.de\/index.php\/datenschutzerklaerung\/","title":{"rendered":"Datenschutzerkl\u00e4rung"},"content":{"rendered":"<p>Diese Datenschutzerkl\u00e4rung unterrichtet Sie gem\u00e4\u00df Art. 13 DS-GVO \u00fcber Art und Weise und die Hintergr\u00fcnde der Verarbeitung Ihrer personenbezogenen Daten \u00fcber die Website www.koenigswinter-cognac.de (nachfolgend \u201eWebsite\u201c) und \u00fcber die Ihnen zustehenden Rechte.<br \/>\nPersonenbezogene Daten sind alle Informationen, die sich auf eine identifizierte oder identifizierbare nat\u00fcrliche Person beziehen. Als identifizierbar wird eine nat\u00fcrliche Person angesehen, die direkt oder indirekt, insbesondere mittels Zuordnung zu einer Kennung wie einem Namen, zu einer Kennnummer, zu Standortdaten, zu einer Online-Kennung oder zu einem oder mehreren besonderen Merkmalen identifiziert werden kann, die Ausdruck der physischen, physiologischen, genetischen, psychischen, wirtschaftlichen, kulturellen oder sozialen Identit\u00e4t dieser nat\u00fcrlichen Person sind. Dies sind also nicht nur Ihr Name, Ihre E-Mail-Adresse oder Ihre Kontaktdaten, sondern z.B. auch die IP-Adresse, \u00fcber die Sie ggf. rein informatorisch unsere Website besuchen.<\/p>\n<p><span style=\"color: #3366ff;\">Verantwortlicher<\/span><br \/>\nVerantwortlicher gem\u00e4\u00df Art. 4 Nr. 7 DS-GVO ist der<br \/>\nVerein zur F\u00f6rderung der Partnerschaft K\u00f6nigswinter \u2013 Cognac 1989 e.V.<br \/>\nFalltorstra\u00dfe 14<br \/>\n53639 K\u00f6nigswinter<br \/>\ne-mail: <a href=\"mailto:vorsitz@koenigswinter-cognac.de\">vorsitz@koenigswinter-cognac.de<\/a><\/p>\n<p><span style=\"color: #3366ff;\">Ihre Betroffenenrechte<\/span><br \/>\nSie haben nach der DS-GVO folgende Rechte hinsichtlich der Sie betreffenden personenbezogenen Daten:<br \/>\n&#8211; Recht auf Auskunft,<br \/>\n&#8211; Recht auf Berichtigung,<br \/>\n&#8211; Recht auf L\u00f6schung,<br \/>\n&#8211; Recht auf Einschr\u00e4nkung der Verarbeitung,<br \/>\n&#8211; Recht auf Widerspruch gegen die Verarbeitung,<br \/>\n&#8211; Recht auf Daten\u00fcbertragbarkeit.<br \/>\nSie haben zudem das Recht, sich bei einer Datenschutz-Aufsichtsbeh\u00f6rde \u00fcber die Verarbeitung Ihrer personenbezogenen Daten zu beschweren.<\/p>\n<p><span style=\"color: #3366ff;\">Speichern von personenbezogenen Daten beim Besuch unserer Website<\/span><br \/>\nDurch den Besuch auf unserer Website werden keine personenbezogenen Daten automatisch durch uns gespeichert.<\/p>\n<p><span style=\"color: #3366ff;\">Kontaktanfragen<\/span><br \/>\nBei Anfragen \u00fcber unsere Ihnen zur Verf\u00fcgung gestellten e-Mailadresse verarbeiten wir die von Ihnen freiwillig zur Verf\u00fcgung gestellten personenbezogenen Daten ausschlie\u00dflich dazu, um Ihre Anfrage zu bearbeiten, zu beantworten oder uns mit Ihnen in Verbindung zu setzen. Die in diesem Zusammenhang anfallenden Daten werden nach abschlie\u00dfender Beantwortung gel\u00f6scht, sollten nicht gesetzliche oder sonstige Aufbewahrungspflichten bestehen.<\/p>\n<p><span style=\"color: #3366ff;\">Links zu anderen Websites<\/span><br \/>\nDie Website enth\u00e4lt ggf. Links zu anderen Websites, zu Datenschutzerkl\u00e4rungen und Datenschutzrichtlinien auf diesen Websites. Wir \u00fcbernehmen weder eine Haftung noch eine Verantwortung f\u00fcr diese nicht im Zusammenhang mit unserer Website stehenden Erkl\u00e4rungen und Richtlinien.<\/p>\n<p><span style=\"color: #3366ff;\">Cookies<\/span><br \/>\nEin Cookie ist ein kleiner Datensatz, der auf Ihrem Endger\u00e4t gespeichert wird und Daten wie z. B. pers\u00f6nliche Seiteneinstellungen und Anmeldeinformationen enth\u00e4lt. Dieser Datensatz wird von dem Webserver, mit dem Sie \u00fcber Ihren Webbrowser eine Verbindung aufgebaut haben, erzeugt und an Sie gesendet.<br \/>\nW\u00e4hrend Sie auf unserer Website aktiv sind, wird tempor\u00e4r ein Sitzungs-Cookie im Speicher Ihres Computers abgelegt, in dem eine Sitzungskennung gespeichert wird, um z. B. bei jedem Seitenwechsel zu verhindern, dass Sie sich erneut anmelden m\u00fcssen. Sitzungs-Cookies werden bei der Abmeldung gel\u00f6scht oder verlieren ihre G\u00fcltigkeit, sobald ihre Sitzung automatisch abgelaufen ist.<\/p>\n<p><span style=\"color: #3366ff;\">Verwendung von Google Maps<\/span><br \/>\nDiese Website benutzt Google Maps zur Darstellung eines Lageplanes. Google Maps wird von Google Inc., 1600 Amphitheatre Parkway, Mountain View, CA 94043, USA betrieben. Durch die Nutzung dieser Website erkl\u00e4ren Sie sich mit der Erfassung, Bearbeitung sowie der Nutzung der automatisch erhobenen sowie der von Ihnen eingegeben Daten durch Google, einer seiner Vertreter, oder Drittanbieter einverstanden.<br \/>\nDie Nutzungsbedingungen f\u00fcr Google Maps finden Sie unter Nutzungsbedingungen f\u00fcr Google Maps. Ausf\u00fchrliche Details finden Sie im Datenschutz-Center von google.de: Transparenz und Wahlm\u00f6glichkeiten sowie Datenschutzbestimmungen.<\/p>\n<p>Verein zur F\u00f6rderung der Partnerschaft K\u00f6nigswinter \u2013 Cognac 1989 e.V.<\/p>\n<p>K\u00f6nigswinter, 06. Juni 2018<\/p>\n<p>&nbsp;<\/p>\n","protected":false},"excerpt":{"rendered":"<p>Diese Datenschutzerkl\u00e4rung unterrichtet Sie gem\u00e4\u00df Art. 13 DS-GVO \u00fcber Art und Weise und die Hintergr\u00fcnde der Verarbeitung Ihrer personenbezogenen Daten \u00fcber die Website www.koenigswinter-cognac.de (nachfolgend \u201eWebsite\u201c) und \u00fcber die Ihnen zustehenden Rechte.<br \/>\nPersonenbezogene Daten sind alle Informationen, die sich auf eine identifizierte oder identifizierbare nat\u00fcrliche Person beziehen. Als identifizierbar wird eine nat\u00fcrliche Person angesehen, die direkt oder indirekt, insbesondere mittels Zuordnung zu einer Kennung wie einem Namen, zu einer Kennnummer, zu Standortdaten, zu einer Online-Kennung oder zu einem oder mehreren besonderen Merkmalen identifiziert werden kann, die Ausdruck der physischen, physiologischen, genetischen, psychischen, wirtschaftlichen, kulturellen oder sozialen Identit\u00e4t dieser nat\u00fcrlichen Person sind. Dies sind also nicht nur Ihr Name, Ihre E-Mail-Adresse oder Ihre Kontaktdaten, sondern z.B. auch die IP-Adresse, \u00fcber die Sie ggf. rein informatorisch unsere Website besuchen.<br \/>\nVerantwortlicher<br \/>\nVerantwortlicher gem\u00e4\u00df Art. 4 Nr. 7 DS-GVO ist der<br \/>\nVerein zur F\u00f6rderung der Partnerschaft K\u00f6nigswinter \u2013 Cognac 1989 e.V.<br \/>\nFalltorstra\u00dfe 14<br \/>\n53639 K\u00f6nigswinter<br \/>\ne-mail: <a href=\"mailto:vorsitz@koenigswinter-cognac.de\">vorsitz@koenigswinter-cognac.de<\/a><br \/>\nIhre Betroffenenrechte<br \/>\nSie haben nach der DS-GVO folgende Rechte hinsichtlich der Sie betreffenden personenbezogenen Daten:<br \/>\n&#8211; Recht auf Auskunft,<br \/>\n&#8211; Recht auf Berichtigung,<br \/>\n&#8211; Recht auf L\u00f6schung,<br \/>\n&#8211; Recht auf Einschr\u00e4nkung der Verarbeitung,<br \/>\n&#8211; Recht auf Widerspruch gegen die Verarbeitung,<br \/>\n&#8211; Recht auf Daten\u00fcbertragbarkeit.<br \/>\nSie haben zudem das Recht, sich bei einer Datenschutz-Aufsichtsbeh\u00f6rde \u00fcber die Verarbeitung Ihrer personenbezogenen Daten zu beschweren.<br \/>\nSpeichern von personenbezogenen Daten beim Besuch unserer Website<br \/>\nDurch den Besuch auf unserer Website werden keine personenbezogenen Daten automatisch durch uns gespeichert.<br \/>\nKontaktanfragen<br \/>\nBei Anfragen \u00fcber unsere Ihnen zur Verf\u00fcgung gestellten e-Mailadresse verarbeiten wir die von Ihnen freiwillig zur Verf\u00fcgung gestellten personenbezogenen Daten ausschlie\u00dflich dazu, um Ihre Anfrage zu bearbeiten, zu beantworten oder uns mit Ihnen in Verbindung zu setzen. Die in diesem Zusammenhang anfallenden Daten werden nach abschlie\u00dfender Beantwortung gel\u00f6scht, sollten nicht gesetzliche oder sonstige Aufbewahrungspflichten bestehen.<br \/>\nLinks zu anderen Websites<br \/>\nDie Website enth\u00e4lt ggf. Links zu anderen Websites, zu Datenschutzerkl\u00e4rungen und Datenschutzrichtlinien auf diesen Websites. Wir \u00fcbernehmen weder eine Haftung noch eine Verantwortung f\u00fcr diese nicht im Zusammenhang mit unserer Website stehenden Erkl\u00e4rungen und Richtlinien.<br \/>\nCookies<br \/>\nEin Cookie ist ein kleiner Datensatz, der auf Ihrem Endger\u00e4t gespeichert wird und Daten wie z. B. pers\u00f6nliche Seiteneinstellungen und Anmeldeinformationen enth\u00e4lt. Dieser Datensatz wird von dem Webserver, mit dem Sie \u00fcber Ihren Webbrowser eine Verbindung aufgebaut haben, erzeugt und an Sie gesendet.<br \/>\nW\u00e4hrend Sie auf unserer Website aktiv sind, wird tempor\u00e4r ein Sitzungs-Cookie im Speicher Ihres Computers abgelegt, in dem eine Sitzungskennung gespeichert wird, um z. B. bei jedem Seitenwechsel zu verhindern, dass Sie sich erneut anmelden m\u00fcssen. Sitzungs-Cookies werden bei der Abmeldung gel\u00f6scht oder verlieren ihre G\u00fcltigkeit, sobald ihre Sitzung automatisch abgelaufen ist.<br \/>\nVerwendung von Google Maps<br \/>\nDiese Website benutzt Google Maps zur Darstellung eines Lageplanes. Google Maps wird von Google Inc., 1600 Amphitheatre Parkway, Mountain View, CA 94043, USA betrieben. Durch die Nutzung dieser Website erkl\u00e4ren Sie sich mit der Erfassung, Bearbeitung sowie der Nutzung der automatisch erhobenen sowie der von Ihnen eingegeben Daten durch Google, einer seiner Vertreter, oder Drittanbieter einverstanden.<br \/>\nDie Nutzungsbedingungen f\u00fcr Google Maps finden Sie unter Nutzungsbedingungen f\u00fcr Google Maps. Ausf\u00fchrliche Details finden Sie im Datenschutz-Center von google.de: Transparenz und Wahlm\u00f6glichkeiten sowie Datenschutzbestimmungen.<br \/>\nVerein zur F\u00f6rderung der Partnerschaft K\u00f6nigswinter \u2013 Cognac 1989 e.V.<br \/>\nK\u00f6nigswinter, 06. Juni 2018<br \/>\n&nbsp;<\/p>\n","protected":false},"author":3,"featured_media":0,"parent":0,"menu_order":0,"comment_status":"closed","ping_status":"closed","template":"","meta":{"footnotes":""},"class_list":["post-7907","page","type-page","status-publish","hentry"],"_links":{"self":[{"href":"https:\/\/www.koenigswinter-cognac.de\/index.php\/wp-json\/wp\/v2\/pages\/7907","targetHints":{"allow":["GET"]}}],"collection":[{"href":"https:\/\/www.koenigswinter-cognac.de\/index.php\/wp-json\/wp\/v2\/pages"}],"about":[{"href":"https:\/\/www.koenigswinter-cognac.de\/index.php\/wp-json\/wp\/v2\/types\/page"}],"author":[{"embeddable":true,"href":"https:\/\/www.koenigswinter-cognac.de\/index.php\/wp-json\/wp\/v2\/users\/3"}],"replies":[{"embeddable":true,"href":"https:\/\/www.koenigswinter-cognac.de\/index.php\/wp-json\/wp\/v2\/comments?post=7907"}],"version-history":[{"count":2,"href":"https:\/\/www.koenigswinter-cognac.de\/index.php\/wp-json\/wp\/v2\/pages\/7907\/revisions"}],"predecessor-version":[{"id":70248,"href":"https:\/\/www.koenigswinter-cognac.de\/index.php\/wp-json\/wp\/v2\/pages\/7907\/revisions\/70248"}],"wp:attachment":[{"href":"https:\/\/www.koenigswinter-cognac.de\/index.php\/wp-json\/wp\/v2\/media?parent=7907"}],"curies":[{"name":"wp","href":"https:\/\/api.w.org\/{rel}","templated":true}]}}