{"id":8084,"date":"2019-01-14T18:33:01","date_gmt":"2019-01-14T17:33:01","guid":{"rendered":"http:\/\/www.koenigswinter-cognac.de\/?page_id=8084"},"modified":"2019-01-14T18:33:01","modified_gmt":"2019-01-14T17:33:01","slug":"berichte-2019","status":"publish","type":"page","link":"https:\/\/www.koenigswinter-cognac.de\/index.php\/berichte\/berichte-2019\/","title":{"rendered":"Berichte 2019"},"content":{"rendered":"<div  class='fullwidth-section  ' >\t<div class=\"container\"><div class=\"dt-sc-hr-border\"><\/div><div class=\"blog-entry-posts\"><div class=\"column dt-sc-one-third first\"><article id=\"post-41056\" class=\"blog-entry post-41056 post type-post status-publish format-aside has-post-thumbnail hentry category-156 post_format-post-format-aside\"><div class=\"blog-entry-inner\"><div class=\"entry-thumb\"><a href=\"https:\/\/www.koenigswinter-cognac.de\/index.php\/jahresbericht-2019\/\" title=\"Jahresbericht 2019\"><img loading=\"lazy\" decoding=\"async\" width=\"420\" height=\"261\" src=\"https:\/\/www.koenigswinter-cognac.de\/wp-content\/uploads\/2020\/02\/2019-420x261.jpg\" class=\"attachment-blog-threecol size-blog-threecol wp-post-image\" alt=\"\" title=\"Jahresbericht 2019\" \/><div class=\"blog-overlay\"><span class=\"image-overlay-inside\"><\/span><\/div><\/a><\/div><div class=\"entry-meta\"><div class=\"date\">17 Feb. 2020<\/div><\/div><div class=\"entry-title\"><h4><a href=\"https:\/\/www.koenigswinter-cognac.de\/index.php\/jahresbericht-2019\/\">Jahresbericht 2019<\/a><\/h4><\/div><div class=\"entry-body\"><p>Der Bericht mit den Aktivit\u00e4ten des Partnerschaftsvereins im Jahr 2019 kann <a href=\"https:\/\/www.koenigswinter-cognac.de\/wp-content\/uploads\/2020\/02\/Jahresbericht2019.pdf\">hier<\/a> heruntergeladen werden.\n<\/p><div class=\"entry-metadata\">by <a href=\"https:\/\/www.koenigswinter-cognac.de\/index.php\/author\/kwcognac\/\">PV K\u00f6nigswinter - Cognac<\/a> \/ <a href=\"https:\/\/www.koenigswinter-cognac.de\/index.php\/category\/2019\/\" title=\"View all posts in 2019\">2019<\/a> \/ <a href=\"https:\/\/www.koenigswinter-cognac.de\/index.php\/jahresbericht-2019\/\/#comments\">No Comments<\/a><\/div><\/div><\/div><\/article><\/div><div class=\"column dt-sc-one-third\"><article id=\"post-30618\" class=\"blog-entry post-30618 post type-post status-publish format-aside has-post-thumbnail hentry category-156 category-neuigkeiten post_format-post-format-aside\"><div class=\"blog-entry-inner\"><div class=\"entry-thumb\"><a href=\"https:\/\/www.koenigswinter-cognac.de\/index.php\/koenigswinter-und-cognac-feiern-30-jahre-freundschaft\/\" title=\"K\u00f6nigswinter und Cognac feiern 30 Jahre Freundschaft\"><img loading=\"lazy\" decoding=\"async\" width=\"420\" height=\"261\" src=\"https:\/\/www.koenigswinter-cognac.de\/wp-content\/uploads\/2019\/09\/20190928-Enth\u00fcllung-730-420x261.jpg\" class=\"attachment-blog-threecol size-blog-threecol wp-post-image\" alt=\"\" title=\"K\u00f6nigswinter und Cognac feiern 30 Jahre Freundschaft\" \/><div class=\"blog-overlay\"><span class=\"image-overlay-inside\"><\/span><\/div><\/a><\/div><div class=\"entry-meta\"><div class=\"date\">28 Sep. 2019<\/div><\/div><div class=\"entry-title\"><h4><a href=\"https:\/\/www.koenigswinter-cognac.de\/index.php\/koenigswinter-und-cognac-feiern-30-jahre-freundschaft\/\">K\u00f6nigswinter und Cognac feiern 30 Jahre Freundschaft<\/a><\/h4><\/div><div class=\"entry-body\"><p>Mit einem Festakt im Jardin Public in Cognac feierten B\u00fcrger beider St\u00e4dte ihre 30-j\u00e4hrige Freundschaft. Im Beisein der Altb\u00fcrgermeister...<\/p><div class=\"entry-metadata\">by <a href=\"https:\/\/www.koenigswinter-cognac.de\/index.php\/author\/KWCognac1989\/\">PV K\u00f6nigswinter - Cognac<\/a> \/ <a href=\"https:\/\/www.koenigswinter-cognac.de\/index.php\/category\/2019\/\" title=\"View all posts in 2019\">2019<\/a>, <a href=\"https:\/\/www.koenigswinter-cognac.de\/index.php\/category\/neuigkeiten\/\" title=\"View all posts in Neuigkeiten\">Neuigkeiten<\/a> \/ <a href=\"https:\/\/www.koenigswinter-cognac.de\/index.php\/koenigswinter-und-cognac-feiern-30-jahre-freundschaft\/\/#comments\">No Comments<\/a><\/div><\/div><\/div><\/article><\/div><div class=\"column dt-sc-one-third\"><article id=\"post-22001\" class=\"blog-entry post-22001 post type-post status-publish format-aside has-post-thumbnail hentry category-156 category-neuigkeiten post_format-post-format-aside\"><div class=\"blog-entry-inner\"><div class=\"entry-thumb\"><a href=\"https:\/\/www.koenigswinter-cognac.de\/index.php\/boule-turnier-am-14-juli-anmeldung-erforderlich\/\" title=\"Boule-Turnier am 14. Juli &#8211; eine runde Sache\"><img loading=\"lazy\" decoding=\"async\" width=\"420\" height=\"261\" src=\"https:\/\/www.koenigswinter-cognac.de\/wp-content\/uploads\/2019\/06\/Logo-Boule-730-420x261.jpg\" class=\"attachment-blog-threecol size-blog-threecol wp-post-image\" alt=\"\" title=\"Boule-Turnier am 14. Juli &#8211; eine runde Sache\" \/><div class=\"blog-overlay\"><span class=\"image-overlay-inside\"><\/span><\/div><\/a><\/div><div class=\"entry-meta\"><div class=\"date\">14 Juli 2019<\/div><\/div><div class=\"entry-title\"><h4><a href=\"https:\/\/www.koenigswinter-cognac.de\/index.php\/boule-turnier-am-14-juli-anmeldung-erforderlich\/\">Boule-Turnier am 14. Juli &#8211; eine runde Sache<\/a><\/h4><\/div><div class=\"entry-body\"><p>Einer Tradition folgend, trafen sich Mitglieder und Freunde des Partnerschaftsvereins K\u00f6nigswinter-Cognac am Franz\u00f6sischen Nationalfeiertag zum Boule-Turnier im B\u00fcrgerpark in...<\/p><div class=\"entry-metadata\">by <a href=\"https:\/\/www.koenigswinter-cognac.de\/index.php\/author\/KWCognac1989\/\">PV K\u00f6nigswinter - Cognac<\/a> \/ <a href=\"https:\/\/www.koenigswinter-cognac.de\/index.php\/category\/2019\/\" title=\"View all posts in 2019\">2019<\/a>, <a href=\"https:\/\/www.koenigswinter-cognac.de\/index.php\/category\/neuigkeiten\/\" title=\"View all posts in Neuigkeiten\">Neuigkeiten<\/a> \/ <a href=\"https:\/\/www.koenigswinter-cognac.de\/index.php\/boule-turnier-am-14-juli-anmeldung-erforderlich\/\/#comments\">No Comments<\/a><\/div><\/div><\/div><\/article><\/div><div class=\"column dt-sc-one-third first\"><article id=\"post-25593\" class=\"blog-entry post-25593 post type-post status-publish format-aside has-post-thumbnail hentry category-156 category-neuigkeiten post_format-post-format-aside\"><div class=\"blog-entry-inner\"><div class=\"entry-thumb\"><a href=\"https:\/\/www.koenigswinter-cognac.de\/index.php\/alambic-im-bahnhof-koenigswinter\/\" title=\"Alambic im Bahnhof K\u00f6nigswinter\"><img loading=\"lazy\" decoding=\"async\" width=\"420\" height=\"261\" src=\"https:\/\/www.koenigswinter-cognac.de\/wp-content\/uploads\/2019\/07\/Alambic-Bahnhof-730-420x261.jpg\" class=\"attachment-blog-threecol size-blog-threecol wp-post-image\" alt=\"\" title=\"Alambic im Bahnhof K\u00f6nigswinter\" \/><div class=\"blog-overlay\"><span class=\"image-overlay-inside\"><\/span><\/div><\/a><\/div><div class=\"entry-meta\"><div class=\"date\">01 Juli 2019<\/div><\/div><div class=\"entry-title\"><h4><a href=\"https:\/\/www.koenigswinter-cognac.de\/index.php\/alambic-im-bahnhof-koenigswinter\/\">Alambic im Bahnhof K\u00f6nigswinter<\/a><\/h4><\/div><div class=\"entry-body\"><p>Nach einem langen Dornr\u00f6schenschlaf ist der Bahnhof in der K\u00f6nigswinterer Altstadt wieder ge\u00f6ffnet. Fr\u00fcher kaufte man dort Fahrkarten oder...<\/p><div class=\"entry-metadata\">by <a href=\"https:\/\/www.koenigswinter-cognac.de\/index.php\/author\/KWCognac1989\/\">PV K\u00f6nigswinter - Cognac<\/a> \/ <a href=\"https:\/\/www.koenigswinter-cognac.de\/index.php\/category\/2019\/\" title=\"View all posts in 2019\">2019<\/a>, <a href=\"https:\/\/www.koenigswinter-cognac.de\/index.php\/category\/neuigkeiten\/\" title=\"View all posts in Neuigkeiten\">Neuigkeiten<\/a> \/ <a href=\"https:\/\/www.koenigswinter-cognac.de\/index.php\/alambic-im-bahnhof-koenigswinter\/\/#comments\">No Comments<\/a><\/div><\/div><\/div><\/article><\/div><div class=\"column dt-sc-one-third\"><article id=\"post-17994\" class=\"blog-entry post-17994 post type-post status-publish format-aside has-post-thumbnail hentry category-156 category-neuigkeiten category-uncategorized post_format-post-format-aside\"><div class=\"blog-entry-inner\"><div class=\"entry-thumb\"><a href=\"https:\/\/www.koenigswinter-cognac.de\/index.php\/cognacer-schueler-besuchen-koenigswinter-2\/\" title=\"Cognacer Sch\u00fcler besuchen K\u00f6nigswinter\"><img loading=\"lazy\" decoding=\"async\" width=\"420\" height=\"261\" src=\"https:\/\/www.koenigswinter-cognac.de\/wp-content\/uploads\/2019\/04\/20190405-Sch\u00fcleraustausch-730-420x261.jpg\" class=\"attachment-blog-threecol size-blog-threecol wp-post-image\" alt=\"\" title=\"Cognacer Sch\u00fcler besuchen K\u00f6nigswinter\" \/><div class=\"blog-overlay\"><span class=\"image-overlay-inside\"><\/span><\/div><\/a><\/div><div class=\"entry-meta\"><div class=\"date\">05 Apr. 2019<\/div><\/div><div class=\"entry-title\"><h4><a href=\"https:\/\/www.koenigswinter-cognac.de\/index.php\/cognacer-schueler-besuchen-koenigswinter-2\/\">Cognacer Sch\u00fcler besuchen K\u00f6nigswinter<\/a><\/h4><\/div><div class=\"entry-body\"><p>Auch in diesem Jahr besuchte eine Gruppe Cognacer Sch\u00fcler K\u00f6nigswinter. Vertreter der Stadt und des Partnerschaftsvereins hei\u00dfen sie im...<\/p><div class=\"entry-metadata\">by <a href=\"https:\/\/www.koenigswinter-cognac.de\/index.php\/author\/kwcognac\/\">PV K\u00f6nigswinter - Cognac<\/a> \/ <a href=\"https:\/\/www.koenigswinter-cognac.de\/index.php\/category\/2019\/\" title=\"View all posts in 2019\">2019<\/a>, <a href=\"https:\/\/www.koenigswinter-cognac.de\/index.php\/category\/neuigkeiten\/\" title=\"View all posts in Neuigkeiten\">Neuigkeiten<\/a>, <a href=\"https:\/\/www.koenigswinter-cognac.de\/index.php\/category\/uncategorized\/\" title=\"View all posts in Uncategorized\">Uncategorized<\/a> \/ <a href=\"https:\/\/www.koenigswinter-cognac.de\/index.php\/cognacer-schueler-besuchen-koenigswinter-2\/\/#comments\">No Comments<\/a><\/div><\/div><\/div><\/article><\/div><\/div><div class=\"dt-sc-hr-border\"><\/div>\t<\/div><\/div>\n","protected":false},"excerpt":{"rendered":"<p>Auch in diesem Jahr besuchte eine Gruppe Cognacer Sch\u00fcler K\u00f6nigswinter. Vertreter der Stadt und des Partnerschaftsvereins hei\u00dfen sie im Heimatmuseum willkommen.<br \/>\nBericht des <a href=\"http:\/\/www.general-anzeiger-bonn.de\/region\/siebengebirge\/koenigswinter\/Programm-mit-Drachenfels-und-Dom-article4092809.html\">General-Anzeiger Bonn<\/a><br \/>\nBild: GA<\/p>\n","protected":false},"author":1,"featured_media":0,"parent":5981,"menu_order":0,"comment_status":"closed","ping_status":"closed","template":"","meta":{"footnotes":""},"class_list":["post-8084","page","type-page","status-publish","hentry"],"_links":{"self":[{"href":"https:\/\/www.koenigswinter-cognac.de\/index.php\/wp-json\/wp\/v2\/pages\/8084","targetHints":{"allow":["GET"]}}],"collection":[{"href":"https:\/\/www.koenigswinter-cognac.de\/index.php\/wp-json\/wp\/v2\/pages"}],"about":[{"href":"https:\/\/www.koenigswinter-cognac.de\/index.php\/wp-json\/wp\/v2\/types\/page"}],"author":[{"embeddable":true,"href":"https:\/\/www.koenigswinter-cognac.de\/index.php\/wp-json\/wp\/v2\/users\/1"}],"replies":[{"embeddable":true,"href":"https:\/\/www.koenigswinter-cognac.de\/index.php\/wp-json\/wp\/v2\/comments?post=8084"}],"version-history":[{"count":2,"href":"https:\/\/www.koenigswinter-cognac.de\/index.php\/wp-json\/wp\/v2\/pages\/8084\/revisions"}],"predecessor-version":[{"id":8104,"href":"https:\/\/www.koenigswinter-cognac.de\/index.php\/wp-json\/wp\/v2\/pages\/8084\/revisions\/8104"}],"up":[{"embeddable":true,"href":"https:\/\/www.koenigswinter-cognac.de\/index.php\/wp-json\/wp\/v2\/pages\/5981"}],"wp:attachment":[{"href":"https:\/\/www.koenigswinter-cognac.de\/index.php\/wp-json\/wp\/v2\/media?parent=8084"}],"curies":[{"name":"wp","href":"https:\/\/api.w.org\/{rel}","templated":true}]}}